{"id":70942,"date":"2025-02-11T14:35:05","date_gmt":"2025-02-11T14:35:05","guid":{"rendered":"https:\/\/brandss.com.py\/index\/?post_type=product&#038;p=70942"},"modified":"2025-02-11T14:35:41","modified_gmt":"2025-02-11T14:35:41","slug":"camiseta-deportivo-femenino-adidas-3-stripes-mangas-largas-de-natacion","status":"publish","type":"product","link":"https:\/\/brandss.com.py\/index\/producto\/camiseta-deportivo-femenino-adidas-3-stripes-mangas-largas-de-natacion\/","title":{"rendered":"CAMISETA DEPORTIVO FEMENINO ADIDAS 3 STRIPES MANGAS LARGAS DE NATACION"},"content":{"rendered":"<h3 class=\"subtitle___9ljbp\"><img decoding=\"async\" src=\"https:\/\/encrypted-tbn0.gstatic.com\/images?q=tbn:ANd9GcSGLJC-hmcfN9t5pvZRmFrTBktTfr4lpdWKTA&amp;s\" alt=\"Archivo:Adidas Logo.svg - Wikipedia, la enciclopedia libre\" \/><\/h3>\n<h1>GV3346<\/h1>\n<h3 class=\"subtitle___9ljbp\">Una camiseta de ba\u00f1o de manga larga hecha para una cobertura total.<\/h3>\n<p class=\"gl-vspace\">Cuando la cobertura es una prioridad, echa mano de esta camiseta de ba\u00f1o de manga larga adidas. El soporte interior del busto con acolchado extra\u00edble proporciona soporte y una sensaci\u00f3n de seguridad. Los botones interiores en la cadera te dan la opci\u00f3n de unirlo a los pantalones a juego para que permanezca en su lugar mientras te mueves. El tejido Infinitex Fitness Eco es resistente al cloro y est\u00e1 fabricado con materiales reciclados. Esta prenda est\u00e1 confeccionada en tejido resistente al cloro que cuenta con hilo regenerado ECONYL\u00ae.<\/p>\n<div class=\"care-instructions___3scEd\">\n<h4 class=\"care-title___2YJe1 gl-no-margin-bottom\">Instrucciones de lavado<\/h4>\n<ul>\n<li class=\"gl-vspace-bpall-small\"><img loading=\"lazy\" decoding=\"async\" src=\"https:\/\/www.adidas.com\/glass\/react\/a09b19f\/assets\/img\/washing-instructions\/B1.svg\" alt=\"\" width=\"24\" height=\"24\" \/><span>No usar lej\u00eda<\/span><\/li>\n<li class=\"gl-vspace-bpall-small\"><img loading=\"lazy\" decoding=\"async\" src=\"https:\/\/www.adidas.com\/glass\/react\/a09b19f\/assets\/img\/washing-instructions\/C1.svg\" alt=\"\" width=\"24\" height=\"24\" \/><span>No secar en secadora<\/span><\/li>\n<li class=\"gl-vspace-bpall-small\"><img loading=\"lazy\" decoding=\"async\" src=\"https:\/\/www.adidas.com\/glass\/react\/a09b19f\/assets\/img\/washing-instructions\/E1.svg\" alt=\"\" width=\"24\" height=\"24\" \/><span>No lavar en seco<\/span><\/li>\n<li class=\"gl-vspace-bpall-small\"><img loading=\"lazy\" decoding=\"async\" src=\"https:\/\/www.adidas.com\/glass\/react\/a09b19f\/assets\/img\/washing-instructions\/D1.svg\" alt=\"\" width=\"24\" height=\"24\" \/><span>No planchar<\/span><\/li>\n<li class=\"gl-vspace-bpall-small\"><img loading=\"lazy\" decoding=\"async\" src=\"https:\/\/www.adidas.com\/glass\/react\/a09b19f\/assets\/img\/washing-instructions\/A4.svg\" alt=\"\" width=\"24\" height=\"24\" \/><span>Lavar a m\u00e1quina en fr\u00edo ciclo delicado<\/span><\/li>\n<\/ul>\n<\/div>\n<div class=\"extra-instructions___2TR8b\">\n<h4 class=\"care-title___2YJe1 gl-no-margin-bottom\">Informaci\u00f3n adicional sobre el cuidado<\/h4>\n<ul class=\"gl-list margin___QweXS\">\n<li class=\"gl-vspace-bpall-small\">No use suavizante de telas<\/li>\n<li class=\"gl-vspace-bpall-small\">Lavar con los sujetadores cerrados<\/li>\n<li class=\"gl-vspace-bpall-small\">Qu\u00edtese las almohadillas del sost\u00e9n antes de lavarlas<\/li>\n<li class=\"gl-vspace-bpall-small\">No lo guarde cuando est\u00e9 mojado<\/li>\n<\/ul>\n<\/div>\n","protected":false},"excerpt":{"rendered":"<p>GV3346 Una camiseta de ba\u00f1o de manga larga hecha para una cobertura total. Cuando la cobertura es una prioridad, echa<\/p>\n","protected":false},"featured_media":70943,"comment_status":"open","ping_status":"closed","template":"","meta":{"nf_dc_page":""},"product_brand":[],"product_cat":[73],"product_tag":[],"class_list":{"0":"post-70942","1":"product","2":"type-product","3":"status-publish","4":"has-post-thumbnail","6":"product_cat-femenino","8":"first","9":"instock","10":"shipping-taxable","11":"purchasable","12":"product-type-simple"},"_links":{"self":[{"href":"https:\/\/brandss.com.py\/index\/wp-json\/wp\/v2\/product\/70942","targetHints":{"allow":["GET"]}}],"collection":[{"href":"https:\/\/brandss.com.py\/index\/wp-json\/wp\/v2\/product"}],"about":[{"href":"https:\/\/brandss.com.py\/index\/wp-json\/wp\/v2\/types\/product"}],"replies":[{"embeddable":true,"href":"https:\/\/brandss.com.py\/index\/wp-json\/wp\/v2\/comments?post=70942"}],"version-history":[{"count":1,"href":"https:\/\/brandss.com.py\/index\/wp-json\/wp\/v2\/product\/70942\/revisions"}],"predecessor-version":[{"id":70947,"href":"https:\/\/brandss.com.py\/index\/wp-json\/wp\/v2\/product\/70942\/revisions\/70947"}],"wp:featuredmedia":[{"embeddable":true,"href":"https:\/\/brandss.com.py\/index\/wp-json\/wp\/v2\/media\/70943"}],"wp:attachment":[{"href":"https:\/\/brandss.com.py\/index\/wp-json\/wp\/v2\/media?parent=70942"}],"wp:term":[{"taxonomy":"product_brand","embeddable":true,"href":"https:\/\/brandss.com.py\/index\/wp-json\/wp\/v2\/product_brand?post=70942"},{"taxonomy":"product_cat","embeddable":true,"href":"https:\/\/brandss.com.py\/index\/wp-json\/wp\/v2\/product_cat?post=70942"},{"taxonomy":"product_tag","embeddable":true,"href":"https:\/\/brandss.com.py\/index\/wp-json\/wp\/v2\/product_tag?post=70942"}],"curies":[{"name":"wp","href":"https:\/\/api.w.org\/{rel}","templated":true}]}}