{"id":71009,"date":"2025-02-11T18:06:16","date_gmt":"2025-02-11T18:06:16","guid":{"rendered":"https:\/\/brandss.com.py\/index\/?post_type=product&#038;p=71009"},"modified":"2025-02-11T18:07:25","modified_gmt":"2025-02-11T18:07:25","slug":"calazado-deportivo-juvenil-adidas-ozelia","status":"publish","type":"product","link":"https:\/\/brandss.com.py\/index\/producto\/calazado-deportivo-juvenil-adidas-ozelia\/","title":{"rendered":"CALZADO DEPORTIVO JUVENIL ADIDAS OZELIA"},"content":{"rendered":"<p><img decoding=\"async\" src=\"https:\/\/encrypted-tbn0.gstatic.com\/images?q=tbn:ANd9GcSGLJC-hmcfN9t5pvZRmFrTBktTfr4lpdWKTA&amp;s\" alt=\"Archivo:Adidas Logo.svg - Wikipedia, la enciclopedia libre\" \/><\/p>\n<h1>GV8951<\/h1>\n<p data-start=\"40\" data-end=\"254\">Estan dise\u00f1adas para j\u00f3venes, fusionando un estilo retro de los a\u00f1os 90 con elementos modernos para ofrecer comodidad y un dise\u00f1o llamativo.<\/p>\n<p data-start=\"256\" data-end=\"288\"><strong data-start=\"256\" data-end=\"288\">Caracter\u00edsticas principales:<\/strong><\/p>\n<ul data-start=\"290\" data-end=\"976\">\n<li data-start=\"290\" data-end=\"427\">\n<p data-start=\"292\" data-end=\"427\"><strong data-start=\"292\" data-end=\"303\">Dise\u00f1o:<\/strong> Presentan una silueta robusta inspirada en los modelos de running de los a\u00f1os 90, con l\u00edneas fluidas y detalles llamativos.<\/p>\n<\/li>\n<li data-start=\"429\" data-end=\"584\">\n<p data-start=\"431\" data-end=\"584\"><strong data-start=\"431\" data-end=\"446\">Materiales:<\/strong> La parte superior est\u00e1 confeccionada en una combinaci\u00f3n de malla y superposiciones sint\u00e9ticas, proporcionando transpirabilidad y soporte.<\/p>\n<\/li>\n<li data-start=\"586\" data-end=\"738\">\n<p data-start=\"588\" data-end=\"738\"><strong data-start=\"588\" data-end=\"606\">Amortiguaci\u00f3n:<\/strong> Incorporan la tecnolog\u00eda Adiprene en la entresuela, ofreciendo una excelente absorci\u00f3n de impactos y comodidad durante todo el d\u00eda.<\/p>\n<\/li>\n<li data-start=\"740\" data-end=\"827\">\n<p data-start=\"742\" data-end=\"827\"><strong data-start=\"742\" data-end=\"752\">Suela:<\/strong> La suela de goma garantiza durabilidad y tracci\u00f3n en diversas superficies.<\/p>\n<\/li>\n<li data-start=\"829\" data-end=\"976\">\n<p data-start=\"831\" data-end=\"976\"><strong data-start=\"831\" data-end=\"841\">Color:<\/strong> Este modelo en particular viene en una combinaci\u00f3n de colores denominada &#8220;White Pastels&#8221;, que incluye tonos blanco, rosa y azul claro.<\/p>\n<\/li>\n<\/ul>\n<p data-start=\"978\" data-end=\"1081\">Estas zapatillas son ideales para j\u00f3venes que buscan un calzado c\u00f3modo y con estilo para el uso diario.<\/p>\n<p data-start=\"1083\" data-end=\"1205\">Puedes encontrar m\u00e1s informaci\u00f3n y opciones de compra en tiendas en l\u00ednea como GOAT.<\/p>\n<p>&nbsp;<\/p>\n","protected":false},"excerpt":{"rendered":"<p>GV8951 Estan dise\u00f1adas para j\u00f3venes, fusionando un estilo retro de los a\u00f1os 90 con elementos modernos para ofrecer comodidad y<\/p>\n","protected":false},"featured_media":71010,"comment_status":"open","ping_status":"closed","template":"","meta":{"nf_dc_page":""},"product_brand":[],"product_cat":[75],"product_tag":[],"class_list":{"0":"post-71009","1":"product","2":"type-product","3":"status-publish","4":"has-post-thumbnail","6":"product_cat-infantil","8":"first","9":"instock","10":"shipping-taxable","11":"purchasable","12":"product-type-simple"},"_links":{"self":[{"href":"https:\/\/brandss.com.py\/index\/wp-json\/wp\/v2\/product\/71009","targetHints":{"allow":["GET"]}}],"collection":[{"href":"https:\/\/brandss.com.py\/index\/wp-json\/wp\/v2\/product"}],"about":[{"href":"https:\/\/brandss.com.py\/index\/wp-json\/wp\/v2\/types\/product"}],"replies":[{"embeddable":true,"href":"https:\/\/brandss.com.py\/index\/wp-json\/wp\/v2\/comments?post=71009"}],"version-history":[{"count":2,"href":"https:\/\/brandss.com.py\/index\/wp-json\/wp\/v2\/product\/71009\/revisions"}],"predecessor-version":[{"id":71027,"href":"https:\/\/brandss.com.py\/index\/wp-json\/wp\/v2\/product\/71009\/revisions\/71027"}],"wp:featuredmedia":[{"embeddable":true,"href":"https:\/\/brandss.com.py\/index\/wp-json\/wp\/v2\/media\/71010"}],"wp:attachment":[{"href":"https:\/\/brandss.com.py\/index\/wp-json\/wp\/v2\/media?parent=71009"}],"wp:term":[{"taxonomy":"product_brand","embeddable":true,"href":"https:\/\/brandss.com.py\/index\/wp-json\/wp\/v2\/product_brand?post=71009"},{"taxonomy":"product_cat","embeddable":true,"href":"https:\/\/brandss.com.py\/index\/wp-json\/wp\/v2\/product_cat?post=71009"},{"taxonomy":"product_tag","embeddable":true,"href":"https:\/\/brandss.com.py\/index\/wp-json\/wp\/v2\/product_tag?post=71009"}],"curies":[{"name":"wp","href":"https:\/\/api.w.org\/{rel}","templated":true}]}}