{"id":71028,"date":"2025-02-11T18:29:41","date_gmt":"2025-02-11T18:29:41","guid":{"rendered":"https:\/\/brandss.com.py\/index\/?post_type=product&#038;p=71028"},"modified":"2025-02-11T18:30:33","modified_gmt":"2025-02-11T18:30:33","slug":"calzado-deportivo-femenino-adidas-her-court","status":"publish","type":"product","link":"https:\/\/brandss.com.py\/index\/producto\/calzado-deportivo-femenino-adidas-her-court\/","title":{"rendered":"CALZADO DEPORTIVO FEMENINO ADIDAS HER COURT"},"content":{"rendered":"<p><img loading=\"lazy\" decoding=\"async\" class=\"\" src=\"https:\/\/static.vecteezy.com\/system\/resources\/previews\/014\/414\/689\/non_2x\/adidas-new-logo-on-transparent-background-free-vector.jpg\" alt=\"nuevo logotipo de adidas sobre fondo transparente 14414689 Vector en  Vecteezy\" width=\"104\" height=\"104\" \/><\/p>\n<h1>HER COURT<\/h1>\n<h3 class=\"subtitle___9ljbp\"><span>Zapatos limpios y modernos fabricados en parte con contenido reciclado.<\/span><\/h3>\n<p class=\"gl-vspace\"><span>Palabra clave: versatilidad. El dise\u00f1o minimalista de estas zapatillas adidas te permite combinarlas con cualquier cosa, desde el s\u00e1bado por la noche hasta el lunes por la ma\u00f1ana. Una entresuela gruesa te da un aspecto exagerado. Ve fuerte todo el d\u00eda (o la noche) con total comodidad con una plantilla de espuma afelpada y una parte superior de cuero suave. Fabricadas en parte con contenido reciclado generado a partir de desechos de producci\u00f3n, por ejemplo, restos de corte y desechos dom\u00e9sticos posconsumo, para evitar el mayor impacto ambiental de producir contenido virgen.<\/span><\/p>\n<div class=\"accordion__header-text___2o9Im\">\n<h2 class=\"accordion-title___2sTgR\"><span>Detalles<\/span><\/h2>\n<\/div>\n<div class=\"accordion__header-icon___2FuRa\"><\/div>\n<div class=\"accordion__content___29x9h\">\n<div class=\"content-padding___2kVWQ\">\n<div class=\"bullets___3bsSs\" data-auto-id=\"specifications-section\" data-testid=\"specifications-section\">\n<ul class=\"gl-list\">\n<li class=\"gl-vspace-bpall-small\"><span>Cierre de encaje<\/span><\/li>\n<li class=\"gl-vspace-bpall-small\"><span>Parte superior de cuero<\/span><\/li>\n<li class=\"gl-vspace-bpall-small\"><span>Plantilla de espuma viscoel\u00e1stica<\/span><\/li>\n<li class=\"gl-vspace-bpall-small\"><span>Forro textil<\/span><\/li>\n<li class=\"gl-vspace-bpall-small\"><span>Suela de goma<\/span><\/li>\n<li class=\"gl-vspace-bpall-small\"><span>El 25% de los componentes utilizados para fabricar la parte superior est\u00e1n hechos con un m\u00ednimo del 50% de contenido reciclado.<\/span><\/li>\n<li class=\"gl-vspace-bpall-small\"><span>Color: Blanco nube \/ Blanco nube \/ Negro n\u00facleo<\/span><\/li>\n<li class=\"gl-vspace-bpall-small\"><span>Modelo: GW5364<\/span><\/li>\n<\/ul>\n<\/div>\n<\/div>\n<\/div>\n","protected":false},"excerpt":{"rendered":"<p>HER COURT Zapatos limpios y modernos fabricados en parte con contenido reciclado. Palabra clave: versatilidad. El dise\u00f1o minimalista de estas<\/p>\n","protected":false},"featured_media":71029,"comment_status":"open","ping_status":"closed","template":"","meta":{"nf_dc_page":""},"product_brand":[],"product_cat":[73],"product_tag":[],"class_list":{"0":"post-71028","1":"product","2":"type-product","3":"status-publish","4":"has-post-thumbnail","6":"product_cat-femenino","8":"first","9":"instock","10":"shipping-taxable","11":"purchasable","12":"product-type-simple"},"_links":{"self":[{"href":"https:\/\/brandss.com.py\/index\/wp-json\/wp\/v2\/product\/71028","targetHints":{"allow":["GET"]}}],"collection":[{"href":"https:\/\/brandss.com.py\/index\/wp-json\/wp\/v2\/product"}],"about":[{"href":"https:\/\/brandss.com.py\/index\/wp-json\/wp\/v2\/types\/product"}],"replies":[{"embeddable":true,"href":"https:\/\/brandss.com.py\/index\/wp-json\/wp\/v2\/comments?post=71028"}],"version-history":[{"count":1,"href":"https:\/\/brandss.com.py\/index\/wp-json\/wp\/v2\/product\/71028\/revisions"}],"predecessor-version":[{"id":71039,"href":"https:\/\/brandss.com.py\/index\/wp-json\/wp\/v2\/product\/71028\/revisions\/71039"}],"wp:featuredmedia":[{"embeddable":true,"href":"https:\/\/brandss.com.py\/index\/wp-json\/wp\/v2\/media\/71029"}],"wp:attachment":[{"href":"https:\/\/brandss.com.py\/index\/wp-json\/wp\/v2\/media?parent=71028"}],"wp:term":[{"taxonomy":"product_brand","embeddable":true,"href":"https:\/\/brandss.com.py\/index\/wp-json\/wp\/v2\/product_brand?post=71028"},{"taxonomy":"product_cat","embeddable":true,"href":"https:\/\/brandss.com.py\/index\/wp-json\/wp\/v2\/product_cat?post=71028"},{"taxonomy":"product_tag","embeddable":true,"href":"https:\/\/brandss.com.py\/index\/wp-json\/wp\/v2\/product_tag?post=71028"}],"curies":[{"name":"wp","href":"https:\/\/api.w.org\/{rel}","templated":true}]}}