{"id":71038,"date":"2025-02-11T18:32:50","date_gmt":"2025-02-11T18:32:50","guid":{"rendered":"https:\/\/brandss.com.py\/index\/?post_type=product&#038;p=71038"},"modified":"2025-04-30T17:58:41","modified_gmt":"2025-04-30T17:58:41","slug":"calzado-deportivo-masculino-adidas-ultraboost-dna-lion-dance","status":"publish","type":"product","link":"https:\/\/brandss.com.py\/index\/producto\/calzado-deportivo-masculino-adidas-ultraboost-dna-lion-dance\/","title":{"rendered":"CALZADO DEPORTIVO MASCULINO ADIDAS ULTRABOOST DNA LION DANCE"},"content":{"rendered":"<p><img decoding=\"async\" src=\"https:\/\/encrypted-tbn0.gstatic.com\/images?q=tbn:ANd9GcSGLJC-hmcfN9t5pvZRmFrTBktTfr4lpdWKTA&amp;s\" alt=\"Archivo:Adidas Logo.svg - Wikipedia, la enciclopedia libre\" \/><\/p>\n<h1>GV9806<\/h1>\n<p data-start=\"0\" data-end=\"301\">son una edici\u00f3n especial inspirada en la danza del le\u00f3n, una tradici\u00f3n del A\u00f1o Nuevo Chino que simboliza buena suerte y prosperidad. Este modelo fusiona la est\u00e9tica vibrante de la festividad con la comodidad y rendimiento caracter\u00edsticos de los UltraBoost.<\/p>\n<h3 data-start=\"303\" data-end=\"341\"><strong data-start=\"307\" data-end=\"339\">Caracter\u00edsticas\u00a0<\/strong><\/h3>\n<ul data-start=\"343\" data-end=\"1532\">\n<li data-start=\"343\" data-end=\"633\">\n<p data-start=\"345\" data-end=\"633\"><strong data-start=\"345\" data-end=\"376\">Dise\u00f1o Cultural y Detallado<\/strong><br data-start=\"376\" data-end=\"379\" \/>Inspirados en los trajes tradicionales utilizados en la danza del le\u00f3n, los tenis presentan una combinaci\u00f3n de colores llamativos y patrones \u00fanicos. En el tal\u00f3n, llevan una leng\u00fceta decorativa que simula las borlas presentes en los disfraces de le\u00f3n.<\/p>\n<\/li>\n<li data-start=\"635\" data-end=\"852\">\n<p data-start=\"637\" data-end=\"852\"><strong data-start=\"637\" data-end=\"678\">Materiales Premium y Transpirabilidad<\/strong><br data-start=\"678\" data-end=\"681\" \/>La parte superior est\u00e1 confeccionada en <strong data-start=\"723\" data-end=\"736\">Primeknit<\/strong>, un tejido flexible y transpirable que se adapta al pie como un calcet\u00edn, ofreciendo comodidad sin restricciones.<\/p>\n<\/li>\n<li data-start=\"854\" data-end=\"1095\">\n<p data-start=\"856\" data-end=\"1095\"><strong data-start=\"856\" data-end=\"904\">Amortiguaci\u00f3n y Energ\u00eda con Tecnolog\u00eda Boost<\/strong><br data-start=\"904\" data-end=\"907\" \/>La entresuela est\u00e1 equipada con <strong data-start=\"941\" data-end=\"961\">tecnolog\u00eda Boost<\/strong>, que proporciona un retorno de energ\u00eda excepcional en cada pisada, absorbiendo impactos y mejorando el confort durante todo el d\u00eda.<\/p>\n<\/li>\n<li data-start=\"1097\" data-end=\"1286\">\n<p data-start=\"1099\" data-end=\"1286\"><strong data-start=\"1099\" data-end=\"1141\">Suela Continental para M\u00e1xima Tracci\u00f3n<\/strong><br data-start=\"1141\" data-end=\"1144\" \/>La suela de goma <strong data-start=\"1163\" data-end=\"1179\">Continental\u2122<\/strong> brinda un excelente agarre en distintas superficies, mejorando la estabilidad y durabilidad del calzado.<\/p>\n<\/li>\n<li data-start=\"1288\" data-end=\"1532\">\n<p data-start=\"1290\" data-end=\"1532\"><strong data-start=\"1290\" data-end=\"1334\">Edici\u00f3n Limitada con Detalles Exclusivos<\/strong><br data-start=\"1334\" data-end=\"1337\" \/>Elementos gr\u00e1ficos en la leng\u00fceta y la plantilla con referencias a la danza del le\u00f3n, adem\u00e1s de detalles en color dorado y rojo que simbolizan prosperidad y buena fortuna en la cultura china.<\/p>\n<\/li>\n<\/ul>\n","protected":false},"excerpt":{"rendered":"<p>GV9806 son una edici\u00f3n especial inspirada en la danza del le\u00f3n, una tradici\u00f3n del A\u00f1o Nuevo Chino que simboliza buena<\/p>\n","protected":false},"featured_media":71040,"comment_status":"open","ping_status":"closed","template":"","meta":{"nf_dc_page":""},"product_brand":[],"product_cat":[76],"product_tag":[],"class_list":{"0":"post-71038","1":"product","2":"type-product","3":"status-publish","4":"has-post-thumbnail","6":"product_cat-masculino","8":"first","9":"instock","10":"shipping-taxable","11":"purchasable","12":"product-type-simple"},"_links":{"self":[{"href":"https:\/\/brandss.com.py\/index\/wp-json\/wp\/v2\/product\/71038","targetHints":{"allow":["GET"]}}],"collection":[{"href":"https:\/\/brandss.com.py\/index\/wp-json\/wp\/v2\/product"}],"about":[{"href":"https:\/\/brandss.com.py\/index\/wp-json\/wp\/v2\/types\/product"}],"replies":[{"embeddable":true,"href":"https:\/\/brandss.com.py\/index\/wp-json\/wp\/v2\/comments?post=71038"}],"version-history":[{"count":1,"href":"https:\/\/brandss.com.py\/index\/wp-json\/wp\/v2\/product\/71038\/revisions"}],"predecessor-version":[{"id":71046,"href":"https:\/\/brandss.com.py\/index\/wp-json\/wp\/v2\/product\/71038\/revisions\/71046"}],"wp:featuredmedia":[{"embeddable":true,"href":"https:\/\/brandss.com.py\/index\/wp-json\/wp\/v2\/media\/71040"}],"wp:attachment":[{"href":"https:\/\/brandss.com.py\/index\/wp-json\/wp\/v2\/media?parent=71038"}],"wp:term":[{"taxonomy":"product_brand","embeddable":true,"href":"https:\/\/brandss.com.py\/index\/wp-json\/wp\/v2\/product_brand?post=71038"},{"taxonomy":"product_cat","embeddable":true,"href":"https:\/\/brandss.com.py\/index\/wp-json\/wp\/v2\/product_cat?post=71038"},{"taxonomy":"product_tag","embeddable":true,"href":"https:\/\/brandss.com.py\/index\/wp-json\/wp\/v2\/product_tag?post=71038"}],"curies":[{"name":"wp","href":"https:\/\/api.w.org\/{rel}","templated":true}]}}