{"id":71047,"date":"2025-02-11T18:53:56","date_gmt":"2025-02-11T18:53:56","guid":{"rendered":"https:\/\/brandss.com.py\/index\/?post_type=product&#038;p=71047"},"modified":"2025-05-03T10:39:26","modified_gmt":"2025-05-03T10:39:26","slug":"calzado-deportivo-masculino-adidas-retropy-f2","status":"publish","type":"product","link":"https:\/\/brandss.com.py\/index\/producto\/calzado-deportivo-masculino-adidas-retropy-f2\/","title":{"rendered":"CALZADO DEPORTIVO MASCULINO ADIDAS RETROPY F2"},"content":{"rendered":"<p><img loading=\"lazy\" decoding=\"async\" class=\"\" src=\"https:\/\/static.vecteezy.com\/system\/resources\/previews\/014\/414\/689\/non_2x\/adidas-new-logo-on-transparent-background-free-vector.jpg\" alt=\"nuevo logotipo de adidas sobre fondo transparente 14414689 Vector en  Vecteezy\" width=\"105\" height=\"105\" \/><\/p>\n<h1>RETROPY F2<\/h1>\n<h3 class=\"subtitle___9ljbp\"><span>Calzados inspirados en el running con una forma y estilo modernos.<\/span><\/h3>\n<p class=\"gl-vspace\"><span>Te gusta estar un paso por delante. Estos calzados adidas Retropy F2 combinan un estilo retro con un dise\u00f1o moderno y est\u00e1n ah\u00ed para ti. Inspiradas en el estilo de running de los a\u00f1os 80, lucen una parte superior con una combinaci\u00f3n de materiales en capas. La forma elegante y la entresuela gruesa de EVA las hacen ideales para la actualidad.<\/span><\/p>\n<div class=\"accordion__header-text___2o9Im\">\n<h2 class=\"accordion-title___2sTgR\"><span>Detalles<\/span><\/h2>\n<\/div>\n<div class=\"accordion__header-icon___2FuRa\"><\/div>\n<div class=\"accordion__content___29x9h\">\n<div class=\"content-padding___2kVWQ\">\n<div class=\"bullets___3bsSs\" data-auto-id=\"specifications-section\" data-testid=\"specifications-section\">\n<ul class=\"gl-list\">\n<li class=\"gl-vspace-bpall-small\"><span>Cierre de encaje.<\/span><\/li>\n<li class=\"gl-vspace-bpall-small\"><span>Parte superior textil con capas de gamuza cosidas.<\/span><\/li>\n<li class=\"gl-vspace-bpall-small\"><span>Forro textil.<\/span><\/li>\n<li class=\"gl-vspace-bpall-small\"><span>Entresuela de EVA.<\/span><\/li>\n<li class=\"gl-vspace-bpall-small\"><span>Suela de goma.<\/span><\/li>\n<li class=\"gl-vspace-bpall-small\"><span>Color: Blanco nube \/ Negro n\u00facleo \/ Negro n\u00facleo.<\/span><\/li>\n<li class=\"gl-vspace-bpall-small\"><span>Modelo: GW5473.<\/span><\/li>\n<\/ul>\n<\/div>\n<\/div>\n<\/div>\n","protected":false},"excerpt":{"rendered":"<p>RETROPY F2 Calzados inspirados en el running con una forma y estilo modernos. Te gusta estar un paso por delante.<\/p>\n","protected":false},"featured_media":71048,"comment_status":"open","ping_status":"closed","template":"","meta":{"nf_dc_page":""},"product_brand":[],"product_cat":[76],"product_tag":[],"class_list":{"0":"post-71047","1":"product","2":"type-product","3":"status-publish","4":"has-post-thumbnail","6":"product_cat-masculino","8":"first","9":"instock","10":"shipping-taxable","11":"purchasable","12":"product-type-simple"},"_links":{"self":[{"href":"https:\/\/brandss.com.py\/index\/wp-json\/wp\/v2\/product\/71047","targetHints":{"allow":["GET"]}}],"collection":[{"href":"https:\/\/brandss.com.py\/index\/wp-json\/wp\/v2\/product"}],"about":[{"href":"https:\/\/brandss.com.py\/index\/wp-json\/wp\/v2\/types\/product"}],"replies":[{"embeddable":true,"href":"https:\/\/brandss.com.py\/index\/wp-json\/wp\/v2\/comments?post=71047"}],"version-history":[{"count":1,"href":"https:\/\/brandss.com.py\/index\/wp-json\/wp\/v2\/product\/71047\/revisions"}],"predecessor-version":[{"id":71057,"href":"https:\/\/brandss.com.py\/index\/wp-json\/wp\/v2\/product\/71047\/revisions\/71057"}],"wp:featuredmedia":[{"embeddable":true,"href":"https:\/\/brandss.com.py\/index\/wp-json\/wp\/v2\/media\/71048"}],"wp:attachment":[{"href":"https:\/\/brandss.com.py\/index\/wp-json\/wp\/v2\/media?parent=71047"}],"wp:term":[{"taxonomy":"product_brand","embeddable":true,"href":"https:\/\/brandss.com.py\/index\/wp-json\/wp\/v2\/product_brand?post=71047"},{"taxonomy":"product_cat","embeddable":true,"href":"https:\/\/brandss.com.py\/index\/wp-json\/wp\/v2\/product_cat?post=71047"},{"taxonomy":"product_tag","embeddable":true,"href":"https:\/\/brandss.com.py\/index\/wp-json\/wp\/v2\/product_tag?post=71047"}],"curies":[{"name":"wp","href":"https:\/\/api.w.org\/{rel}","templated":true}]}}