{"id":71059,"date":"2025-02-12T10:49:17","date_gmt":"2025-02-12T10:49:17","guid":{"rendered":"https:\/\/brandss.com.py\/index\/?post_type=product&#038;p=71059"},"modified":"2025-02-12T10:49:55","modified_gmt":"2025-02-12T10:49:55","slug":"calzado-deportivo-femenino-adidas-nmd_r1","status":"publish","type":"product","link":"https:\/\/brandss.com.py\/index\/producto\/calzado-deportivo-femenino-adidas-nmd_r1\/","title":{"rendered":"CALZADO DEPORTIVO FEMENINO ADIDAS NMD_R1"},"content":{"rendered":"<p><img loading=\"lazy\" decoding=\"async\" class=\"\" src=\"https:\/\/encrypted-tbn0.gstatic.com\/images?q=tbn:ANd9GcQIO9HvRepmQOPQJtDj-jBhpxzG3DGQDZuYWA&amp;s\" alt=\"Logotipo de Adidas PNG transparente - StickPNG\" width=\"124\" height=\"78\" \/><\/p>\n<h1>NMD_R1<\/h1>\n<h3 class=\"subtitle___9ljbp\">Tenis de calce f\u00e1cil NMD_R1, hechos parcialmente con Parley Ocean Plastic<\/h3>\n<p class=\"gl-vspace\">Con estos tenis adidas NMD_R1, tomar\u00e1 cuesti\u00f3n de segundos. En segundos podr\u00e1s salir por la puerta a enfrentar el d\u00eda en total comodidad. Porque el tiempo vuela, estos tenis fueron dise\u00f1ados para seguirte el ritmo a diario gracias a que combinan algunas de las mejores tecnolog\u00edas de adidas. Tecnolog\u00eda BOOST para amortiguaci\u00f3n a lo largo del d\u00eda y un exterior que rodea al pie en comodidad. Y ya que est\u00e1bamos en eso, reemplazamos los cordones con un cierre el\u00e1stico de calce f\u00e1cil. Como ya dijimos, tomar\u00e1 cuesti\u00f3n de segundos.<\/p>\n<div class=\"highlight___3fa4r\">\n<div class=\"highlight-text___lgoJI\">\n<h3 class=\"highlight-text__headline___25B2G\">Transforma el problema en la soluci\u00f3n<\/h3>\n<p>Este producto est\u00e1 hecho parcialmente con Parley Ocean Plastic. Solo una de las muchas innovaciones que respaldan nuestro compromiso con ayudar a ponerle fin a la contaminaci\u00f3n por pl\u00e1sticos.<\/p>\n<\/div>\n<\/div>\n<div class=\"highlight___3fa4r\">\n<div class=\"highlight-text___lgoJI\">\n<h3 class=\"highlight-text__headline___25B2G\">Energ\u00eda ilimitada<\/h3>\n<p>La amortiguaci\u00f3n adidas BOOST ofrece un incre\u00edble retorno de energ\u00eda y brinda comodidad en cada paso.<\/p>\n<\/div>\n<\/div>\n<div class=\"highlight___3fa4r\">\n<div class=\"highlight-text___lgoJI\">\n<h3 class=\"highlight-text__headline___25B2G\">Inserciones NMD en la mediasuela<\/h3>\n<p>Las distintivas inserciones en la mediasuela y el tirador de tal\u00f3n rinden homenaje al pasado de adidas.<\/p>\n<div class=\"accordion__header-text___2o9Im\">\n<h2 class=\"accordion-title___2sTgR\">Detalles<\/h2>\n<\/div>\n<div class=\"accordion__header-icon___2FuRa\"><\/div>\n<div class=\"accordion__content___29x9h\">\n<div class=\"content-padding___2kVWQ\">\n<div class=\"bullets___3bsSs\" data-auto-id=\"specifications-section\" data-testid=\"specifications-section\">\n<ul class=\"gl-list\">\n<li class=\"gl-vspace-bpall-small\">Cierre el\u00e1stico.<\/li>\n<li class=\"gl-vspace-bpall-small\">Exterior textil.<\/li>\n<li class=\"gl-vspace-bpall-small\">Forro interior textil.<\/li>\n<li class=\"gl-vspace-bpall-small\">Mediasuela BOOST.<\/li>\n<li class=\"gl-vspace-bpall-small\">Suela de caucho.<\/li>\n<li class=\"gl-vspace-bpall-small\">El hilo del exterior contiene al menos un 50% de Parley Ocean Plastic y un 50% de poli\u00e9ster reciclado.<\/li>\n<li class=\"gl-vspace-bpall-small\">Color: Core Black \/ Core Black \/ Cloud White.<\/li>\n<li class=\"gl-vspace-bpall-small\">Modelo: GW5698.<\/li>\n<\/ul>\n<\/div>\n<\/div>\n<\/div>\n<\/div>\n<\/div>\n","protected":false},"excerpt":{"rendered":"<p>NMD_R1 Tenis de calce f\u00e1cil NMD_R1, hechos parcialmente con Parley Ocean Plastic Con estos tenis adidas NMD_R1, tomar\u00e1 cuesti\u00f3n de<\/p>\n","protected":false},"featured_media":71060,"comment_status":"open","ping_status":"closed","template":"","meta":{"nf_dc_page":""},"product_brand":[],"product_cat":[73],"product_tag":[],"class_list":{"0":"post-71059","1":"product","2":"type-product","3":"status-publish","4":"has-post-thumbnail","6":"product_cat-femenino","8":"first","9":"instock","10":"shipping-taxable","11":"purchasable","12":"product-type-simple"},"_links":{"self":[{"href":"https:\/\/brandss.com.py\/index\/wp-json\/wp\/v2\/product\/71059","targetHints":{"allow":["GET"]}}],"collection":[{"href":"https:\/\/brandss.com.py\/index\/wp-json\/wp\/v2\/product"}],"about":[{"href":"https:\/\/brandss.com.py\/index\/wp-json\/wp\/v2\/types\/product"}],"replies":[{"embeddable":true,"href":"https:\/\/brandss.com.py\/index\/wp-json\/wp\/v2\/comments?post=71059"}],"version-history":[{"count":1,"href":"https:\/\/brandss.com.py\/index\/wp-json\/wp\/v2\/product\/71059\/revisions"}],"predecessor-version":[{"id":71069,"href":"https:\/\/brandss.com.py\/index\/wp-json\/wp\/v2\/product\/71059\/revisions\/71069"}],"wp:featuredmedia":[{"embeddable":true,"href":"https:\/\/brandss.com.py\/index\/wp-json\/wp\/v2\/media\/71060"}],"wp:attachment":[{"href":"https:\/\/brandss.com.py\/index\/wp-json\/wp\/v2\/media?parent=71059"}],"wp:term":[{"taxonomy":"product_brand","embeddable":true,"href":"https:\/\/brandss.com.py\/index\/wp-json\/wp\/v2\/product_brand?post=71059"},{"taxonomy":"product_cat","embeddable":true,"href":"https:\/\/brandss.com.py\/index\/wp-json\/wp\/v2\/product_cat?post=71059"},{"taxonomy":"product_tag","embeddable":true,"href":"https:\/\/brandss.com.py\/index\/wp-json\/wp\/v2\/product_tag?post=71059"}],"curies":[{"name":"wp","href":"https:\/\/api.w.org\/{rel}","templated":true}]}}