{"id":71102,"date":"2025-02-12T12:58:00","date_gmt":"2025-02-12T12:58:00","guid":{"rendered":"https:\/\/brandss.com.py\/index\/?post_type=product&#038;p=71102"},"modified":"2025-08-16T19:19:23","modified_gmt":"2025-08-16T19:19:23","slug":"calzado-deportivo-unisex-adidas-pureboost-22","status":"publish","type":"product","link":"https:\/\/brandss.com.py\/index\/producto\/calzado-deportivo-unisex-adidas-pureboost-22\/","title":{"rendered":"CALZADO DEPORTIVO UNISEX ADIDAS PUREBOOST 22"},"content":{"rendered":"<p><img loading=\"lazy\" decoding=\"async\" class=\"\" src=\"https:\/\/encrypted-tbn0.gstatic.com\/images?q=tbn:ANd9GcQIO9HvRepmQOPQJtDj-jBhpxzG3DGQDZuYWA&amp;s\" alt=\"Logotipo de Adidas PNG transparente - StickPNG\" width=\"128\" height=\"80\" \/><\/p>\n<h1>PUREBOOST 22<\/h1>\n<h3 class=\"subtitle___9ljbp\"><span>Calzados de running diarias fabricadas en parte con materiales reciclados.<\/span><\/h3>\n<p class=\"gl-vspace\"><span>No tienes que correr mucho para sentir los beneficios del entrenamiento. Ponte estos calzados adidas y estar\u00e1s a solo unos kil\u00f3metros de estar de buen humor. Est\u00e1n dise\u00f1adas para carreras cortas, con una entresuela BOOST que ofrece un incre\u00edble retorno de energ\u00eda en cada paso y una suela Stretchweb que se flexiona de forma natural para una carrera con energ\u00eda.<\/span><\/p>\n<div class=\"highlight___3fa4r\">\n<div class=\"highlight-text___lgoJI\">\n<h3 class=\"highlight-text__headline___25B2G\"><span>Fabricado en parte con materiales reciclados.<\/span><\/h3>\n<p><span>Fabricada con una serie de materiales reciclados, esta parte superior presenta al menos un 50 % de contenido reciclado. Este producto representa solo una de nuestras soluciones para ayudar a terminar con los desechos pl\u00e1sticos.<\/span><\/p>\n<\/div>\n<\/div>\n<div class=\"highlight___3fa4r\">\n<div class=\"highlight-text___lgoJI\">\n<h3 class=\"highlight-text__headline___25B2G\"><span>Energ\u00eda sin fin<\/span><\/h3>\n<p><span>adidas BOOST ofrece un incre\u00edble retorno de energ\u00eda y comodidad instant\u00e1nea en cada paso para que sigas adelante.<\/span><\/p>\n<\/div>\n<\/div>\n<div class=\"highlight___3fa4r\">\n<div class=\"highlight-text___lgoJI\">\n<h3 class=\"highlight-text__headline___25B2G\"><span>Contrafuerte externo del tal\u00f3n<\/span><\/h3>\n<p><span>Un contrafuerte externo del tal\u00f3n fija el pie para un ajuste seguro.<\/span><\/p>\n<\/div>\n<\/div>\n<div class=\"highlight___3fa4r\">\n<div class=\"highlight-text___lgoJI\">\n<h3 class=\"highlight-text__headline___25B2G\">Puro impulso<\/h3>\n<p>La expresi\u00f3n m\u00e1s simple del rendimiento de running de adidas, el Pureboost es un calzado de entrenamiento dise\u00f1ado para distancias cortas y uso diario.<\/p>\n<div class=\"accordion__header-text___2o9Im\">\n<h2 class=\"accordion-title___2sTgR\">Caracter\u00edsticas<\/h2>\n<\/div>\n<div class=\"accordion__header-icon___2FuRa\"><\/div>\n<div class=\"accordion__content___29x9h\">\n<div class=\"content-padding___2kVWQ\">\n<div class=\"features-section___1pumR\">\n<div class=\"item___1X-1_\"><img decoding=\"async\" class=\"img_with_fallback___2aHBu feature-icon___3S9eQ\" src=\"https:\/\/brand.assets.adidas.com\/image\/upload\/short_fb6f1e5aee.png\" alt=\"\" data-auto-id=\"image\" \/><\/p>\n<p class=\"feature-icon-text___3Owgv\">Distancia corta (0 &#8211; 10 Km)<\/p>\n<p class=\"feature-icon-summary-small___31Rc0\">Distancia corta (0 &#8211; 10 Km)<\/p>\n<\/div>\n<div class=\"item___1X-1_\"><img decoding=\"async\" class=\"img_with_fallback___2aHBu feature-icon___3S9eQ\" src=\"https:\/\/brand.assets.adidas.com\/image\/upload\/neutral_16b16d1637.png\" alt=\"\" data-auto-id=\"image\" \/><\/p>\n<p class=\"feature-icon-text___3Owgv\">Neutral<\/p>\n<p class=\"feature-icon-summary-small___31Rc0\">Neutral<\/p>\n<\/div>\n<div class=\"item___1X-1_\"><img decoding=\"async\" class=\"img_with_fallback___2aHBu feature-icon___3S9eQ\" src=\"https:\/\/brand.assets.adidas.com\/image\/upload\/regular_a176d1f2d6.png\" alt=\"\" data-auto-id=\"image\" \/><\/p>\n<p class=\"feature-icon-text___3Owgv\">Unisex de ancho regular<\/p>\n<p class=\"feature-icon-summary-small___31Rc0\">Ancho regular<\/p>\n<\/div>\n<div class=\"special-item___2Ohsx\"><\/div>\n<div class=\"special-item___2Ohsx\">\n<p class=\"feature-icon-summary-small___31Rc0\">\n<h2 class=\"accordion-title___2sTgR\">Detalles<\/h2>\n<\/div>\n<\/div>\n<div class=\"bullets___3bsSs\" data-auto-id=\"specifications-section\" data-testid=\"specifications-section\">\n<ul class=\"gl-list\">\n<li class=\"gl-vspace-bpall-small\">Ajuste regular.<\/li>\n<li class=\"gl-vspace-bpall-small\">Cierre de encaje.<\/li>\n<li class=\"gl-vspace-bpall-small\">Parte superior textil.<\/li>\n<li class=\"gl-vspace-bpall-small\">Entresuela BOOST.<\/li>\n<li class=\"gl-vspace-bpall-small\">Forro textil.<\/li>\n<li class=\"gl-vspace-bpall-small\">Drop de la entresuela: 10 mm (tal\u00f3n: 20 mm \/ antepi\u00e9: 10 mm).<\/li>\n<li class=\"gl-vspace-bpall-small\">Suela Stretchweb.<\/li>\n<li class=\"gl-vspace-bpall-small\">La parte superior contiene un m\u00ednimo de 50% de contenido reciclado.<\/li>\n<li class=\"gl-vspace-bpall-small\">Color: Blanco nube \/ Negro n\u00facleo \/ Gris tres.<\/li>\n<li class=\"gl-vspace-bpall-small\">Modelo: GW8587.<\/li>\n<\/ul>\n<\/div>\n<\/div>\n<\/div>\n<\/div>\n<\/div>\n","protected":false},"excerpt":{"rendered":"<p>PUREBOOST 22 Calzados de running diarias fabricadas en parte con materiales reciclados. No tienes que correr mucho para sentir los<\/p>\n","protected":false},"featured_media":71103,"comment_status":"open","ping_status":"closed","template":"","meta":{"nf_dc_page":""},"product_brand":[],"product_cat":[73,76],"product_tag":[],"class_list":{"0":"post-71102","1":"product","2":"type-product","3":"status-publish","4":"has-post-thumbnail","6":"product_cat-femenino","7":"product_cat-masculino","9":"first","10":"instock","11":"shipping-taxable","12":"purchasable","13":"product-type-simple"},"_links":{"self":[{"href":"https:\/\/brandss.com.py\/index\/wp-json\/wp\/v2\/product\/71102","targetHints":{"allow":["GET"]}}],"collection":[{"href":"https:\/\/brandss.com.py\/index\/wp-json\/wp\/v2\/product"}],"about":[{"href":"https:\/\/brandss.com.py\/index\/wp-json\/wp\/v2\/types\/product"}],"replies":[{"embeddable":true,"href":"https:\/\/brandss.com.py\/index\/wp-json\/wp\/v2\/comments?post=71102"}],"version-history":[{"count":1,"href":"https:\/\/brandss.com.py\/index\/wp-json\/wp\/v2\/product\/71102\/revisions"}],"predecessor-version":[{"id":71113,"href":"https:\/\/brandss.com.py\/index\/wp-json\/wp\/v2\/product\/71102\/revisions\/71113"}],"wp:featuredmedia":[{"embeddable":true,"href":"https:\/\/brandss.com.py\/index\/wp-json\/wp\/v2\/media\/71103"}],"wp:attachment":[{"href":"https:\/\/brandss.com.py\/index\/wp-json\/wp\/v2\/media?parent=71102"}],"wp:term":[{"taxonomy":"product_brand","embeddable":true,"href":"https:\/\/brandss.com.py\/index\/wp-json\/wp\/v2\/product_brand?post=71102"},{"taxonomy":"product_cat","embeddable":true,"href":"https:\/\/brandss.com.py\/index\/wp-json\/wp\/v2\/product_cat?post=71102"},{"taxonomy":"product_tag","embeddable":true,"href":"https:\/\/brandss.com.py\/index\/wp-json\/wp\/v2\/product_tag?post=71102"}],"curies":[{"name":"wp","href":"https:\/\/api.w.org\/{rel}","templated":true}]}}