{"id":71125,"date":"2025-02-12T14:28:47","date_gmt":"2025-02-12T14:28:47","guid":{"rendered":"https:\/\/brandss.com.py\/index\/?post_type=product&#038;p=71125"},"modified":"2025-09-16T19:14:12","modified_gmt":"2025-09-16T19:14:12","slug":"calzado-deportivo-unisex-adidas-oznova-2","status":"publish","type":"product","link":"https:\/\/brandss.com.py\/index\/producto\/calzado-deportivo-unisex-adidas-oznova-2\/","title":{"rendered":"CALZADO DEPORTIVO UNISEX ADIDAS OZNOVA"},"content":{"rendered":"<p><img loading=\"lazy\" decoding=\"async\" class=\"\" src=\"https:\/\/encrypted-tbn0.gstatic.com\/images?q=tbn:ANd9GcQIO9HvRepmQOPQJtDj-jBhpxzG3DGQDZuYWA&amp;s\" alt=\"Logotipo de Adidas PNG transparente - StickPNG\" width=\"107\" height=\"67\" \/><\/p>\n<h1>OZNOVA<\/h1>\n<h3 class=\"subtitle___9ljbp\">Estos tenis son el futuro de la comodidad y el estilo.<\/h3>\n<p class=\"gl-vspace\">El futuro ya est\u00e1 aqu\u00ed y se ve como estos tenis adidas Oznova. Fusionan el estilo de los 90 con proporciones y capas inesperadas, rob\u00e1ndose todas las miradas. Adem\u00e1s, cuentan con la comodidad de la amortiguaci\u00f3n Adiplus que hace que cada paso se sienta suave y acolchado.<\/p>\n<div class=\"accordion__header-text___2o9Im\">\n<h2 class=\"accordion-title___2sTgR\">Detalles<\/h2>\n<\/div>\n<div class=\"accordion__header-icon___2FuRa\"><\/div>\n<div class=\"accordion__content___29x9h\">\n<div class=\"content-padding___2kVWQ\">\n<div class=\"bullets___3bsSs\" data-auto-id=\"specifications-section\" data-testid=\"specifications-section\">\n<ul class=\"gl-list\">\n<li class=\"gl-vspace-bpall-small\">Sistema de amarre de cordones.<\/li>\n<li class=\"gl-vspace-bpall-small\">Exterior sint\u00e9tico.<\/li>\n<li class=\"gl-vspace-bpall-small\">Amortiguaci\u00f3n Adiplus.<\/li>\n<li class=\"gl-vspace-bpall-small\">Forro textil.<\/li>\n<li class=\"gl-vspace-bpall-small\">Suela de cauho.<\/li>\n<li class=\"gl-vspace-bpall-small\">Color: Bliss \/ Feather Grey \/ Linen.<\/li>\n<li class=\"gl-vspace-bpall-small\">Modelo: GW9745.<\/li>\n<\/ul>\n<\/div>\n<\/div>\n<\/div>\n","protected":false},"excerpt":{"rendered":"<p>OZNOVA Estos tenis son el futuro de la comodidad y el estilo. El futuro ya est\u00e1 aqu\u00ed y se ve<\/p>\n","protected":false},"featured_media":71126,"comment_status":"open","ping_status":"closed","template":"","meta":{"nf_dc_page":""},"product_brand":[],"product_cat":[73,76],"product_tag":[],"class_list":{"0":"post-71125","1":"product","2":"type-product","3":"status-publish","4":"has-post-thumbnail","6":"product_cat-femenino","7":"product_cat-masculino","9":"first","10":"instock","11":"shipping-taxable","12":"purchasable","13":"product-type-simple"},"_links":{"self":[{"href":"https:\/\/brandss.com.py\/index\/wp-json\/wp\/v2\/product\/71125","targetHints":{"allow":["GET"]}}],"collection":[{"href":"https:\/\/brandss.com.py\/index\/wp-json\/wp\/v2\/product"}],"about":[{"href":"https:\/\/brandss.com.py\/index\/wp-json\/wp\/v2\/types\/product"}],"replies":[{"embeddable":true,"href":"https:\/\/brandss.com.py\/index\/wp-json\/wp\/v2\/comments?post=71125"}],"version-history":[{"count":1,"href":"https:\/\/brandss.com.py\/index\/wp-json\/wp\/v2\/product\/71125\/revisions"}],"predecessor-version":[{"id":71135,"href":"https:\/\/brandss.com.py\/index\/wp-json\/wp\/v2\/product\/71125\/revisions\/71135"}],"wp:featuredmedia":[{"embeddable":true,"href":"https:\/\/brandss.com.py\/index\/wp-json\/wp\/v2\/media\/71126"}],"wp:attachment":[{"href":"https:\/\/brandss.com.py\/index\/wp-json\/wp\/v2\/media?parent=71125"}],"wp:term":[{"taxonomy":"product_brand","embeddable":true,"href":"https:\/\/brandss.com.py\/index\/wp-json\/wp\/v2\/product_brand?post=71125"},{"taxonomy":"product_cat","embeddable":true,"href":"https:\/\/brandss.com.py\/index\/wp-json\/wp\/v2\/product_cat?post=71125"},{"taxonomy":"product_tag","embeddable":true,"href":"https:\/\/brandss.com.py\/index\/wp-json\/wp\/v2\/product_tag?post=71125"}],"curies":[{"name":"wp","href":"https:\/\/api.w.org\/{rel}","templated":true}]}}