{"id":71136,"date":"2025-02-12T16:15:35","date_gmt":"2025-02-12T16:15:35","guid":{"rendered":"https:\/\/brandss.com.py\/index\/?post_type=product&#038;p=71136"},"modified":"2025-02-12T16:16:04","modified_gmt":"2025-02-12T16:16:04","slug":"calzado-deportivo-femenino-adidas-duramo-10","status":"publish","type":"product","link":"https:\/\/brandss.com.py\/index\/producto\/calzado-deportivo-femenino-adidas-duramo-10\/","title":{"rendered":"CALZADO DEPORTIVO FEMENINO ADIDAS DURAMO 10"},"content":{"rendered":"<p><img loading=\"lazy\" decoding=\"async\" class=\"\" src=\"https:\/\/encrypted-tbn0.gstatic.com\/images?q=tbn:ANd9GcQIO9HvRepmQOPQJtDj-jBhpxzG3DGQDZuYWA&amp;s\" alt=\"Logotipo de Adidas PNG transparente - StickPNG\" width=\"118\" height=\"74\" \/><\/p>\n<h1>DURAMO 10<\/h1>\n<h3 class=\"subtitle___9ljbp\"><span>Calzados de running de uso diario, fabricadas en parte con materiales reciclados.<\/span><\/h3>\n<p class=\"gl-vspace\"><span>Desde una sesi\u00f3n matutina en el estudio de yoga hasta un d\u00eda de recados o una velada con amigos, mant\u00e9n tus pies c\u00f3modos y tu estilo a la \u00faltima con estos calzados adidas. Comb\u00ednalas con tus mallas favoritas para lograr el mejor estilo deportivo e informal. La parte superior de malla te ayuda a mantenerte fresco, mientras que la amortiguaci\u00f3n superligera envuelve cada paso que das. Fabricada con una serie de materiales reciclados, esta parte superior presenta al menos un 50 % de contenido reciclado. Este producto representa solo una de nuestras soluciones para ayudar a terminar con los desechos pl\u00e1sticos.<\/span><\/p>\n<div class=\"accordion__header-text___2o9Im\">\n<h2 class=\"accordion-title___2sTgR\">Caracter\u00edsticas<\/h2>\n<\/div>\n<div class=\"accordion__header-icon___2FuRa\"><\/div>\n<div class=\"accordion__content___29x9h\">\n<div class=\"content-padding___2kVWQ\">\n<div class=\"features-section___1pumR\">\n<div class=\"item___1X-1_\"><img decoding=\"async\" class=\"img_with_fallback___2aHBu feature-icon___3S9eQ\" src=\"https:\/\/brand.assets.adidas.com\/image\/upload\/short_fb6f1e5aee.png\" alt=\"\" data-auto-id=\"image\" \/><\/p>\n<p class=\"feature-icon-text___3Owgv\">Distancia corta (0 &#8211; 10 Km)<\/p>\n<p class=\"feature-icon-summary-small___31Rc0\">Distancia corta (0 &#8211; 10 Km)<\/p>\n<\/div>\n<div class=\"item___1X-1_\"><img decoding=\"async\" class=\"img_with_fallback___2aHBu feature-icon___3S9eQ\" src=\"https:\/\/brand.assets.adidas.com\/image\/upload\/neutral_16b16d1637.png\" alt=\"\" data-auto-id=\"image\" \/><\/p>\n<p class=\"feature-icon-text___3Owgv\">Neutral<\/p>\n<p class=\"feature-icon-summary-small___31Rc0\">Neutral<\/p>\n<\/div>\n<div class=\"item___1X-1_\"><img decoding=\"async\" class=\"img_with_fallback___2aHBu feature-icon___3S9eQ\" src=\"https:\/\/brand.assets.adidas.com\/image\/upload\/regular_a176d1f2d6.png\" alt=\"\" data-auto-id=\"image\" \/><\/p>\n<p class=\"feature-icon-text___3Owgv\">Mujeres de ancho regular<\/p>\n<p class=\"feature-icon-summary-small___31Rc0\">Ancho regular<\/p>\n<\/div>\n<div class=\"special-item___2Ohsx\">\n<p class=\"feature-icon-title___v-KQG\">\n<h2 class=\"accordion-title___2sTgR\">Detalles<\/h2>\n<\/div>\n<\/div>\n<div class=\"bullets___3bsSs\" data-auto-id=\"specifications-section\" data-testid=\"specifications-section\">\n<ul class=\"gl-list\">\n<li class=\"gl-vspace-bpall-small\">Ajuste regular.<\/li>\n<li class=\"gl-vspace-bpall-small\">Cierre de encaje.<\/li>\n<li class=\"gl-vspace-bpall-small\">Parte superior de malla tipo s\u00e1ndwich.<\/li>\n<li class=\"gl-vspace-bpall-small\">Superposiciones de apoyo sin costura.<\/li>\n<li class=\"gl-vspace-bpall-small\">Tac\u00f3n suave.<\/li>\n<li class=\"gl-vspace-bpall-small\">Amortiguaci\u00f3n LIGHTMOTION.<\/li>\n<li class=\"gl-vspace-bpall-small\">Suela de goma.<\/li>\n<li class=\"gl-vspace-bpall-small\">La parte superior contiene un m\u00ednimo de 50% de contenido reciclado.<\/li>\n<li class=\"gl-vspace-bpall-small\">Color: Gris Uno \/ Naranja Flash \/ Plata Met\u00e1lico.<\/li>\n<li class=\"gl-vspace-bpall-small\">Modelo: GX0716.<\/li>\n<\/ul>\n<\/div>\n<\/div>\n<\/div>\n","protected":false},"excerpt":{"rendered":"<p>DURAMO 10 Calzados de running de uso diario, fabricadas en parte con materiales reciclados. Desde una sesi\u00f3n matutina en el<\/p>\n","protected":false},"featured_media":71137,"comment_status":"open","ping_status":"closed","template":"","meta":{"nf_dc_page":""},"product_brand":[],"product_cat":[73],"product_tag":[],"class_list":{"0":"post-71136","1":"product","2":"type-product","3":"status-publish","4":"has-post-thumbnail","6":"product_cat-femenino","8":"first","9":"instock","10":"shipping-taxable","11":"purchasable","12":"product-type-simple"},"_links":{"self":[{"href":"https:\/\/brandss.com.py\/index\/wp-json\/wp\/v2\/product\/71136","targetHints":{"allow":["GET"]}}],"collection":[{"href":"https:\/\/brandss.com.py\/index\/wp-json\/wp\/v2\/product"}],"about":[{"href":"https:\/\/brandss.com.py\/index\/wp-json\/wp\/v2\/types\/product"}],"replies":[{"embeddable":true,"href":"https:\/\/brandss.com.py\/index\/wp-json\/wp\/v2\/comments?post=71136"}],"version-history":[{"count":1,"href":"https:\/\/brandss.com.py\/index\/wp-json\/wp\/v2\/product\/71136\/revisions"}],"predecessor-version":[{"id":71145,"href":"https:\/\/brandss.com.py\/index\/wp-json\/wp\/v2\/product\/71136\/revisions\/71145"}],"wp:featuredmedia":[{"embeddable":true,"href":"https:\/\/brandss.com.py\/index\/wp-json\/wp\/v2\/media\/71137"}],"wp:attachment":[{"href":"https:\/\/brandss.com.py\/index\/wp-json\/wp\/v2\/media?parent=71136"}],"wp:term":[{"taxonomy":"product_brand","embeddable":true,"href":"https:\/\/brandss.com.py\/index\/wp-json\/wp\/v2\/product_brand?post=71136"},{"taxonomy":"product_cat","embeddable":true,"href":"https:\/\/brandss.com.py\/index\/wp-json\/wp\/v2\/product_cat?post=71136"},{"taxonomy":"product_tag","embeddable":true,"href":"https:\/\/brandss.com.py\/index\/wp-json\/wp\/v2\/product_tag?post=71136"}],"curies":[{"name":"wp","href":"https:\/\/api.w.org\/{rel}","templated":true}]}}