{"id":71168,"date":"2025-02-12T18:01:37","date_gmt":"2025-02-12T18:01:37","guid":{"rendered":"https:\/\/brandss.com.py\/index\/?post_type=product&#038;p=71168"},"modified":"2025-02-12T18:02:09","modified_gmt":"2025-02-12T18:02:09","slug":"calzado-deportivo-femenino-adidas-supernova","status":"publish","type":"product","link":"https:\/\/brandss.com.py\/index\/producto\/calzado-deportivo-femenino-adidas-supernova\/","title":{"rendered":"CALZADO DEPORTIVO FEMENINO ADIDAS SUPERNOVA"},"content":{"rendered":"<p><img loading=\"lazy\" decoding=\"async\" class=\"\" src=\"https:\/\/encrypted-tbn0.gstatic.com\/images?q=tbn:ANd9GcQIO9HvRepmQOPQJtDj-jBhpxzG3DGQDZuYWA&amp;s\" alt=\"Logotipo de Adidas PNG transparente - StickPNG\" width=\"150\" height=\"94\" \/><\/p>\n<h1>SUPERNOVA<\/h1>\n<p>Una de las ventajas de correr es que no requiere mucho tiempo ni equipamiento. Ponte los calzados adidas Supernova y el mundo se convertir\u00e1 en tu gimnasio. Est\u00e1n dise\u00f1adas para el entrenamiento diario con una combinaci\u00f3n de BOOST y Bounce en la entresuela. BOOST tambi\u00e9n amortigua el tal\u00f3n, lo que te da una sensaci\u00f3n de sujeci\u00f3n cuando vuelas.<\/p>\n<div class=\"detail-sidebar-header card-shadow p-3 px-lg-4 d-flex align-items-center justify-content-between\">\n<div class=\"font-weight-normal\">Tecnolog\u00eda<\/div>\n<\/div>\n<div class=\"detail-sidebar-body p-3 p-lg-4 d-flex flex-column\">\n<h5>boost\u2122<\/h5>\n<p>Miles de c\u00e1psulas \u00fanicas crean la amortiguaci\u00f3n m\u00e1s suave y confiable jam\u00e1s creada por adidas. Estructura innovadora de las c\u00e1psulas de energ\u00eda conserva excelentes propiedades de amortiguaci\u00f3n mejor que cualquier otro tipo de suspensi\u00f3n EVA.<\/p>\n<h5>Continental\u2122<\/h5>\n<p>Tipo de suela exterior especial que es altamente duradero y permite un agarre m\u00e1ximo en superficies tanto secas como h\u00famedas.<\/p>\n<h5>STRETCHWEB<\/h5>\n<p>Suela con compuesto de caucho ligera y flexible con un excelente agarre en cualquier superficie para lograr una mayor estabilidad.<\/p>\n<p>&nbsp;<\/p>\n<p>Color: Blanco\/ Rosa.<\/p>\n<p>Modelo: GX2971.<\/p>\n<\/div>\n","protected":false},"excerpt":{"rendered":"<p>SUPERNOVA Una de las ventajas de correr es que no requiere mucho tiempo ni equipamiento. Ponte los calzados adidas Supernova<\/p>\n","protected":false},"featured_media":71169,"comment_status":"open","ping_status":"closed","template":"","meta":{"nf_dc_page":""},"product_brand":[],"product_cat":[73],"product_tag":[],"class_list":{"0":"post-71168","1":"product","2":"type-product","3":"status-publish","4":"has-post-thumbnail","6":"product_cat-femenino","8":"first","9":"instock","10":"shipping-taxable","11":"purchasable","12":"product-type-simple"},"_links":{"self":[{"href":"https:\/\/brandss.com.py\/index\/wp-json\/wp\/v2\/product\/71168","targetHints":{"allow":["GET"]}}],"collection":[{"href":"https:\/\/brandss.com.py\/index\/wp-json\/wp\/v2\/product"}],"about":[{"href":"https:\/\/brandss.com.py\/index\/wp-json\/wp\/v2\/types\/product"}],"replies":[{"embeddable":true,"href":"https:\/\/brandss.com.py\/index\/wp-json\/wp\/v2\/comments?post=71168"}],"version-history":[{"count":1,"href":"https:\/\/brandss.com.py\/index\/wp-json\/wp\/v2\/product\/71168\/revisions"}],"predecessor-version":[{"id":71178,"href":"https:\/\/brandss.com.py\/index\/wp-json\/wp\/v2\/product\/71168\/revisions\/71178"}],"wp:featuredmedia":[{"embeddable":true,"href":"https:\/\/brandss.com.py\/index\/wp-json\/wp\/v2\/media\/71169"}],"wp:attachment":[{"href":"https:\/\/brandss.com.py\/index\/wp-json\/wp\/v2\/media?parent=71168"}],"wp:term":[{"taxonomy":"product_brand","embeddable":true,"href":"https:\/\/brandss.com.py\/index\/wp-json\/wp\/v2\/product_brand?post=71168"},{"taxonomy":"product_cat","embeddable":true,"href":"https:\/\/brandss.com.py\/index\/wp-json\/wp\/v2\/product_cat?post=71168"},{"taxonomy":"product_tag","embeddable":true,"href":"https:\/\/brandss.com.py\/index\/wp-json\/wp\/v2\/product_tag?post=71168"}],"curies":[{"name":"wp","href":"https:\/\/api.w.org\/{rel}","templated":true}]}}