{"id":71179,"date":"2025-02-12T18:28:15","date_gmt":"2025-02-12T18:28:15","guid":{"rendered":"https:\/\/brandss.com.py\/index\/?post_type=product&#038;p=71179"},"modified":"2025-02-12T18:29:26","modified_gmt":"2025-02-12T18:29:26","slug":"calzado-deportivo-femenino-adidas-4dfwd-pulse-running","status":"publish","type":"product","link":"https:\/\/brandss.com.py\/index\/producto\/calzado-deportivo-femenino-adidas-4dfwd-pulse-running\/","title":{"rendered":"CALZADO DEPORTIVO FEMENINO ADIDAS 4DFWD PULSE RUNNING"},"content":{"rendered":"<p><img loading=\"lazy\" decoding=\"async\" class=\"\" src=\"https:\/\/encrypted-tbn0.gstatic.com\/images?q=tbn:ANd9GcQIO9HvRepmQOPQJtDj-jBhpxzG3DGQDZuYWA&amp;s\" alt=\"Logotipo de Adidas PNG transparente - StickPNG\" width=\"101\" height=\"63\" \/><\/p>\n<h1>4DFWD PULSE RUNNING<\/h1>\n<h3 class=\"subtitle___9ljbp\"><span>Calzados para correr codificadas digitalmente y fabricadas en parte con materiales reciclados.<\/span><\/h3>\n<p class=\"gl-vspace\"><span>Disfruta de un paseo tranquilo hacia el futuro del running. Es tan f\u00e1cil como atar los cordones de estos calzados de running de adidas. Su soporte del tal\u00f3n impreso en 3D est\u00e1 fabricado con precisi\u00f3n utilizando resina l\u00edquida, luz y ox\u00edgeno para absorber el impacto y propulsarte hacia tu siguiente paso. Y todos los que vengan despu\u00e9s. Fabricada con una serie de materiales reciclados, esta parte superior presenta al menos un 50 % de contenido reciclado. Este producto representa solo una de nuestras soluciones para ayudar a acabar con los residuos pl\u00e1sticos.<\/span><\/p>\n<div class=\"accordion__header-text___2o9Im\">\n<h2 class=\"accordion-title___2sTgR\">Caracter\u00edsticas<\/h2>\n<\/div>\n<div class=\"accordion__header-icon___2FuRa\"><\/div>\n<div class=\"accordion__content___29x9h\">\n<div class=\"content-padding___2kVWQ\">\n<div class=\"features-section___1pumR\">\n<div class=\"item___1X-1_\"><img decoding=\"async\" class=\"img_with_fallback___2aHBu feature-icon___3S9eQ\" src=\"https:\/\/brand.assets.adidas.com\/image\/upload\/road_24f719a743.png\" alt=\"\" data-auto-id=\"image\" \/><\/p>\n<p class=\"feature-icon-text___3Owgv\">Camino<\/p>\n<\/div>\n<div class=\"item___1X-1_\"><img decoding=\"async\" class=\"img_with_fallback___2aHBu feature-icon___3S9eQ\" src=\"https:\/\/brand.assets.adidas.com\/image\/upload\/neutral_16b16d1637.png\" alt=\"\" data-auto-id=\"image\" \/><\/p>\n<p class=\"feature-icon-text___3Owgv\">Neutral<\/p>\n<\/div>\n<div class=\"special-item___2Ohsx\">\n<p class=\"feature-icon-summary-small___31Rc0\">\n<h2 class=\"accordion-title___2sTgR\">Detalles<\/h2>\n<p class=\"feature-icon-summary-small___31Rc0\">\n<\/div>\n<\/div>\n<div class=\"bullets___3bsSs\" data-auto-id=\"specifications-section\" data-testid=\"specifications-section\">\n<ul class=\"gl-list\">\n<li class=\"gl-vspace-bpall-small\">Cierre de encaje.<\/li>\n<li class=\"gl-vspace-bpall-small\">Parte superior de malla.<\/li>\n<li class=\"gl-vspace-bpall-small\">Entresuela adidas 4D.<\/li>\n<li class=\"gl-vspace-bpall-small\">Forro textil.<\/li>\n<li class=\"gl-vspace-bpall-small\">Drop de la entresuela: 11 mm (tal\u00f3n: 30 mm \/ antepi\u00e9: 19 mm).<\/li>\n<li class=\"gl-vspace-bpall-small\">Suela de goma Stretchweb.<\/li>\n<li class=\"gl-vspace-bpall-small\">La parte superior contiene un m\u00ednimo de 50% de contenido reciclado.<\/li>\n<li class=\"gl-vspace-bpall-small\">Importado.<\/li>\n<li class=\"gl-vspace-bpall-small\">Color: Wonder Mauve \/ Sandy Beige \/ Acid Red.<\/li>\n<li class=\"gl-vspace-bpall-small\">Modelo: GX2985.<\/li>\n<\/ul>\n<\/div>\n<\/div>\n<\/div>\n","protected":false},"excerpt":{"rendered":"<p>4DFWD PULSE RUNNING Calzados para correr codificadas digitalmente y fabricadas en parte con materiales reciclados. Disfruta de un paseo tranquilo<\/p>\n","protected":false},"featured_media":71180,"comment_status":"open","ping_status":"closed","template":"","meta":{"nf_dc_page":""},"product_brand":[],"product_cat":[73],"product_tag":[],"class_list":{"0":"post-71179","1":"product","2":"type-product","3":"status-publish","4":"has-post-thumbnail","6":"product_cat-femenino","8":"first","9":"instock","10":"shipping-taxable","11":"purchasable","12":"product-type-simple"},"_links":{"self":[{"href":"https:\/\/brandss.com.py\/index\/wp-json\/wp\/v2\/product\/71179","targetHints":{"allow":["GET"]}}],"collection":[{"href":"https:\/\/brandss.com.py\/index\/wp-json\/wp\/v2\/product"}],"about":[{"href":"https:\/\/brandss.com.py\/index\/wp-json\/wp\/v2\/types\/product"}],"replies":[{"embeddable":true,"href":"https:\/\/brandss.com.py\/index\/wp-json\/wp\/v2\/comments?post=71179"}],"version-history":[{"count":1,"href":"https:\/\/brandss.com.py\/index\/wp-json\/wp\/v2\/product\/71179\/revisions"}],"predecessor-version":[{"id":71189,"href":"https:\/\/brandss.com.py\/index\/wp-json\/wp\/v2\/product\/71179\/revisions\/71189"}],"wp:featuredmedia":[{"embeddable":true,"href":"https:\/\/brandss.com.py\/index\/wp-json\/wp\/v2\/media\/71180"}],"wp:attachment":[{"href":"https:\/\/brandss.com.py\/index\/wp-json\/wp\/v2\/media?parent=71179"}],"wp:term":[{"taxonomy":"product_brand","embeddable":true,"href":"https:\/\/brandss.com.py\/index\/wp-json\/wp\/v2\/product_brand?post=71179"},{"taxonomy":"product_cat","embeddable":true,"href":"https:\/\/brandss.com.py\/index\/wp-json\/wp\/v2\/product_cat?post=71179"},{"taxonomy":"product_tag","embeddable":true,"href":"https:\/\/brandss.com.py\/index\/wp-json\/wp\/v2\/product_tag?post=71179"}],"curies":[{"name":"wp","href":"https:\/\/api.w.org\/{rel}","templated":true}]}}