{"id":71190,"date":"2025-02-12T18:54:10","date_gmt":"2025-02-12T18:54:10","guid":{"rendered":"https:\/\/brandss.com.py\/index\/?post_type=product&#038;p=71190"},"modified":"2025-02-12T18:55:04","modified_gmt":"2025-02-12T18:55:04","slug":"calzado-deportivo-masculino-adidas-ultraboost-22","status":"publish","type":"product","link":"https:\/\/brandss.com.py\/index\/producto\/calzado-deportivo-masculino-adidas-ultraboost-22\/","title":{"rendered":"CALZADO DEPORTIVO MASCULINO ADIDAS ULTRABOOST 22"},"content":{"rendered":"<p><img loading=\"lazy\" decoding=\"async\" class=\"\" src=\"https:\/\/encrypted-tbn0.gstatic.com\/images?q=tbn:ANd9GcQIO9HvRepmQOPQJtDj-jBhpxzG3DGQDZuYWA&amp;s\" alt=\"Logotipo de Adidas PNG transparente - StickPNG\" width=\"146\" height=\"92\" \/><\/p>\n<h1>ULTRABOOST 22<\/h1>\n<h3 class=\"subtitle___9ljbp\"><span>Salude al incre\u00edble retorno de energ\u00eda.<\/span><\/h3>\n<p class=\"gl-vspace\"><span>Estas zapatillas para correr Ultraboost ofrecen comodidad y capacidad de respuesta. Andar\u00e1s sobre una entresuela BOOST para una energ\u00eda sin l\u00edmites, con un sistema Linear Energy Push y una suela exterior de caucho Continental\u2122.<\/span><\/p>\n<div class=\"highlight___3fa4r\">\n<div class=\"highlight-text___lgoJI\">\n<h3 class=\"highlight-text__headline___25B2G\"><span>M\u00e1ximo retorno energ\u00e9tico<\/span><\/h3>\n<p><span>Cientos de c\u00e1psulas Boost fusionadas entre s\u00ed y listas para explotar con energ\u00eda en cada paso.<\/span><\/p>\n<\/div>\n<\/div>\n<div class=\"highlight___3fa4r\">\n<div class=\"highlight-text___lgoJI\">\n<h3 class=\"highlight-text__headline___25B2G\"><span>Conoce adidas LEP<\/span><\/h3>\n<p><span>La evoluci\u00f3n de nuestro legendario sistema de torsi\u00f3n. Integrado en la suela exterior para una pisada reactiva.<\/span><\/p>\n<\/div>\n<\/div>\n<div class=\"highlight___3fa4r\">\n<div class=\"highlight-text___lgoJI\">\n<h3 class=\"highlight-text__headline___25B2G\">Del problema al rendimiento<\/h3>\n<p>Este producto est\u00e1 fabricado en parte con Parley Ocean Plastic. Es solo una de las innovaciones que representan nuestro compromiso de ayudar a acabar con los residuos pl\u00e1sticos.<\/p>\n<div class=\"accordion__header-text___2o9Im\">\n<h2 class=\"accordion-title___2sTgR\">Caracter\u00edsticas<\/h2>\n<\/div>\n<div class=\"accordion__header-icon___2FuRa\"><\/div>\n<div class=\"accordion__content___29x9h\">\n<div class=\"content-padding___2kVWQ\">\n<div class=\"features-section___1pumR\">\n<div class=\"item___1X-1_\"><img decoding=\"async\" class=\"img_with_fallback___2aHBu feature-icon___3S9eQ\" src=\"https:\/\/brand.assets.adidas.com\/image\/upload\/long_882a03b686.png\" alt=\"\" data-auto-id=\"image\" \/><\/p>\n<p class=\"feature-icon-text___3Owgv\">Larga distancia (0 &#8211; 42+ Km)<\/p>\n<p class=\"feature-icon-summary-small___31Rc0\">Larga distancia (0 &#8211; 42+ Km)<\/p>\n<\/div>\n<div class=\"item___1X-1_\"><img decoding=\"async\" class=\"img_with_fallback___2aHBu feature-icon___3S9eQ\" src=\"https:\/\/brand.assets.adidas.com\/image\/upload\/neutral_16b16d1637.png\" alt=\"\" data-auto-id=\"image\" \/><\/p>\n<p class=\"feature-icon-text___3Owgv\">Neutral<\/p>\n<p class=\"feature-icon-summary-small___31Rc0\">Neutral<\/p>\n<\/div>\n<div class=\"item___1X-1_\"><img decoding=\"async\" class=\"img_with_fallback___2aHBu feature-icon___3S9eQ\" src=\"https:\/\/brand.assets.adidas.com\/image\/upload\/regular_a176d1f2d6.png\" alt=\"\" data-auto-id=\"image\" \/><\/p>\n<p class=\"feature-icon-text___3Owgv\">Hombres de ancho regular<\/p>\n<p class=\"feature-icon-summary-small___31Rc0\">Ancho regular<\/p>\n<\/div>\n<div class=\"special-item___2Ohsx\"><\/div>\n<div class=\"special-item___2Ohsx\">\n<p class=\"feature-icon-summary-small___31Rc0\">\n<h2 class=\"accordion-title___2sTgR\">Detalles<\/h2>\n<\/div>\n<\/div>\n<div class=\"bullets___3bsSs\" data-auto-id=\"specifications-section\" data-testid=\"specifications-section\">\n<ul class=\"gl-list\">\n<li class=\"gl-vspace-bpall-small\">Ajuste regular.<\/li>\n<li class=\"gl-vspace-bpall-small\">Cierre de encaje.<\/li>\n<li class=\"gl-vspace-bpall-small\">Parte superior textil adidas PRIMEKNIT.<\/li>\n<li class=\"gl-vspace-bpall-small\">Ajuste suave del tal\u00f3n.<\/li>\n<li class=\"gl-vspace-bpall-small\">Sistema de empuje de energ\u00eda lineal.<\/li>\n<li class=\"gl-vspace-bpall-small\">Entresuela BOOST.<\/li>\n<li class=\"gl-vspace-bpall-small\">Peso: 333 g (talla 8,5 del Reino Unido).<\/li>\n<li class=\"gl-vspace-bpall-small\">Suela Stretchweb con caucho Continental\u2122 Better.<\/li>\n<li class=\"gl-vspace-bpall-small\">Color: Legacy Indigo \/ Blue Rush \/ Turbo.<\/li>\n<li class=\"gl-vspace-bpall-small\">Modelo: GX3061.<\/li>\n<\/ul>\n<\/div>\n<\/div>\n<\/div>\n<\/div>\n<\/div>\n","protected":false},"excerpt":{"rendered":"<p>ULTRABOOST 22 Salude al incre\u00edble retorno de energ\u00eda. Estas zapatillas para correr Ultraboost ofrecen comodidad y capacidad de respuesta. Andar\u00e1s<\/p>\n","protected":false},"featured_media":71191,"comment_status":"open","ping_status":"closed","template":"","meta":{"nf_dc_page":""},"product_brand":[],"product_cat":[76],"product_tag":[],"class_list":{"0":"post-71190","1":"product","2":"type-product","3":"status-publish","4":"has-post-thumbnail","6":"product_cat-masculino","8":"first","9":"instock","10":"shipping-taxable","11":"purchasable","12":"product-type-simple"},"_links":{"self":[{"href":"https:\/\/brandss.com.py\/index\/wp-json\/wp\/v2\/product\/71190","targetHints":{"allow":["GET"]}}],"collection":[{"href":"https:\/\/brandss.com.py\/index\/wp-json\/wp\/v2\/product"}],"about":[{"href":"https:\/\/brandss.com.py\/index\/wp-json\/wp\/v2\/types\/product"}],"replies":[{"embeddable":true,"href":"https:\/\/brandss.com.py\/index\/wp-json\/wp\/v2\/comments?post=71190"}],"version-history":[{"count":1,"href":"https:\/\/brandss.com.py\/index\/wp-json\/wp\/v2\/product\/71190\/revisions"}],"predecessor-version":[{"id":71203,"href":"https:\/\/brandss.com.py\/index\/wp-json\/wp\/v2\/product\/71190\/revisions\/71203"}],"wp:featuredmedia":[{"embeddable":true,"href":"https:\/\/brandss.com.py\/index\/wp-json\/wp\/v2\/media\/71191"}],"wp:attachment":[{"href":"https:\/\/brandss.com.py\/index\/wp-json\/wp\/v2\/media?parent=71190"}],"wp:term":[{"taxonomy":"product_brand","embeddable":true,"href":"https:\/\/brandss.com.py\/index\/wp-json\/wp\/v2\/product_brand?post=71190"},{"taxonomy":"product_cat","embeddable":true,"href":"https:\/\/brandss.com.py\/index\/wp-json\/wp\/v2\/product_cat?post=71190"},{"taxonomy":"product_tag","embeddable":true,"href":"https:\/\/brandss.com.py\/index\/wp-json\/wp\/v2\/product_tag?post=71190"}],"curies":[{"name":"wp","href":"https:\/\/api.w.org\/{rel}","templated":true}]}}