{"id":71214,"date":"2025-02-13T11:07:43","date_gmt":"2025-02-13T11:07:43","guid":{"rendered":"https:\/\/brandss.com.py\/index\/?post_type=product&#038;p=71214"},"modified":"2025-04-30T17:59:03","modified_gmt":"2025-04-30T17:59:03","slug":"calzado-deportivo-masculino-adidas-fluidflash-cloudfoam-2","status":"publish","type":"product","link":"https:\/\/brandss.com.py\/index\/producto\/calzado-deportivo-masculino-adidas-fluidflash-cloudfoam-2\/","title":{"rendered":"CALZADO DEPORTIVO MASCULINO ADIDAS FLUIDFLASH CLOUDFOAM"},"content":{"rendered":"<p><img loading=\"lazy\" decoding=\"async\" class=\"\" src=\"https:\/\/encrypted-tbn0.gstatic.com\/images?q=tbn:ANd9GcQIO9HvRepmQOPQJtDj-jBhpxzG3DGQDZuYWA&amp;s\" alt=\"Logotipo de Adidas PNG transparente - StickPNG\" width=\"93\" height=\"58\" \/><\/p>\n<h1>FLUIDFLASH CLOUDFOAM<\/h1>\n<p class=\"PDPDescHighLight-Description\"><span>Comodidad suave y dise\u00f1o r\u00e1pido. Tendr\u00e1s lo mejor de ambos mundos cuando te pongas estas zapatillas adidas. La amortiguaci\u00f3n de espuma te hace sentir como si la gravedad se hubiera ido. Solo tienes que ganar. Parcialmente producida con material reciclado de desechos de producci\u00f3n, como restos de corte y desechos dom\u00e9sticos posconsumo, para evitar el mayor impacto ambiental de producir contenido virgen.<\/span><\/p>\n<p><span>Espuma de nube fluida.<\/span><\/p>\n<p><span>Dise\u00f1o con cordones.<\/span><\/p>\n<p><span>Parte superior de tela.<\/span><\/p>\n<p><span>Amortiguaci\u00f3n Cloudfoam.<\/span><\/p>\n<p><span>Suela de goma.<\/span><\/p>\n<p>Color: Negro.<\/p>\n<p>Modelo: <span>GX3164.<\/span><\/p>\n","protected":false},"excerpt":{"rendered":"<p>FLUIDFLASH CLOUDFOAM Comodidad suave y dise\u00f1o r\u00e1pido. Tendr\u00e1s lo mejor de ambos mundos cuando te pongas estas zapatillas adidas. La<\/p>\n","protected":false},"featured_media":71215,"comment_status":"open","ping_status":"closed","template":"","meta":{"nf_dc_page":""},"product_brand":[],"product_cat":[76],"product_tag":[],"class_list":{"0":"post-71214","1":"product","2":"type-product","3":"status-publish","4":"has-post-thumbnail","6":"product_cat-masculino","8":"first","9":"instock","10":"shipping-taxable","11":"purchasable","12":"product-type-simple"},"_links":{"self":[{"href":"https:\/\/brandss.com.py\/index\/wp-json\/wp\/v2\/product\/71214","targetHints":{"allow":["GET"]}}],"collection":[{"href":"https:\/\/brandss.com.py\/index\/wp-json\/wp\/v2\/product"}],"about":[{"href":"https:\/\/brandss.com.py\/index\/wp-json\/wp\/v2\/types\/product"}],"replies":[{"embeddable":true,"href":"https:\/\/brandss.com.py\/index\/wp-json\/wp\/v2\/comments?post=71214"}],"version-history":[{"count":1,"href":"https:\/\/brandss.com.py\/index\/wp-json\/wp\/v2\/product\/71214\/revisions"}],"predecessor-version":[{"id":71223,"href":"https:\/\/brandss.com.py\/index\/wp-json\/wp\/v2\/product\/71214\/revisions\/71223"}],"wp:featuredmedia":[{"embeddable":true,"href":"https:\/\/brandss.com.py\/index\/wp-json\/wp\/v2\/media\/71215"}],"wp:attachment":[{"href":"https:\/\/brandss.com.py\/index\/wp-json\/wp\/v2\/media?parent=71214"}],"wp:term":[{"taxonomy":"product_brand","embeddable":true,"href":"https:\/\/brandss.com.py\/index\/wp-json\/wp\/v2\/product_brand?post=71214"},{"taxonomy":"product_cat","embeddable":true,"href":"https:\/\/brandss.com.py\/index\/wp-json\/wp\/v2\/product_cat?post=71214"},{"taxonomy":"product_tag","embeddable":true,"href":"https:\/\/brandss.com.py\/index\/wp-json\/wp\/v2\/product_tag?post=71214"}],"curies":[{"name":"wp","href":"https:\/\/api.w.org\/{rel}","templated":true}]}}