{"id":71260,"date":"2025-02-13T12:21:58","date_gmt":"2025-02-13T12:21:58","guid":{"rendered":"https:\/\/brandss.com.py\/index\/?post_type=product&#038;p=71260"},"modified":"2025-02-13T12:24:25","modified_gmt":"2025-02-13T12:24:25","slug":"calzado-deportivo-femenino-adidas-ultraboost-5-0-dna","status":"publish","type":"product","link":"https:\/\/brandss.com.py\/index\/producto\/calzado-deportivo-femenino-adidas-ultraboost-5-0-dna\/","title":{"rendered":"CALZADO DEPORTIVO FEMENINO ADIDAS ULTRABOOST 5.0 DNA"},"content":{"rendered":"<p><img loading=\"lazy\" decoding=\"async\" class=\"\" src=\"https:\/\/encrypted-tbn0.gstatic.com\/images?q=tbn:ANd9GcQIO9HvRepmQOPQJtDj-jBhpxzG3DGQDZuYWA&amp;s\" alt=\"Logotipo de Adidas PNG transparente - StickPNG\" width=\"112\" height=\"70\" \/><\/p>\n<h1>ULTRABOOST 5.0 DNA<\/h1>\n<h3 class=\"subtitle___9ljbp\">Una silueta de running muy querida redise\u00f1ada con estilo urbano<\/h3>\n<p class=\"gl-vspace\">Cuando se lanz\u00f3 el primer modelo de Ultraboost en el 2015, nadie hab\u00eda visto nada similar. La amortiguaci\u00f3n receptiva Boost y el exterior tejido Primeknit revolucionaron la comodidad en el mundo del running. Por eso dise\u00f1amos este par para rendir homenaje al dise\u00f1o original en una versi\u00f3n actualizada para tus actividades diarias. Los d\u00edas ajetreados y las noches de fiesta nunca fueron tan c\u00f3modos como ahora. Este producto est\u00e1 hecho con Primeblue, un tejido reciclado de alto rendimiento creado con Parley Ocean Plastic. 50 % del exterior es textil y 75 % de este material textil es de hilo Primeblue. No contiene poli\u00e9ster virgen. Tambi\u00e9n est\u00e1n hechos con caucho Continental\u2122 Better Rubber, un material innovador y m\u00e1s sostenible, compuesto por un 70% de caucho natural, un 20% de caucho virgen y un 10% de caucho convencional.<\/p>\n<div class=\"accordion__header-text___2o9Im\">\n<div style=\"width: 720px;\" class=\"wp-video\"><video class=\"wp-video-shortcode\" id=\"video-71260-1\" width=\"720\" height=\"720\" preload=\"metadata\" controls=\"controls\"><source type=\"video\/webm\" src=\"https:\/\/brandss.com.py\/index\/wp-content\/uploads\/2025\/02\/Tenis_Ultraboost_5.0_DNA_Blanco_GX5078_video.webm?_=1\" \/><a href=\"https:\/\/brandss.com.py\/index\/wp-content\/uploads\/2025\/02\/Tenis_Ultraboost_5.0_DNA_Blanco_GX5078_video.webm\">https:\/\/brandss.com.py\/index\/wp-content\/uploads\/2025\/02\/Tenis_Ultraboost_5.0_DNA_Blanco_GX5078_video.webm<\/a><\/video><\/div>\n<h2 class=\"accordion-title___2sTgR\">Detalles<\/h2>\n<\/div>\n<div class=\"accordion__content___29x9h\">\n<div class=\"content-padding___2kVWQ\">\n<div class=\"bullets___3bsSs\" data-auto-id=\"specifications-section\" data-testid=\"specifications-section\">\n<ul class=\"gl-list\">\n<li class=\"gl-vspace-bpall-small\">Ajuste ce\u00f1ido, tipo media.<\/li>\n<li class=\"gl-vspace-bpall-small\">Sistema de amarre de cordones.<\/li>\n<li class=\"gl-vspace-bpall-small\">adidas Primeknit.<\/li>\n<li class=\"gl-vspace-bpall-small\">Forro interno textil.<\/li>\n<li class=\"gl-vspace-bpall-small\">Mediasuela Boost.<\/li>\n<li class=\"gl-vspace-bpall-small\">Suela de caucho Continental\u2122 Better Rubber.<\/li>\n<li class=\"gl-vspace-bpall-small\">Primeblue.<\/li>\n<li class=\"gl-vspace-bpall-small\">Color: Wonder White \/ Wonder White \/ Focus Olive.<\/li>\n<li class=\"gl-vspace-bpall-small\">Modelo: GX5078.<\/li>\n<\/ul>\n<\/div>\n<\/div>\n<\/div>\n","protected":false},"excerpt":{"rendered":"<p>ULTRABOOST 5.0 DNA Una silueta de running muy querida redise\u00f1ada con estilo urbano Cuando se lanz\u00f3 el primer modelo de<\/p>\n","protected":false},"featured_media":71262,"comment_status":"open","ping_status":"closed","template":"","meta":{"nf_dc_page":""},"product_brand":[],"product_cat":[73],"product_tag":[],"class_list":{"0":"post-71260","1":"product","2":"type-product","3":"status-publish","4":"has-post-thumbnail","6":"product_cat-femenino","8":"first","9":"instock","10":"shipping-taxable","11":"purchasable","12":"product-type-simple"},"_links":{"self":[{"href":"https:\/\/brandss.com.py\/index\/wp-json\/wp\/v2\/product\/71260","targetHints":{"allow":["GET"]}}],"collection":[{"href":"https:\/\/brandss.com.py\/index\/wp-json\/wp\/v2\/product"}],"about":[{"href":"https:\/\/brandss.com.py\/index\/wp-json\/wp\/v2\/types\/product"}],"replies":[{"embeddable":true,"href":"https:\/\/brandss.com.py\/index\/wp-json\/wp\/v2\/comments?post=71260"}],"version-history":[{"count":1,"href":"https:\/\/brandss.com.py\/index\/wp-json\/wp\/v2\/product\/71260\/revisions"}],"predecessor-version":[{"id":71272,"href":"https:\/\/brandss.com.py\/index\/wp-json\/wp\/v2\/product\/71260\/revisions\/71272"}],"wp:featuredmedia":[{"embeddable":true,"href":"https:\/\/brandss.com.py\/index\/wp-json\/wp\/v2\/media\/71262"}],"wp:attachment":[{"href":"https:\/\/brandss.com.py\/index\/wp-json\/wp\/v2\/media?parent=71260"}],"wp:term":[{"taxonomy":"product_brand","embeddable":true,"href":"https:\/\/brandss.com.py\/index\/wp-json\/wp\/v2\/product_brand?post=71260"},{"taxonomy":"product_cat","embeddable":true,"href":"https:\/\/brandss.com.py\/index\/wp-json\/wp\/v2\/product_cat?post=71260"},{"taxonomy":"product_tag","embeddable":true,"href":"https:\/\/brandss.com.py\/index\/wp-json\/wp\/v2\/product_tag?post=71260"}],"curies":[{"name":"wp","href":"https:\/\/api.w.org\/{rel}","templated":true}]}}