{"id":71286,"date":"2025-02-13T13:30:31","date_gmt":"2025-02-13T13:30:31","guid":{"rendered":"https:\/\/brandss.com.py\/index\/?post_type=product&#038;p=71286"},"modified":"2025-02-13T13:31:17","modified_gmt":"2025-02-13T13:31:17","slug":"calzado-deportivo-femenino-adidas-ultraboost-dna-2","status":"publish","type":"product","link":"https:\/\/brandss.com.py\/index\/producto\/calzado-deportivo-femenino-adidas-ultraboost-dna-2\/","title":{"rendered":"CALZADO DEPORTIVO FEMENINO ADIDAS ULTRABOOST DNA"},"content":{"rendered":"<p><img loading=\"lazy\" decoding=\"async\" class=\"\" src=\"https:\/\/encrypted-tbn0.gstatic.com\/images?q=tbn:ANd9GcQIO9HvRepmQOPQJtDj-jBhpxzG3DGQDZuYWA&amp;s\" alt=\"Logotipo de Adidas PNG transparente - StickPNG\" width=\"97\" height=\"61\" \/><\/p>\n<h1>ULTRABOOST DNA<\/h1>\n<h3 class=\"subtitle___9ljbp\"><span>Calzados Ultraboost DNA dise\u00f1ados para el bloqueo definitivo.<\/span><\/h3>\n<p class=\"gl-vspace\"><span>\u00bfC\u00f3mo puedes hacer que un calzado que ya est\u00e1 pensado para la comodidad sea a\u00fan m\u00e1s c\u00f3modo? Convi\u00e9rtelo en un modelo sin cordones. Esta versi\u00f3n de estilo de vida de las Ultraboost tiene un dise\u00f1o sin cordones que le da un toque ultralimpio a una silueta con ra\u00edces en el running. Las correas entrecruzadas aportan una sujeci\u00f3n adicional a la suave parte superior adidas PRIMEKNIT. Y con el incre\u00edble retorno de energ\u00eda de BOOST, te sentir\u00e1s fresco todo el d\u00eda.<\/span><\/p>\n<div class=\"highlight___3fa4r\">\n<div class=\"highlight-text___lgoJI\">\n<h3 class=\"highlight-text__headline___25B2G\"><span>Energ\u00eda sin fin<\/span><\/h3>\n<p><span>adidas BOOST ofrece un incre\u00edble retorno de energ\u00eda y comodidad instant\u00e1nea en cada paso para que sigas adelante.<\/span><\/p>\n<\/div>\n<\/div>\n<div class=\"highlight___3fa4r\">\n<div class=\"highlight-text___lgoJI\">\n<h3 class=\"highlight-text__headline___25B2G\"><span>P\u00f3ntelos<\/span><\/h3>\n<p><span>La construcci\u00f3n de la bota tiene material el\u00e1stico alrededor del cuello para facilitar su colocaci\u00f3n.<\/span><\/p>\n<\/div>\n<\/div>\n<div class=\"highlight___3fa4r\">\n<div class=\"highlight-text___lgoJI\">\n<h3 class=\"highlight-text__headline___25B2G\">ADN Ultraboost<\/h3>\n<p>Ultraboost DNA contiene la informaci\u00f3n gen\u00e9tica de uno de nuestros corredores de alto rendimiento m\u00e1s populares, pero est\u00e1 dise\u00f1ado para el d\u00eda a d\u00eda.<\/p>\n<div class=\"accordion__header-text___2o9Im\">\n<h2 class=\"accordion-title___2sTgR\"><span>Detalles<\/span><\/h2>\n<\/div>\n<div class=\"accordion__header-icon___2FuRa\"><\/div>\n<div class=\"accordion__content___29x9h\">\n<div class=\"content-padding___2kVWQ\">\n<div class=\"bullets___3bsSs\" data-auto-id=\"specifications-section\" data-testid=\"specifications-section\">\n<ul class=\"gl-list\">\n<li class=\"gl-vspace-bpall-small\"><span>Ajuste tipo calcet\u00edn.<\/span><\/li>\n<li class=\"gl-vspace-bpall-small\"><span>Sin cordones.<\/span><\/li>\n<li class=\"gl-vspace-bpall-small\"><span>Parte superior textil adidas Primeknit.<\/span><\/li>\n<li class=\"gl-vspace-bpall-small\"><span>Entresuela Boost.<\/span><\/li>\n<li class=\"gl-vspace-bpall-small\"><span>Sistema de torsi\u00f3n.<\/span><\/li>\n<li class=\"gl-vspace-bpall-small\"><span>Drop de la entresuela: 10 mm (tal\u00f3n: 22 mm \/ antepi\u00e9: 12 mm).<\/span><\/li>\n<li class=\"gl-vspace-bpall-small\"><span>Suela de caucho Continental\u2122 Better.<\/span><\/li>\n<li class=\"gl-vspace-bpall-small\"><span>Color: Negro b\u00e1sico \/ Negro b\u00e1sico \/ Naranja \u00e1cido.<\/span><\/li>\n<li class=\"gl-vspace-bpall-small\"><span>Modelo: GX5084.<\/span><\/li>\n<\/ul>\n<\/div>\n<\/div>\n<\/div>\n<\/div>\n<\/div>\n","protected":false},"excerpt":{"rendered":"<p>ULTRABOOST DNA Calzados Ultraboost DNA dise\u00f1ados para el bloqueo definitivo. \u00bfC\u00f3mo puedes hacer que un calzado que ya est\u00e1 pensado<\/p>\n","protected":false},"featured_media":71287,"comment_status":"open","ping_status":"closed","template":"","meta":{"nf_dc_page":""},"product_brand":[],"product_cat":[73],"product_tag":[],"class_list":{"0":"post-71286","1":"product","2":"type-product","3":"status-publish","4":"has-post-thumbnail","6":"product_cat-femenino","8":"first","9":"instock","10":"shipping-taxable","11":"purchasable","12":"product-type-simple"},"_links":{"self":[{"href":"https:\/\/brandss.com.py\/index\/wp-json\/wp\/v2\/product\/71286","targetHints":{"allow":["GET"]}}],"collection":[{"href":"https:\/\/brandss.com.py\/index\/wp-json\/wp\/v2\/product"}],"about":[{"href":"https:\/\/brandss.com.py\/index\/wp-json\/wp\/v2\/types\/product"}],"replies":[{"embeddable":true,"href":"https:\/\/brandss.com.py\/index\/wp-json\/wp\/v2\/comments?post=71286"}],"version-history":[{"count":1,"href":"https:\/\/brandss.com.py\/index\/wp-json\/wp\/v2\/product\/71286\/revisions"}],"predecessor-version":[{"id":71297,"href":"https:\/\/brandss.com.py\/index\/wp-json\/wp\/v2\/product\/71286\/revisions\/71297"}],"wp:featuredmedia":[{"embeddable":true,"href":"https:\/\/brandss.com.py\/index\/wp-json\/wp\/v2\/media\/71287"}],"wp:attachment":[{"href":"https:\/\/brandss.com.py\/index\/wp-json\/wp\/v2\/media?parent=71286"}],"wp:term":[{"taxonomy":"product_brand","embeddable":true,"href":"https:\/\/brandss.com.py\/index\/wp-json\/wp\/v2\/product_brand?post=71286"},{"taxonomy":"product_cat","embeddable":true,"href":"https:\/\/brandss.com.py\/index\/wp-json\/wp\/v2\/product_cat?post=71286"},{"taxonomy":"product_tag","embeddable":true,"href":"https:\/\/brandss.com.py\/index\/wp-json\/wp\/v2\/product_tag?post=71286"}],"curies":[{"name":"wp","href":"https:\/\/api.w.org\/{rel}","templated":true}]}}