{"id":71305,"date":"2025-02-13T14:03:09","date_gmt":"2025-02-13T14:03:09","guid":{"rendered":"https:\/\/brandss.com.py\/index\/?post_type=product&#038;p=71305"},"modified":"2025-02-13T14:04:01","modified_gmt":"2025-02-13T14:04:01","slug":"calzado-deportivo-masculino-adidas-ultraboost-22-2","status":"publish","type":"product","link":"https:\/\/brandss.com.py\/index\/producto\/calzado-deportivo-masculino-adidas-ultraboost-22-2\/","title":{"rendered":"CALZADO DEPORTIVO MASCULINO ADIDAS ULTRABOOST 22"},"content":{"rendered":"<p><img loading=\"lazy\" decoding=\"async\" class=\"\" src=\"https:\/\/encrypted-tbn0.gstatic.com\/images?q=tbn:ANd9GcQIO9HvRepmQOPQJtDj-jBhpxzG3DGQDZuYWA&amp;s\" alt=\"Logotipo de Adidas PNG transparente - StickPNG\" width=\"137\" height=\"86\" \/><\/p>\n<h1>ULTRABOOST 22<\/h1>\n<h3 class=\"subtitle___9ljbp\">LA ENERG\u00cdA EVOLUCIONA<\/h3>\n<p class=\"gl-vspace\">Disfruta de una comodidad y respuesta incre\u00edbles con estos tenis de running Ultraboost. Presentan una mediasuela BOOST que te proporciona un retorno de energ\u00eda sin l\u00edmites, un sistema Linear Energy Push y una suela con compuesto de caucho Continental\u2122. Estos tenis presentan una parte superior fabricada con un hilo reciclado de alto rendimiento creado con al menos un 50% de Parley Ocean Plastic \u2014\u00a0\u202fun material reinventado a partir de residuos pl\u00e1sticos recogidos en zonas costeras para evitar que contaminen nuestros oc\u00e9anos.<\/p>\n<div style=\"width: 720px;\" class=\"wp-video\"><video class=\"wp-video-shortcode\" id=\"video-71305-1\" width=\"720\" height=\"720\" preload=\"metadata\" controls=\"controls\"><source type=\"video\/webm\" src=\"https:\/\/brandss.com.py\/index\/wp-content\/uploads\/2025\/02\/Tenis_Ultraboost_22_Negro_GX5464_video.webm?_=1\" \/><a href=\"https:\/\/brandss.com.py\/index\/wp-content\/uploads\/2025\/02\/Tenis_Ultraboost_22_Negro_GX5464_video.webm\">https:\/\/brandss.com.py\/index\/wp-content\/uploads\/2025\/02\/Tenis_Ultraboost_22_Negro_GX5464_video.webm<\/a><\/video><\/div>\n<div class=\"accordion__header-text___2o9Im\">\n<h2 class=\"accordion-title___2sTgR\">Caracter\u00edsticas<\/h2>\n<\/div>\n<div class=\"accordion__header-icon___2FuRa\"><\/div>\n<div class=\"accordion__content___29x9h\">\n<div class=\"content-padding___2kVWQ\">\n<div class=\"features-section___1pumR\">\n<div class=\"item___1X-1_\"><img decoding=\"async\" class=\"img_with_fallback___2aHBu feature-icon___3S9eQ\" src=\"https:\/\/brand.assets.adidas.com\/image\/upload\/neutral_16b16d1637.png\" alt=\"\" data-auto-id=\"image\" \/><\/p>\n<p class=\"feature-icon-text___3Owgv\">Neutro<\/p>\n<\/div>\n<div class=\"item___1X-1_\"><img decoding=\"async\" class=\"img_with_fallback___2aHBu feature-icon___3S9eQ\" src=\"https:\/\/brand.assets.adidas.com\/image\/upload\/regular_a176d1f2d6.png\" alt=\"\" data-auto-id=\"image\" \/><\/p>\n<p class=\"feature-icon-text___3Owgv\">Horma cl\u00e1sica Hombre<\/p>\n<\/div>\n<div class=\"special-item___2Ohsx\"><\/div>\n<div class=\"special-item___2Ohsx\">\n<h2 class=\"accordion-title___2sTgR\">Detalles<\/h2>\n<p class=\"feature-icon-summary-small___31Rc0\">\n<\/div>\n<\/div>\n<div class=\"bullets___3bsSs\" data-auto-id=\"specifications-section\" data-testid=\"specifications-section\">\n<ul class=\"gl-list\">\n<li class=\"gl-vspace-bpall-small\">Horma cl\u00e1sica.<\/li>\n<li class=\"gl-vspace-bpall-small\">Cierre de cordones.<\/li>\n<li class=\"gl-vspace-bpall-small\">Parte superior de tejido adidas PRIMEKNIT.<\/li>\n<li class=\"gl-vspace-bpall-small\">Ajuste suave en el tal\u00f3n.<\/li>\n<li class=\"gl-vspace-bpall-small\">Sistema Linear Energy Push.<\/li>\n<li class=\"gl-vspace-bpall-small\">Mediasuela BOOST.<\/li>\n<li class=\"gl-vspace-bpall-small\">Color: Core Black \/ Turbo \/ Flash Orange.<\/li>\n<li class=\"gl-vspace-bpall-small\">Modelo: GX5464.<\/li>\n<\/ul>\n<\/div>\n<\/div>\n<\/div>\n","protected":false},"excerpt":{"rendered":"<p>ULTRABOOST 22 LA ENERG\u00cdA EVOLUCIONA Disfruta de una comodidad y respuesta incre\u00edbles con estos tenis de running Ultraboost. Presentan una<\/p>\n","protected":false},"featured_media":71307,"comment_status":"open","ping_status":"closed","template":"","meta":{"nf_dc_page":""},"product_brand":[],"product_cat":[76],"product_tag":[],"class_list":{"0":"post-71305","1":"product","2":"type-product","3":"status-publish","4":"has-post-thumbnail","6":"product_cat-masculino","8":"first","9":"instock","10":"shipping-taxable","11":"purchasable","12":"product-type-simple"},"_links":{"self":[{"href":"https:\/\/brandss.com.py\/index\/wp-json\/wp\/v2\/product\/71305","targetHints":{"allow":["GET"]}}],"collection":[{"href":"https:\/\/brandss.com.py\/index\/wp-json\/wp\/v2\/product"}],"about":[{"href":"https:\/\/brandss.com.py\/index\/wp-json\/wp\/v2\/types\/product"}],"replies":[{"embeddable":true,"href":"https:\/\/brandss.com.py\/index\/wp-json\/wp\/v2\/comments?post=71305"}],"version-history":[{"count":1,"href":"https:\/\/brandss.com.py\/index\/wp-json\/wp\/v2\/product\/71305\/revisions"}],"predecessor-version":[{"id":71331,"href":"https:\/\/brandss.com.py\/index\/wp-json\/wp\/v2\/product\/71305\/revisions\/71331"}],"wp:featuredmedia":[{"embeddable":true,"href":"https:\/\/brandss.com.py\/index\/wp-json\/wp\/v2\/media\/71307"}],"wp:attachment":[{"href":"https:\/\/brandss.com.py\/index\/wp-json\/wp\/v2\/media?parent=71305"}],"wp:term":[{"taxonomy":"product_brand","embeddable":true,"href":"https:\/\/brandss.com.py\/index\/wp-json\/wp\/v2\/product_brand?post=71305"},{"taxonomy":"product_cat","embeddable":true,"href":"https:\/\/brandss.com.py\/index\/wp-json\/wp\/v2\/product_cat?post=71305"},{"taxonomy":"product_tag","embeddable":true,"href":"https:\/\/brandss.com.py\/index\/wp-json\/wp\/v2\/product_tag?post=71305"}],"curies":[{"name":"wp","href":"https:\/\/api.w.org\/{rel}","templated":true}]}}