{"id":71306,"date":"2025-02-13T14:03:53","date_gmt":"2025-02-13T14:03:53","guid":{"rendered":"https:\/\/brandss.com.py\/index\/?post_type=product&#038;p=71306"},"modified":"2025-02-13T14:04:14","modified_gmt":"2025-02-13T14:04:14","slug":"calzado-deportivo-femenino-adidas-ultraboost-22-2","status":"publish","type":"product","link":"https:\/\/brandss.com.py\/index\/producto\/calzado-deportivo-femenino-adidas-ultraboost-22-2\/","title":{"rendered":"CALZADO DEPORTIVO FEMENINO ADIDAS ULTRABOOST 22"},"content":{"rendered":"<p><img decoding=\"async\" src=\"https:\/\/encrypted-tbn0.gstatic.com\/images?q=tbn:ANd9GcSGLJC-hmcfN9t5pvZRmFrTBktTfr4lpdWKTA&amp;s\" alt=\"Archivo:Adidas Logo.svg - Wikipedia, la enciclopedia libre\" \/><\/p>\n<h1>GX5588<\/h1>\n<p data-start=\"329\" data-end=\"634\">Dise\u00f1ados con una estructura optimizada para brindar un ajuste mejorado y una pisada m\u00e1s eficiente. Gracias a su innovadora tecnolog\u00eda y materiales de alta calidad, son ideales tanto para corredores experimentados como para quienes buscan comodidad en el d\u00eda a d\u00eda.<\/p>\n<h4 data-start=\"636\" data-end=\"669\"><strong data-start=\"641\" data-end=\"667\">Parte Superior (Upper)<\/strong><\/h4>\n<ul data-start=\"670\" data-end=\"1178\">\n<li data-start=\"670\" data-end=\"820\"><strong data-start=\"672\" data-end=\"699\">Construcci\u00f3n PRIMEKNIT+<\/strong>, que envuelve el pie de manera flexible, proporcionando un ajuste tipo calcet\u00edn que mejora la estabilidad y comodidad.<\/li>\n<li data-start=\"821\" data-end=\"956\"><strong data-start=\"823\" data-end=\"848\">Materiales reciclados<\/strong>, incluyendo contenido de Parley Ocean Plastic, como parte del compromiso de adidas con la sostenibilidad.<\/li>\n<li data-start=\"957\" data-end=\"1079\">Dise\u00f1o <strong data-start=\"966\" data-end=\"991\">ligero y transpirable<\/strong>, asegurando frescura y ventilaci\u00f3n durante las carreras o entrenamientos prolongados.<\/li>\n<li data-start=\"1080\" data-end=\"1178\"><strong data-start=\"1082\" data-end=\"1120\">Refuerzo en el tal\u00f3n y el mediopi\u00e9<\/strong>, brindando mayor estabilidad y soporte en cada zancada.<\/li>\n<\/ul>\n<h4 data-start=\"1180\" data-end=\"1220\"><strong data-start=\"1185\" data-end=\"1218\">Sistema de Ajuste y Comodidad<\/strong><\/h4>\n<ul data-start=\"1221\" data-end=\"1502\">\n<li data-start=\"1221\" data-end=\"1305\"><strong data-start=\"1223\" data-end=\"1256\">Sistema de amarre de cordones<\/strong>, ofreciendo un ajuste seguro y personalizable.<\/li>\n<li data-start=\"1306\" data-end=\"1408\"><strong data-start=\"1308\" data-end=\"1325\">Horma cl\u00e1sica<\/strong>, adapt\u00e1ndose a la mayor\u00eda de los corredores sin ser demasiado estrecha ni ancha.<\/li>\n<li data-start=\"1409\" data-end=\"1502\"><strong data-start=\"1411\" data-end=\"1438\">Forro interno acolchado<\/strong>, proporcionando suavidad y reduciendo el roce en zonas clave.<\/li>\n<\/ul>\n<h4 data-start=\"1504\" data-end=\"1541\"><strong data-start=\"1509\" data-end=\"1539\">Mediasuela y Amortiguaci\u00f3n<\/strong><\/h4>\n<ul data-start=\"1542\" data-end=\"1932\">\n<li data-start=\"1542\" data-end=\"1676\"><strong data-start=\"1544\" data-end=\"1582\">Tecnolog\u00eda BOOST de largo completo<\/strong>, proporcionando un incre\u00edble retorno de energ\u00eda y una sensaci\u00f3n de suavidad en cada pisada.<\/li>\n<li data-start=\"1677\" data-end=\"1794\"><strong data-start=\"1679\" data-end=\"1713\">Diferencial de altura de 10 mm<\/strong> (tal\u00f3n: 22 mm \/ antepi\u00e9: 12 mm), optimizado para ofrecer un impulso adicional.<\/li>\n<li data-start=\"1795\" data-end=\"1932\"><strong data-start=\"1797\" data-end=\"1837\">Sistema Linear Energy Push (LEP 2.0)<\/strong>, que mejora la estabilidad y proporciona una mayor eficiencia en la transici\u00f3n de la pisada.<\/li>\n<\/ul>\n<h4 data-start=\"1934\" data-end=\"1961\"><strong data-start=\"1939\" data-end=\"1959\">Suela y Tracci\u00f3n<\/strong><\/h4>\n<ul data-start=\"1962\" data-end=\"2317\">\n<li data-start=\"1962\" data-end=\"2087\"><strong data-start=\"1964\" data-end=\"2015\">Suela Stretchweb con caucho Continental\u2122 Rubber<\/strong>, proporcionando un agarre excepcional en superficies secas y mojadas.<\/li>\n<li data-start=\"2088\" data-end=\"2205\">Dise\u00f1o flexible que permite una transici\u00f3n m\u00e1s natural del tal\u00f3n a la punta, optimizando la energ\u00eda en cada paso.<\/li>\n<li data-start=\"2206\" data-end=\"2317\">Alta resistencia y durabilidad, ideal para entrenamientos intensivos y carreras de media o larga distancia.<\/li>\n<\/ul>\n<h4 data-start=\"2319\" data-end=\"2342\"><strong data-start=\"2324\" data-end=\"2340\">Peso y Talla<\/strong><\/h4>\n<ul data-start=\"2343\" data-end=\"2602\">\n<li data-start=\"2343\" data-end=\"2459\"><strong data-start=\"2345\" data-end=\"2401\">Peso aproximado de 333 g (en talla 9 US para hombre)<\/strong>, logrando un equilibrio entre amortiguaci\u00f3n y ligereza.<\/li>\n<li data-start=\"2460\" data-end=\"2602\">Disponible en diversas tallas, tanto para hombres como para mujeres, con ajustes espec\u00edficos en la versi\u00f3n femenina (<strong data-start=\"2579\" data-end=\"2598\">Ultraboost 22 W<\/strong>).<\/li>\n<\/ul>\n","protected":false},"excerpt":{"rendered":"<p>GX5588 Dise\u00f1ados con una estructura optimizada para brindar un ajuste mejorado y una pisada m\u00e1s eficiente. Gracias a su innovadora<\/p>\n","protected":false},"featured_media":71311,"comment_status":"open","ping_status":"closed","template":"","meta":{"nf_dc_page":""},"product_brand":[],"product_cat":[73],"product_tag":[],"class_list":{"0":"post-71306","1":"product","2":"type-product","3":"status-publish","4":"has-post-thumbnail","6":"product_cat-femenino","8":"first","9":"instock","10":"shipping-taxable","11":"purchasable","12":"product-type-simple"},"_links":{"self":[{"href":"https:\/\/brandss.com.py\/index\/wp-json\/wp\/v2\/product\/71306","targetHints":{"allow":["GET"]}}],"collection":[{"href":"https:\/\/brandss.com.py\/index\/wp-json\/wp\/v2\/product"}],"about":[{"href":"https:\/\/brandss.com.py\/index\/wp-json\/wp\/v2\/types\/product"}],"replies":[{"embeddable":true,"href":"https:\/\/brandss.com.py\/index\/wp-json\/wp\/v2\/comments?post=71306"}],"version-history":[{"count":1,"href":"https:\/\/brandss.com.py\/index\/wp-json\/wp\/v2\/product\/71306\/revisions"}],"predecessor-version":[{"id":71332,"href":"https:\/\/brandss.com.py\/index\/wp-json\/wp\/v2\/product\/71306\/revisions\/71332"}],"wp:featuredmedia":[{"embeddable":true,"href":"https:\/\/brandss.com.py\/index\/wp-json\/wp\/v2\/media\/71311"}],"wp:attachment":[{"href":"https:\/\/brandss.com.py\/index\/wp-json\/wp\/v2\/media?parent=71306"}],"wp:term":[{"taxonomy":"product_brand","embeddable":true,"href":"https:\/\/brandss.com.py\/index\/wp-json\/wp\/v2\/product_brand?post=71306"},{"taxonomy":"product_cat","embeddable":true,"href":"https:\/\/brandss.com.py\/index\/wp-json\/wp\/v2\/product_cat?post=71306"},{"taxonomy":"product_tag","embeddable":true,"href":"https:\/\/brandss.com.py\/index\/wp-json\/wp\/v2\/product_tag?post=71306"}],"curies":[{"name":"wp","href":"https:\/\/api.w.org\/{rel}","templated":true}]}}