{"id":71349,"date":"2025-02-13T16:25:46","date_gmt":"2025-02-13T16:25:46","guid":{"rendered":"https:\/\/brandss.com.py\/index\/?post_type=product&#038;p=71349"},"modified":"2025-07-14T10:14:00","modified_gmt":"2025-07-14T10:14:00","slug":"calzado-deportivo-masculino-adidas-solar-glide-5","status":"publish","type":"product","link":"https:\/\/brandss.com.py\/index\/producto\/calzado-deportivo-masculino-adidas-solar-glide-5\/","title":{"rendered":"CALZADO DEPORTIVO MASCULINO ADIDAS SOLAR GLIDE 5"},"content":{"rendered":"<p><img loading=\"lazy\" decoding=\"async\" class=\"\" src=\"https:\/\/encrypted-tbn0.gstatic.com\/images?q=tbn:ANd9GcQIO9HvRepmQOPQJtDj-jBhpxzG3DGQDZuYWA&amp;s\" alt=\"Logotipo de Adidas PNG transparente - StickPNG\" width=\"120\" height=\"75\" \/><\/p>\n<h1>SOLAR GLIDE 5<\/h1>\n<p><span>Sal a correr por la ma\u00f1ana, a caminar a la hora del almuerzo y a recorrer kil\u00f3metros por la tarde vistiendo solo lo mejor. Tus zapatillas de running adidas Solar Glide 5 para hombre actualizadas presentan un dise\u00f1o deportivo pero funcional y una suela que rivaliza con todas las que vinieron antes. Desde el despegue hasta el aterrizaje, Adidas LEP 2.0 te brinda el control que necesitas y la nueva construcci\u00f3n Boost\u2122 Double Bubble brinda una experiencia de amortiguaci\u00f3n suprema y alto rebote. Con comodidad durante todo el d\u00eda y control de energ\u00eda estrat\u00e9gicamente integrados en cada costura de las Solar Glide 5, las tendr\u00e1s en tus pies tanto tiempo que tus otras zapatillas te envidiar\u00e1n.<\/span><\/p>\n<h2><span>Caracter\u00edsticas y beneficios:<\/span><\/h2>\n<ul>\n<li><b><span>Soporte de zapatillas para correr<\/span><\/b><span>\u00a0: los corredores neutrales que no necesitan mucho soporte adicional disfrutar\u00e1n de la sensaci\u00f3n de las adidas Solar Glide 5 para hombre.<\/span><\/li>\n<li><b><span>Nivel de amortiguaci\u00f3n<\/span><\/b><span>\u00a0: la amortiguaci\u00f3n de nivel medio garantiza que cada paso se sienta amortiguado pero el\u00e1stico para brindar toneladas de energ\u00eda y comodidad en carreras de cualquier longitud.<\/span><\/li>\n<li><b><span>Ca\u00edda de la entresuela<\/span><\/b><span>\u00a0: tus adidas Solar Glide 5 para hombre tienen una ca\u00edda del tal\u00f3n a la punta de 10 mm.<\/span><\/li>\n<li><b><span>Perfecto para<\/span><\/b><span>\u00a0: carreras largas, carreras cortas y todo lo dem\u00e1s. Este calzado deportivo diario es el caballo de batalla para todas tus carreras y entrenamientos de larga distancia.<\/span><\/li>\n<li><b><span>Ligero y transpirable<\/span><\/b><span>\u00a0: parte superior de punto circular grande Primeblue.<\/span><\/li>\n<li><b><span>M\u00e1xima comodidad<\/span><\/b><span>\u00a0: cuello y leng\u00fceta acolchados.<\/span><\/li>\n<li><b><span>Estabilidad superior<\/span><\/b><span>\u00a0: tal\u00f3n optimizado.<\/span><\/li>\n<li><b><span>Aterrizaje controlado<\/span><\/b><span>\u00a0: adidas LEP 2.0 gu\u00eda el pie a trav\u00e9s del ciclo de marcha antes de proporcionar un impulso inicial.<\/span><\/li>\n<li><b><span>Plataforma de control<\/span><\/b><span>\u00a0: La almohada de refuerzo del pie trasero extendida suaviza el aterrizaje y aumenta el contacto con el suelo al impactar el tal\u00f3n.<\/span><\/li>\n<li><b><span>Retorno de energ\u00eda premium<\/span><\/b><span>\u00a0: mejorado a partir del adidas Solar Glide 4 para hombres, el nuevo BOOST Double Bubble brinda m\u00e1xima amortiguaci\u00f3n y comodidad.<\/span><\/li>\n<li><b><span>Suela con buen agarre<\/span><\/b><span>\u00a0: corre con confianza sabiendo que la suela de goma Continental\u00ae mantendr\u00e1 tus pies firmemente sujetos a la carretera.<\/span><\/li>\n<li><strong>Color:<\/strong> \u00a0Blanco Nube\/ Negro Central\/ Lim Pulso.<\/li>\n<li><strong>Modelo:<\/strong> GX5472.<\/li>\n<\/ul>\n","protected":false},"excerpt":{"rendered":"<p>SOLAR GLIDE 5 Sal a correr por la ma\u00f1ana, a caminar a la hora del almuerzo y a recorrer kil\u00f3metros<\/p>\n","protected":false},"featured_media":71356,"comment_status":"open","ping_status":"closed","template":"","meta":{"nf_dc_page":""},"product_brand":[],"product_cat":[76],"product_tag":[],"class_list":{"0":"post-71349","1":"product","2":"type-product","3":"status-publish","4":"has-post-thumbnail","6":"product_cat-masculino","8":"first","9":"instock","10":"shipping-taxable","11":"purchasable","12":"product-type-simple"},"_links":{"self":[{"href":"https:\/\/brandss.com.py\/index\/wp-json\/wp\/v2\/product\/71349","targetHints":{"allow":["GET"]}}],"collection":[{"href":"https:\/\/brandss.com.py\/index\/wp-json\/wp\/v2\/product"}],"about":[{"href":"https:\/\/brandss.com.py\/index\/wp-json\/wp\/v2\/types\/product"}],"replies":[{"embeddable":true,"href":"https:\/\/brandss.com.py\/index\/wp-json\/wp\/v2\/comments?post=71349"}],"version-history":[{"count":1,"href":"https:\/\/brandss.com.py\/index\/wp-json\/wp\/v2\/product\/71349\/revisions"}],"predecessor-version":[{"id":71368,"href":"https:\/\/brandss.com.py\/index\/wp-json\/wp\/v2\/product\/71349\/revisions\/71368"}],"wp:featuredmedia":[{"embeddable":true,"href":"https:\/\/brandss.com.py\/index\/wp-json\/wp\/v2\/media\/71356"}],"wp:attachment":[{"href":"https:\/\/brandss.com.py\/index\/wp-json\/wp\/v2\/media?parent=71349"}],"wp:term":[{"taxonomy":"product_brand","embeddable":true,"href":"https:\/\/brandss.com.py\/index\/wp-json\/wp\/v2\/product_brand?post=71349"},{"taxonomy":"product_cat","embeddable":true,"href":"https:\/\/brandss.com.py\/index\/wp-json\/wp\/v2\/product_cat?post=71349"},{"taxonomy":"product_tag","embeddable":true,"href":"https:\/\/brandss.com.py\/index\/wp-json\/wp\/v2\/product_tag?post=71349"}],"curies":[{"name":"wp","href":"https:\/\/api.w.org\/{rel}","templated":true}]}}