{"id":71372,"date":"2025-02-13T16:47:44","date_gmt":"2025-02-13T16:47:44","guid":{"rendered":"https:\/\/brandss.com.py\/index\/?post_type=product&#038;p=71372"},"modified":"2025-02-13T16:48:37","modified_gmt":"2025-02-13T16:48:37","slug":"calzado-deportivo-femenino-adidas-solar-glide-5","status":"publish","type":"product","link":"https:\/\/brandss.com.py\/index\/producto\/calzado-deportivo-femenino-adidas-solar-glide-5\/","title":{"rendered":"CALZADO DEPORTIVO FEMENINO ADIDAS SOLAR GLIDE 5"},"content":{"rendered":"<p><img loading=\"lazy\" decoding=\"async\" class=\"\" src=\"https:\/\/encrypted-tbn0.gstatic.com\/images?q=tbn:ANd9GcQIO9HvRepmQOPQJtDj-jBhpxzG3DGQDZuYWA&amp;s\" alt=\"Logotipo de Adidas PNG transparente - StickPNG\" width=\"128\" height=\"80\" \/><\/p>\n<h1>SOLAR GLIDE 5<\/h1>\n<h3 class=\"subtitle___9ljbp\">SOLARGLIDE 5. UNOS TENIS DE RUNNING VERS\u00c1TILES PARA USO DIARIO CON UN RETORNO DE ENERG\u00cdA INCRE\u00cdBLE<\/h3>\n<p class=\"gl-vspace\">Sea que est\u00e9s fortaleciendo tu consistencia, mejorando tu resistencia o entrenando para mejorar tu marca personal, los tenis Solarglide 5 son los que eliges para ayudarte a cumplir tus metas a diario. Incorporan tecnolog\u00eda de alto rendimiento, desde la mediasuela BOOST hasta el c\u00f3modo exterior tejido y la tecnolog\u00eda adidas LEP 2. El exterior de este calzado est\u00e1 confeccionado con hilo de alto rendimiento que contiene al menos un 5% de Parley Ocean Plastic, un material que ha sido recuperado de residuos pl\u00e1sticos recogidos en islas, playas, comunidades costeras y costas evitando que contaminen nuestros oc\u00e9anos.<\/p>\n<div style=\"width: 720px;\" class=\"wp-video\"><video class=\"wp-video-shortcode\" id=\"video-71372-1\" width=\"720\" height=\"720\" preload=\"metadata\" controls=\"controls\"><source type=\"video\/webm\" src=\"https:\/\/brandss.com.py\/index\/wp-content\/uploads\/2025\/02\/Tenis_Solarglide_5_Blanco_GX5496_video.webm?_=1\" \/><a href=\"https:\/\/brandss.com.py\/index\/wp-content\/uploads\/2025\/02\/Tenis_Solarglide_5_Blanco_GX5496_video.webm\">https:\/\/brandss.com.py\/index\/wp-content\/uploads\/2025\/02\/Tenis_Solarglide_5_Blanco_GX5496_video.webm<\/a><\/video><\/div>\n<div class=\"highlight___3fa4r\">\n<div class=\"highlight-text___lgoJI\">\n<h3 class=\"highlight-text__headline___25B2G\">Mediasuela Boost<\/h3>\n<p>Cientos de c\u00e1psulas Boost que liberan una explosi\u00f3n de energ\u00eda a cada paso.<\/p>\n<\/div>\n<\/div>\n<div class=\"highlight___3fa4r\">\n<div class=\"highlight-text___lgoJI\">\n<h3 class=\"highlight-text__headline___25B2G\">adidas LEP 2.0<\/h3>\n<p>La evoluci\u00f3n de nuestro legendario Sistema Torsion. Incorporada a la suela para un mejor rendimiento.<\/p>\n<\/div>\n<\/div>\n<div class=\"highlight___3fa4r\">\n<div class=\"highlight-text___lgoJI\">\n<h3 class=\"highlight-text__headline___25B2G\">Transformar el problema en rendimiento<\/h3>\n<p>Este material no es la \u00fanica manera de cuidar de nuestros oc\u00e9anos, pero es un primer paso.<\/p>\n<div class=\"accordion__header-text___2o9Im\">\n<h2><\/h2>\n<h2 class=\"accordion-title___2sTgR\">Tecnolog\u00eda<\/h2>\n<\/div>\n<div class=\"accordion__content___29x9h\">\n<div class=\"content-padding___2kVWQ\">\n<div class=\"technologies-section___3gZqW technologies-section--w-img___1dgiS\">\n<div class=\"technologies-asset-container___2eDiC\"><\/div>\n<div class=\"technologies-content-container--w-img___39J4G\">\n<div class=\"technologies-content-name___kkx_0\">BOOST<\/div>\n<div class=\"technologies-content-title___moWj6\">Energ\u00eda Ilimitada<\/div>\n<p class=\"technologies-content-subtitle___2bGCf\">La amortiguaci\u00f3n adidas BOOST te proporciona m\u00e1ximo retorno de energ\u00eda y comodidad en cada paso.<\/p>\n<div class=\"accordion__header-text___2o9Im\">\n<h2 class=\"accordion-title___2sTgR\">Caracter\u00edsticas<\/h2>\n<\/div>\n<div class=\"accordion__header-icon___2FuRa\"><\/div>\n<div class=\"accordion__content___29x9h\">\n<div class=\"content-padding___2kVWQ\">\n<div class=\"features-section___1pumR\">\n<div class=\"item___1X-1_\"><img decoding=\"async\" class=\"img_with_fallback___2aHBu feature-icon___3S9eQ\" src=\"https:\/\/brand.assets.adidas.com\/image\/upload\/neutral_16b16d1637.png\" alt=\"\" data-auto-id=\"image\" \/><\/p>\n<p class=\"feature-icon-text___3Owgv\">Neutro<\/p>\n<\/div>\n<div class=\"item___1X-1_\"><img decoding=\"async\" class=\"img_with_fallback___2aHBu feature-icon___3S9eQ\" src=\"https:\/\/brand.assets.adidas.com\/image\/upload\/regular_a176d1f2d6.png\" alt=\"\" data-auto-id=\"image\" \/><\/p>\n<p class=\"feature-icon-text___3Owgv\">Horma cl\u00e1sica Mujer<\/p>\n<\/div>\n<div class=\"special-item___2Ohsx\">\n<h2 class=\"accordion-title___2sTgR\">Detalles<\/h2>\n<\/div>\n<\/div>\n<div class=\"bullets___3bsSs\" data-auto-id=\"specifications-section\" data-testid=\"specifications-section\">\n<ul class=\"gl-list\">\n<li class=\"gl-vspace-bpall-small\">Ajuste cl\u00e1sico.<\/li>\n<li class=\"gl-vspace-bpall-small\">Sistema de amarre de cordones.<\/li>\n<li class=\"gl-vspace-bpall-small\">Exterior de tejido circular.<\/li>\n<li class=\"gl-vspace-bpall-small\">Mediasuela con amortiguaci\u00f3n BOOST.<\/li>\n<li class=\"gl-vspace-bpall-small\">Suela de caucho Continental\u2122 Rubber.<\/li>\n<li class=\"gl-vspace-bpall-small\">Ca\u00edda mediasuela: 1 mm (tal\u00f3n: 36 mm \/ antepi\u00e9: 26 mm).<\/li>\n<li class=\"gl-vspace-bpall-small\">adidas LEP 2.<\/li>\n<li class=\"gl-vspace-bpall-small\">Color: Core White \/ Silver Metallic \/ Light Flash Orange.<\/li>\n<li class=\"gl-vspace-bpall-small\">Modelo: GX5496.<\/li>\n<\/ul>\n<\/div>\n<\/div>\n<\/div>\n<\/div>\n<\/div>\n<\/div>\n<\/div>\n<\/div>\n<\/div>\n","protected":false},"excerpt":{"rendered":"<p>SOLAR GLIDE 5 SOLARGLIDE 5. UNOS TENIS DE RUNNING VERS\u00c1TILES PARA USO DIARIO CON UN RETORNO DE ENERG\u00cdA INCRE\u00cdBLE Sea<\/p>\n","protected":false},"featured_media":71374,"comment_status":"open","ping_status":"closed","template":"","meta":{"nf_dc_page":""},"product_brand":[],"product_cat":[73],"product_tag":[],"class_list":{"0":"post-71372","1":"product","2":"type-product","3":"status-publish","4":"has-post-thumbnail","6":"product_cat-femenino","8":"first","9":"instock","10":"shipping-taxable","11":"purchasable","12":"product-type-simple"},"_links":{"self":[{"href":"https:\/\/brandss.com.py\/index\/wp-json\/wp\/v2\/product\/71372","targetHints":{"allow":["GET"]}}],"collection":[{"href":"https:\/\/brandss.com.py\/index\/wp-json\/wp\/v2\/product"}],"about":[{"href":"https:\/\/brandss.com.py\/index\/wp-json\/wp\/v2\/types\/product"}],"replies":[{"embeddable":true,"href":"https:\/\/brandss.com.py\/index\/wp-json\/wp\/v2\/comments?post=71372"}],"version-history":[{"count":1,"href":"https:\/\/brandss.com.py\/index\/wp-json\/wp\/v2\/product\/71372\/revisions"}],"predecessor-version":[{"id":71386,"href":"https:\/\/brandss.com.py\/index\/wp-json\/wp\/v2\/product\/71372\/revisions\/71386"}],"wp:featuredmedia":[{"embeddable":true,"href":"https:\/\/brandss.com.py\/index\/wp-json\/wp\/v2\/media\/71374"}],"wp:attachment":[{"href":"https:\/\/brandss.com.py\/index\/wp-json\/wp\/v2\/media?parent=71372"}],"wp:term":[{"taxonomy":"product_brand","embeddable":true,"href":"https:\/\/brandss.com.py\/index\/wp-json\/wp\/v2\/product_brand?post=71372"},{"taxonomy":"product_cat","embeddable":true,"href":"https:\/\/brandss.com.py\/index\/wp-json\/wp\/v2\/product_cat?post=71372"},{"taxonomy":"product_tag","embeddable":true,"href":"https:\/\/brandss.com.py\/index\/wp-json\/wp\/v2\/product_tag?post=71372"}],"curies":[{"name":"wp","href":"https:\/\/api.w.org\/{rel}","templated":true}]}}