{"id":71438,"date":"2025-02-13T18:29:59","date_gmt":"2025-02-13T18:29:59","guid":{"rendered":"https:\/\/brandss.com.py\/index\/?post_type=product&#038;p=71438"},"modified":"2025-02-13T18:40:46","modified_gmt":"2025-02-13T18:40:46","slug":"calzado-deportivo-femenino-adidas-her-court-3","status":"publish","type":"product","link":"https:\/\/brandss.com.py\/index\/producto\/calzado-deportivo-femenino-adidas-her-court-3\/","title":{"rendered":"CALZADO DEPORTIVO FEMENINO ADIDAS HER COURT"},"content":{"rendered":"<p><img loading=\"lazy\" decoding=\"async\" class=\"\" src=\"https:\/\/encrypted-tbn0.gstatic.com\/images?q=tbn:ANd9GcQIO9HvRepmQOPQJtDj-jBhpxzG3DGQDZuYWA&amp;s\" alt=\"Logotipo de Adidas PNG transparente - StickPNG\" width=\"137\" height=\"86\" \/><\/p>\n<h1>HER COURT<\/h1>\n<h3 class=\"subtitle___9ljbp\">Zapatos brillantes y ligeros con un gr\u00e1fico de goteo de pintura.<\/h3>\n<p class=\"gl-vspace\">Ligeras y elegantes. Eso es lo que caracteriza a las zapatillas adidas Her Court. Una hermosa parte superior de cuero de color naranja crema se destaca de inmediato. \u00dasalas con jeans de colores oscuros o combina el llamativo gr\u00e1fico de gotas de pintura con un look sin calcetines. Mant\u00e9n ese dinamismo en tus pasos con una plantilla de espuma viscoel\u00e1stica afelpada que te mantiene c\u00f3modo todo el d\u00eda.<\/p>\n<div class=\"accordion__header-text___2o9Im\">\n<h2 class=\"accordion-title___2sTgR\">Detalles<\/h2>\n<\/div>\n<div class=\"accordion__header-icon___2FuRa\"><\/div>\n<div class=\"accordion__content___29x9h\">\n<div class=\"content-padding___2kVWQ\">\n<div class=\"bullets___3bsSs\" data-auto-id=\"specifications-section\" data-testid=\"specifications-section\">\n<ul class=\"gl-list\">\n<li class=\"gl-vspace-bpall-small\">Cierre de encaje.<\/li>\n<li class=\"gl-vspace-bpall-small\">Parte superior textil.<\/li>\n<li class=\"gl-vspace-bpall-small\">Sensaci\u00f3n suave y ligera.<\/li>\n<li class=\"gl-vspace-bpall-small\">Plantilla de espuma viscoel\u00e1stica.<\/li>\n<li class=\"gl-vspace-bpall-small\">Suela de goma.<\/li>\n<li class=\"gl-vspace-bpall-small\">Color: naranja \u00e1cido \/ naranja \u00e1cido \/ negro b\u00e1sico.<\/li>\n<li class=\"gl-vspace-bpall-small\">Modelo: GY3581.<\/li>\n<\/ul>\n<\/div>\n<\/div>\n<\/div>\n","protected":false},"excerpt":{"rendered":"<p>HER COURT Zapatos brillantes y ligeros con un gr\u00e1fico de goteo de pintura. Ligeras y elegantes. Eso es lo que<\/p>\n","protected":false},"featured_media":71463,"comment_status":"open","ping_status":"closed","template":"","meta":{"nf_dc_page":""},"product_brand":[],"product_cat":[73],"product_tag":[],"class_list":{"0":"post-71438","1":"product","2":"type-product","3":"status-publish","4":"has-post-thumbnail","6":"product_cat-femenino","8":"first","9":"instock","10":"shipping-taxable","11":"purchasable","12":"product-type-simple"},"_links":{"self":[{"href":"https:\/\/brandss.com.py\/index\/wp-json\/wp\/v2\/product\/71438","targetHints":{"allow":["GET"]}}],"collection":[{"href":"https:\/\/brandss.com.py\/index\/wp-json\/wp\/v2\/product"}],"about":[{"href":"https:\/\/brandss.com.py\/index\/wp-json\/wp\/v2\/types\/product"}],"replies":[{"embeddable":true,"href":"https:\/\/brandss.com.py\/index\/wp-json\/wp\/v2\/comments?post=71438"}],"version-history":[{"count":2,"href":"https:\/\/brandss.com.py\/index\/wp-json\/wp\/v2\/product\/71438\/revisions"}],"predecessor-version":[{"id":71472,"href":"https:\/\/brandss.com.py\/index\/wp-json\/wp\/v2\/product\/71438\/revisions\/71472"}],"wp:featuredmedia":[{"embeddable":true,"href":"https:\/\/brandss.com.py\/index\/wp-json\/wp\/v2\/media\/71463"}],"wp:attachment":[{"href":"https:\/\/brandss.com.py\/index\/wp-json\/wp\/v2\/media?parent=71438"}],"wp:term":[{"taxonomy":"product_brand","embeddable":true,"href":"https:\/\/brandss.com.py\/index\/wp-json\/wp\/v2\/product_brand?post=71438"},{"taxonomy":"product_cat","embeddable":true,"href":"https:\/\/brandss.com.py\/index\/wp-json\/wp\/v2\/product_cat?post=71438"},{"taxonomy":"product_tag","embeddable":true,"href":"https:\/\/brandss.com.py\/index\/wp-json\/wp\/v2\/product_tag?post=71438"}],"curies":[{"name":"wp","href":"https:\/\/api.w.org\/{rel}","templated":true}]}}