{"id":71450,"date":"2025-02-13T18:27:15","date_gmt":"2025-02-13T18:27:15","guid":{"rendered":"https:\/\/brandss.com.py\/index\/?post_type=product&#038;p=71450"},"modified":"2025-02-13T18:28:56","modified_gmt":"2025-02-13T18:28:56","slug":"calzado-deportivo-femeino-adidas-x9000l4","status":"publish","type":"product","link":"https:\/\/brandss.com.py\/index\/producto\/calzado-deportivo-femeino-adidas-x9000l4\/","title":{"rendered":"CALZADO DEPORTIVO FEMEINO ADIDAS X9000L4"},"content":{"rendered":"<p><img decoding=\"async\" src=\"https:\/\/encrypted-tbn0.gstatic.com\/images?q=tbn:ANd9GcSGLJC-hmcfN9t5pvZRmFrTBktTfr4lpdWKTA&amp;s\" alt=\"Archivo:Adidas Logo.svg - Wikipedia, la enciclopedia libre\" \/><\/p>\n<h1>GX7758<\/h1>\n<p>Aprovecha al m\u00e1ximo tus salidas a correr y el resto del d\u00eda. Estas zapatillas de running adidas HEAT.RDY mantienen tus pies frescos en los d\u00edas de calor y proporcionan un retorno de energ\u00eda sin fin con la tecnolog\u00eda de amortiguaci\u00f3n BOOST. No importa si caminas o corres a toda velocidad, su estilo de alta visibilidad se destaca del resto. Hechos con una serie de materiales reciclados, su exterior incorpora al menos un 50% de contenido reciclado. Este producto representa solo una de nuestras soluciones para acabar con los residuos pl\u00e1sticos.<\/p>\n<ul class=\"gl-list\">\n<li class=\"gl-vspace-bpall-small\">Sistema de amarre de cordones<\/li>\n<li class=\"gl-vspace-bpall-small\">Exterior de tejido adidas Primeknit<\/li>\n<li class=\"gl-vspace-bpall-small\">Mediasuela Boost<\/li>\n<li class=\"gl-vspace-bpall-small\">Forro interno textil<\/li>\n<li class=\"gl-vspace-bpall-small\">Peso: 367 g<\/li>\n<\/ul>\n<ul class=\"gl-list\">\n<li class=\"gl-vspace-bpall-small\">Diferencial mediasuela: 10 mm (tal\u00f3n: 24 mm \/ antepi\u00e9: 14 mm)<\/li>\n<li class=\"gl-vspace-bpall-small\">Suela de caucho<\/li>\n<li class=\"gl-vspace-bpall-small\">El exterior contiene al menos un 50% de material reciclado.<\/li>\n<li class=\"gl-vspace-bpall-small\">Color del art\u00edculo: Cloud White \/ Cloud White \/ Magic Mauve<\/li>\n<li class=\"gl-vspace-bpall-small\">N\u00famero de art\u00edculo: GX7758<\/li>\n<\/ul>\n","protected":false},"excerpt":{"rendered":"<p>GX7758 Aprovecha al m\u00e1ximo tus salidas a correr y el resto del d\u00eda. Estas zapatillas de running adidas HEAT.RDY mantienen<\/p>\n","protected":false},"featured_media":71452,"comment_status":"open","ping_status":"closed","template":"","meta":{"nf_dc_page":""},"product_brand":[],"product_cat":[73],"product_tag":[],"class_list":{"0":"post-71450","1":"product","2":"type-product","3":"status-publish","4":"has-post-thumbnail","6":"product_cat-femenino","8":"first","9":"instock","10":"shipping-taxable","11":"purchasable","12":"product-type-simple"},"_links":{"self":[{"href":"https:\/\/brandss.com.py\/index\/wp-json\/wp\/v2\/product\/71450","targetHints":{"allow":["GET"]}}],"collection":[{"href":"https:\/\/brandss.com.py\/index\/wp-json\/wp\/v2\/product"}],"about":[{"href":"https:\/\/brandss.com.py\/index\/wp-json\/wp\/v2\/types\/product"}],"replies":[{"embeddable":true,"href":"https:\/\/brandss.com.py\/index\/wp-json\/wp\/v2\/comments?post=71450"}],"version-history":[{"count":1,"href":"https:\/\/brandss.com.py\/index\/wp-json\/wp\/v2\/product\/71450\/revisions"}],"predecessor-version":[{"id":71460,"href":"https:\/\/brandss.com.py\/index\/wp-json\/wp\/v2\/product\/71450\/revisions\/71460"}],"wp:featuredmedia":[{"embeddable":true,"href":"https:\/\/brandss.com.py\/index\/wp-json\/wp\/v2\/media\/71452"}],"wp:attachment":[{"href":"https:\/\/brandss.com.py\/index\/wp-json\/wp\/v2\/media?parent=71450"}],"wp:term":[{"taxonomy":"product_brand","embeddable":true,"href":"https:\/\/brandss.com.py\/index\/wp-json\/wp\/v2\/product_brand?post=71450"},{"taxonomy":"product_cat","embeddable":true,"href":"https:\/\/brandss.com.py\/index\/wp-json\/wp\/v2\/product_cat?post=71450"},{"taxonomy":"product_tag","embeddable":true,"href":"https:\/\/brandss.com.py\/index\/wp-json\/wp\/v2\/product_tag?post=71450"}],"curies":[{"name":"wp","href":"https:\/\/api.w.org\/{rel}","templated":true}]}}