{"id":71484,"date":"2025-02-14T18:08:55","date_gmt":"2025-02-14T18:08:55","guid":{"rendered":"https:\/\/brandss.com.py\/index\/?post_type=product&#038;p=71484"},"modified":"2025-02-14T18:09:21","modified_gmt":"2025-02-14T18:09:21","slug":"calzado-deportivo-masculino-adidas-forum-low","status":"publish","type":"product","link":"https:\/\/brandss.com.py\/index\/producto\/calzado-deportivo-masculino-adidas-forum-low\/","title":{"rendered":"CALZADO DEPORTIVO MASCULINO ADIDAS FORUM LOW"},"content":{"rendered":"<p><img loading=\"lazy\" decoding=\"async\" class=\"\" src=\"https:\/\/static.vecteezy.com\/system\/resources\/previews\/014\/414\/689\/non_2x\/adidas-new-logo-on-transparent-background-free-vector.jpg\" alt=\"nuevo logotipo de adidas sobre fondo transparente 14414689 Vector en  Vecteezy\" width=\"96\" height=\"96\" \/><\/p>\n<h1>FORUM LOW<\/h1>\n<h3 class=\"subtitle___9ljbp\"><span>Calzados bajos Forum fabricados en parte con contenido reciclado.<\/span><\/h3>\n<p class=\"gl-vspace\"><span>\u00bfQuieres ver de lo que eres capaz? Ponte estos calzados adidas Forum y prep\u00e1rate para descubrirlo. Estos calzados inspirados en el baloncesto, un s\u00edmbolo de la autoexpresi\u00f3n desde 1984, tratan de superar los l\u00edmites y ver lo que puedes lograr con esfuerzo. Honrando el hecho de que no estar\u00edamos donde estamos sin los dem\u00e1s, lucen los colores cl\u00e1sicos del equipo, enfatizados a\u00fan m\u00e1s con esa banda para la cabeza de felpa. La parte superior de cuero blanco n\u00edtido y los toques de color rinden homenaje al legado de Forum cada vez que sales a la calle.<\/span><\/p>\n<div class=\"highlight___3fa4r\">\n<div class=\"highlight-text___lgoJI\">\n<h3 class=\"highlight-text__headline___25B2G\"><span>Contribuyendo a reducir el uso de materiales v\u00edrgenes<\/span><\/h3>\n<p><span>Generado a partir de residuos de producci\u00f3n, por ejemplo, restos de corte y residuos dom\u00e9sticos posconsumo, para evitar el mayor impacto ambiental que supone producir contenido virgen.<\/span><\/p>\n<\/div>\n<\/div>\n<div class=\"highlight___3fa4r\">\n<div class=\"highlight-text___lgoJI\">\n<h3 class=\"highlight-text__headline___25B2G\"><span>Correas de tobillo<\/span><\/h3>\n<p><span>Originalmente utilizados para apoyar a los jugadores durante el juego, ahora brindan comodidad durante todo el d\u00eda.<\/span><\/p>\n<\/div>\n<\/div>\n<div class=\"highlight___3fa4r\">\n<div class=\"highlight-text___lgoJI\">\n<h3 class=\"highlight-text__headline___25B2G\">La X marca el lugar<\/h3>\n<p>El detalle X se mantiene fiel al \u00edcono del baloncesto OG.<\/p>\n<div class=\"accordion__header-text___2o9Im\">\n<h2 class=\"accordion-title___2sTgR\"><span>Detalles<\/span><\/h2>\n<\/div>\n<div class=\"accordion__header-icon___2FuRa\"><\/div>\n<div class=\"accordion__content___29x9h\">\n<div class=\"content-padding___2kVWQ\">\n<div class=\"bullets___3bsSs\" data-auto-id=\"specifications-section\" data-testid=\"specifications-section\">\n<ul class=\"gl-list\">\n<li class=\"gl-vspace-bpall-small\"><span>Cierre de cordones con tira de velcro.<\/span><\/li>\n<li class=\"gl-vspace-bpall-small\"><span>Parte superior de cuero.<\/span><\/li>\n<li class=\"gl-vspace-bpall-small\"><span>Forro textil.<\/span><\/li>\n<li class=\"gl-vspace-bpall-small\"><span>Suela de goma.<\/span><\/li>\n<li class=\"gl-vspace-bpall-small\"><span>El 25% de los componentes utilizados para fabricar la parte superior est\u00e1n hechos con un m\u00ednimo del 50% de contenido reciclado.<\/span><\/li>\n<li class=\"gl-vspace-bpall-small\"><span>Color: Blanco nube \/ Azul marino sombra \/ Blanco nube.<\/span><\/li>\n<li class=\"gl-vspace-bpall-small\"><span>Modelo: GY5831.<\/span><\/li>\n<\/ul>\n<\/div>\n<\/div>\n<\/div>\n<\/div>\n<\/div>\n","protected":false},"excerpt":{"rendered":"<p>FORUM LOW Calzados bajos Forum fabricados en parte con contenido reciclado. \u00bfQuieres ver de lo que eres capaz? Ponte estos<\/p>\n","protected":false},"featured_media":71485,"comment_status":"open","ping_status":"closed","template":"","meta":{"nf_dc_page":""},"product_brand":[],"product_cat":[76],"product_tag":[],"class_list":{"0":"post-71484","1":"product","2":"type-product","3":"status-publish","4":"has-post-thumbnail","6":"product_cat-masculino","8":"first","9":"instock","10":"shipping-taxable","11":"purchasable","12":"product-type-simple"},"_links":{"self":[{"href":"https:\/\/brandss.com.py\/index\/wp-json\/wp\/v2\/product\/71484","targetHints":{"allow":["GET"]}}],"collection":[{"href":"https:\/\/brandss.com.py\/index\/wp-json\/wp\/v2\/product"}],"about":[{"href":"https:\/\/brandss.com.py\/index\/wp-json\/wp\/v2\/types\/product"}],"replies":[{"embeddable":true,"href":"https:\/\/brandss.com.py\/index\/wp-json\/wp\/v2\/comments?post=71484"}],"version-history":[{"count":1,"href":"https:\/\/brandss.com.py\/index\/wp-json\/wp\/v2\/product\/71484\/revisions"}],"predecessor-version":[{"id":71494,"href":"https:\/\/brandss.com.py\/index\/wp-json\/wp\/v2\/product\/71484\/revisions\/71494"}],"wp:featuredmedia":[{"embeddable":true,"href":"https:\/\/brandss.com.py\/index\/wp-json\/wp\/v2\/media\/71485"}],"wp:attachment":[{"href":"https:\/\/brandss.com.py\/index\/wp-json\/wp\/v2\/media?parent=71484"}],"wp:term":[{"taxonomy":"product_brand","embeddable":true,"href":"https:\/\/brandss.com.py\/index\/wp-json\/wp\/v2\/product_brand?post=71484"},{"taxonomy":"product_cat","embeddable":true,"href":"https:\/\/brandss.com.py\/index\/wp-json\/wp\/v2\/product_cat?post=71484"},{"taxonomy":"product_tag","embeddable":true,"href":"https:\/\/brandss.com.py\/index\/wp-json\/wp\/v2\/product_tag?post=71484"}],"curies":[{"name":"wp","href":"https:\/\/api.w.org\/{rel}","templated":true}]}}