{"id":71495,"date":"2025-02-14T18:27:40","date_gmt":"2025-02-14T18:27:40","guid":{"rendered":"https:\/\/brandss.com.py\/index\/?post_type=product&#038;p=71495"},"modified":"2025-02-14T18:28:03","modified_gmt":"2025-02-14T18:28:03","slug":"calzado-deportivo-femenino-adidas-nmd_r1-2","status":"publish","type":"product","link":"https:\/\/brandss.com.py\/index\/producto\/calzado-deportivo-femenino-adidas-nmd_r1-2\/","title":{"rendered":"CALZADO DEPORTIVO FEMENINO ADIDAS NMD_R1"},"content":{"rendered":"<p><img loading=\"lazy\" decoding=\"async\" class=\"\" src=\"https:\/\/static.vecteezy.com\/system\/resources\/previews\/014\/414\/689\/non_2x\/adidas-new-logo-on-transparent-background-free-vector.jpg\" alt=\"nuevo logotipo de adidas sobre fondo transparente 14414689 Vector en  Vecteezy\" width=\"75\" height=\"75\" \/><\/p>\n<h1>NMD_R1<\/h1>\n<h3 class=\"subtitle___9ljbp\"><span>Zapatos NMD elegantes y aerodin\u00e1micos.<\/span><\/h3>\n<p class=\"gl-vspace\"><span>Recorre las calles de cemento. Observa la puesta de sol tras los rascacielos. Respira el aire fresco. Ponte el estilo elegante de estos calzados adidas y disfruta de tu d\u00eda con una entresuela BOOST reactiva. No importa en qu\u00e9 parte del mundo te encuentres, est\u00e1s equipado para seguir el ritmo.<\/span><\/p>\n<div class=\"accordion__header-text___2o9Im\">\n<h2 class=\"accordion-title___2sTgR\"><span>Detalles<\/span><\/h2>\n<\/div>\n<div class=\"accordion__header-icon___2FuRa\"><\/div>\n<div class=\"accordion__content___29x9h\">\n<div class=\"content-padding___2kVWQ\">\n<div class=\"bullets___3bsSs\" data-auto-id=\"specifications-section\" data-testid=\"specifications-section\">\n<ul class=\"gl-list\">\n<li class=\"gl-vspace-bpall-small\"><span>Cierre de encaje.<\/span><\/li>\n<li class=\"gl-vspace-bpall-small\"><span>Parte superior de punto el\u00e1stico.<\/span><\/li>\n<li class=\"gl-vspace-bpall-small\"><span>Abraza el pie.<\/span><\/li>\n<li class=\"gl-vspace-bpall-small\"><span>Forro textil.<\/span><\/li>\n<li class=\"gl-vspace-bpall-small\"><span>Entresuela BOOST.<\/span><\/li>\n<li class=\"gl-vspace-bpall-small\"><span>Suela de goma.<\/span><\/li>\n<li class=\"gl-vspace-bpall-small\"><span>Color: Blanco nube \/ Blanco nube \/ Negro n\u00facleo.<\/span><\/li>\n<li class=\"gl-vspace-bpall-small\"><span>Modelo: GY6067.<\/span><\/li>\n<\/ul>\n<\/div>\n<\/div>\n<\/div>\n","protected":false},"excerpt":{"rendered":"<p>NMD_R1 Zapatos NMD elegantes y aerodin\u00e1micos. Recorre las calles de cemento. Observa la puesta de sol tras los rascacielos. Respira<\/p>\n","protected":false},"featured_media":71497,"comment_status":"open","ping_status":"closed","template":"","meta":{"nf_dc_page":""},"product_brand":[],"product_cat":[73],"product_tag":[],"class_list":{"0":"post-71495","1":"product","2":"type-product","3":"status-publish","4":"has-post-thumbnail","6":"product_cat-femenino","8":"first","9":"instock","10":"shipping-taxable","11":"purchasable","12":"product-type-simple"},"_links":{"self":[{"href":"https:\/\/brandss.com.py\/index\/wp-json\/wp\/v2\/product\/71495","targetHints":{"allow":["GET"]}}],"collection":[{"href":"https:\/\/brandss.com.py\/index\/wp-json\/wp\/v2\/product"}],"about":[{"href":"https:\/\/brandss.com.py\/index\/wp-json\/wp\/v2\/types\/product"}],"replies":[{"embeddable":true,"href":"https:\/\/brandss.com.py\/index\/wp-json\/wp\/v2\/comments?post=71495"}],"version-history":[{"count":1,"href":"https:\/\/brandss.com.py\/index\/wp-json\/wp\/v2\/product\/71495\/revisions"}],"predecessor-version":[{"id":71514,"href":"https:\/\/brandss.com.py\/index\/wp-json\/wp\/v2\/product\/71495\/revisions\/71514"}],"wp:featuredmedia":[{"embeddable":true,"href":"https:\/\/brandss.com.py\/index\/wp-json\/wp\/v2\/media\/71497"}],"wp:attachment":[{"href":"https:\/\/brandss.com.py\/index\/wp-json\/wp\/v2\/media?parent=71495"}],"wp:term":[{"taxonomy":"product_brand","embeddable":true,"href":"https:\/\/brandss.com.py\/index\/wp-json\/wp\/v2\/product_brand?post=71495"},{"taxonomy":"product_cat","embeddable":true,"href":"https:\/\/brandss.com.py\/index\/wp-json\/wp\/v2\/product_cat?post=71495"},{"taxonomy":"product_tag","embeddable":true,"href":"https:\/\/brandss.com.py\/index\/wp-json\/wp\/v2\/product_tag?post=71495"}],"curies":[{"name":"wp","href":"https:\/\/api.w.org\/{rel}","templated":true}]}}