{"id":71515,"date":"2025-02-14T18:41:55","date_gmt":"2025-02-14T18:41:55","guid":{"rendered":"https:\/\/brandss.com.py\/index\/?post_type=product&#038;p=71515"},"modified":"2025-02-14T18:42:36","modified_gmt":"2025-02-14T18:42:36","slug":"calzado-deportivo-femenino-adidas-supernova-2","status":"publish","type":"product","link":"https:\/\/brandss.com.py\/index\/producto\/calzado-deportivo-femenino-adidas-supernova-2\/","title":{"rendered":"CALZADO DEPORTIVO FEMENINO ADIDAS SUPERNOVA+"},"content":{"rendered":"<p><img loading=\"lazy\" decoding=\"async\" class=\"\" src=\"https:\/\/static.vecteezy.com\/system\/resources\/previews\/014\/414\/689\/non_2x\/adidas-new-logo-on-transparent-background-free-vector.jpg\" alt=\"nuevo logotipo de adidas sobre fondo transparente 14414689 Vector en  Vecteezy\" width=\"124\" height=\"124\" \/><\/p>\n<h1>SUPERNOVA+<\/h1>\n<h3 class=\"subtitle___9ljbp\"><span>CORRE C\u00d3MODAMENTE CON SUPERNOVA+.<\/span><\/h3>\n<p class=\"gl-vspace\"><span>La energ\u00eda se combina con la comodidad con adidas Supernova+. No importa cu\u00e1n lejos o r\u00e1pido entrenes, las Supernova+ te permiten seguir avanzando hacia tus objetivos. Al igual que las Supernova, estas zapatillas adidas se basan en una combinaci\u00f3n de Boost y Bounce. El plus en el nombre se refiere al Boost adicional en el antepi\u00e9 en comparaci\u00f3n con las Supernova, lo que brinda un mayor retorno de energ\u00eda y comodidad en cada zancada. Experimenta la energ\u00eda de una carrera c\u00f3moda.<\/span><\/p>\n<div class=\"highlight___3fa4r\">\n<div class=\"highlight-text___lgoJI\">\n<h3 class=\"highlight-text__headline___25B2G\"><span>Entresuela h\u00edbrida<\/span><\/h3>\n<p><span>La combinaci\u00f3n equilibrada con precisi\u00f3n de Bounce y Boost brinda comodidad y retorno de energ\u00eda con cada paso.<\/span><\/p>\n<\/div>\n<\/div>\n<div class=\"highlight___3fa4r\">\n<div class=\"highlight-text___lgoJI\">\n<h3 class=\"highlight-text__headline___25B2G\"><span>Parte superior de malla dise\u00f1ada<\/span><\/h3>\n<p><span>La parte superior de malla mono y la leng\u00fceta acolchada crean comodidad.<\/span><\/p>\n<\/div>\n<\/div>\n<div class=\"highlight___3fa4r\">\n<div class=\"highlight-text___lgoJI\">\n<h3 class=\"highlight-text__headline___25B2G\">Impulso mejorado<\/h3>\n<p>El refuerzo adicional en el antepi\u00e9 en comparaci\u00f3n con Supernova proporciona un mayor retorno de energ\u00eda y comodidad.<\/p>\n<div class=\"accordion__header-text___2o9Im\">\n<h2 class=\"accordion-title___2sTgR\">Tecnolog\u00eda<\/h2>\n<\/div>\n<div class=\"accordion__header-icon___2FuRa\"><\/div>\n<div class=\"accordion__content___29x9h\">\n<div class=\"content-padding___2kVWQ\">\n<div class=\"technologies-section___3gZqW technologies-section--w-img___1dgiS\">\n<div class=\"technologies-asset-container___2eDiC\"><\/div>\n<div class=\"technologies-content-container--w-img___39J4G\">\n<div class=\"technologies-content-name___kkx_0\"><strong>AUMENTAR<\/strong><\/div>\n<p class=\"technologies-content-subtitle___2bGCf\">adidas Boost ofrece comodidad deportiva para que sigas adelante.<\/p>\n<p>&nbsp;<\/p>\n<\/div>\n<\/div>\n<div class=\"technologies-section___3gZqW technologies-section--no-img___B_YZF\">\n<div class=\"technologies-content-container--no-img___wNKqW\">\n<div class=\"technologies-content-name___kkx_0\"><strong>REBOTE (NUBEFOAM +)<\/strong><\/div>\n<div class=\"technologies-content-title___moWj6\">Comodidad en todas partes, todos los d\u00edas.<\/div>\n<p class=\"technologies-content-subtitle___2bGCf\">La amortiguaci\u00f3n de la entresuela proporciona una comodidad suave y el\u00e1stica.<\/p>\n<div class=\"accordion__header-text___2o9Im\">\n<h2 class=\"accordion-title___2sTgR\">Caracter\u00edsticas<\/h2>\n<\/div>\n<div class=\"accordion__header-icon___2FuRa\"><\/div>\n<div class=\"accordion__content___29x9h\">\n<div class=\"content-padding___2kVWQ\">\n<div class=\"features-section___1pumR\">\n<div class=\"item___1X-1_\"><img decoding=\"async\" class=\"img_with_fallback___2aHBu feature-icon___3S9eQ\" src=\"https:\/\/brand.assets.adidas.com\/image\/upload\/road_24f719a743.png\" alt=\"\" data-auto-id=\"image\" \/><\/p>\n<p class=\"feature-icon-text___3Owgv\">Carrera en carretera<\/p>\n<\/div>\n<div class=\"item___1X-1_\"><img decoding=\"async\" class=\"img_with_fallback___2aHBu feature-icon___3S9eQ\" src=\"https:\/\/brand.assets.adidas.com\/image\/upload\/neutral_16b16d1637.png\" alt=\"\" data-auto-id=\"image\" \/><\/p>\n<p class=\"feature-icon-text___3Owgv\">Neutral<\/p>\n<\/div>\n<div class=\"item___1X-1_\"><img decoding=\"async\" class=\"img_with_fallback___2aHBu feature-icon___3S9eQ\" src=\"https:\/\/brand.assets.adidas.com\/image\/upload\/regular_a176d1f2d6.png\" alt=\"\" data-auto-id=\"image\" \/><\/p>\n<p class=\"feature-icon-text___3Owgv\">Mujeres de ancho regular<\/p>\n<\/div>\n<div class=\"special-item___2Ohsx\"><\/div>\n<div class=\"special-item___2Ohsx\">\n<h2 class=\"accordion-title___2sTgR\">Detalles<\/h2>\n<p>&nbsp;<\/p>\n<\/div>\n<\/div>\n<div class=\"bullets___3bsSs\" data-auto-id=\"specifications-section\" data-testid=\"specifications-section\">\n<ul class=\"gl-list\">\n<li class=\"gl-vspace-bpall-small\">Cierre de encaje.<\/li>\n<li class=\"gl-vspace-bpall-small\">Parte superior de malla dise\u00f1ada con parche reflectante en el tal\u00f3n.<\/li>\n<li class=\"gl-vspace-bpall-small\">Tal\u00f3n y antepi\u00e9 BOOST.<\/li>\n<li class=\"gl-vspace-bpall-small\">Amortiguaci\u00f3n de rebote.<\/li>\n<li class=\"gl-vspace-bpall-small\">Drop de la entresuela: 10 mm (tal\u00f3n: 32 mm \/ antepi\u00e9: 22 mm).<\/li>\n<li class=\"gl-vspace-bpall-small\">Suela de goma.<\/li>\n<li class=\"gl-vspace-bpall-small\">Color: Carbono \/ Beige Arena Met\u00e1lico \/ Turbo.<\/li>\n<li class=\"gl-vspace-bpall-small\">Modelo: GY6554.<\/li>\n<\/ul>\n<\/div>\n<\/div>\n<\/div>\n<\/div>\n<\/div>\n<\/div>\n<\/div>\n<\/div>\n<\/div>\n","protected":false},"excerpt":{"rendered":"<p>SUPERNOVA+ CORRE C\u00d3MODAMENTE CON SUPERNOVA+. La energ\u00eda se combina con la comodidad con adidas Supernova+. No importa cu\u00e1n lejos o<\/p>\n","protected":false},"featured_media":71516,"comment_status":"open","ping_status":"closed","template":"","meta":{"nf_dc_page":""},"product_brand":[],"product_cat":[73],"product_tag":[],"class_list":{"0":"post-71515","1":"product","2":"type-product","3":"status-publish","4":"has-post-thumbnail","6":"product_cat-femenino","8":"first","9":"instock","10":"shipping-taxable","11":"purchasable","12":"product-type-simple"},"_links":{"self":[{"href":"https:\/\/brandss.com.py\/index\/wp-json\/wp\/v2\/product\/71515","targetHints":{"allow":["GET"]}}],"collection":[{"href":"https:\/\/brandss.com.py\/index\/wp-json\/wp\/v2\/product"}],"about":[{"href":"https:\/\/brandss.com.py\/index\/wp-json\/wp\/v2\/types\/product"}],"replies":[{"embeddable":true,"href":"https:\/\/brandss.com.py\/index\/wp-json\/wp\/v2\/comments?post=71515"}],"version-history":[{"count":1,"href":"https:\/\/brandss.com.py\/index\/wp-json\/wp\/v2\/product\/71515\/revisions"}],"predecessor-version":[{"id":71524,"href":"https:\/\/brandss.com.py\/index\/wp-json\/wp\/v2\/product\/71515\/revisions\/71524"}],"wp:featuredmedia":[{"embeddable":true,"href":"https:\/\/brandss.com.py\/index\/wp-json\/wp\/v2\/media\/71516"}],"wp:attachment":[{"href":"https:\/\/brandss.com.py\/index\/wp-json\/wp\/v2\/media?parent=71515"}],"wp:term":[{"taxonomy":"product_brand","embeddable":true,"href":"https:\/\/brandss.com.py\/index\/wp-json\/wp\/v2\/product_brand?post=71515"},{"taxonomy":"product_cat","embeddable":true,"href":"https:\/\/brandss.com.py\/index\/wp-json\/wp\/v2\/product_cat?post=71515"},{"taxonomy":"product_tag","embeddable":true,"href":"https:\/\/brandss.com.py\/index\/wp-json\/wp\/v2\/product_tag?post=71515"}],"curies":[{"name":"wp","href":"https:\/\/api.w.org\/{rel}","templated":true}]}}