{"id":71525,"date":"2025-02-14T18:56:08","date_gmt":"2025-02-14T18:56:08","guid":{"rendered":"https:\/\/brandss.com.py\/index\/?post_type=product&#038;p=71525"},"modified":"2025-02-14T18:56:39","modified_gmt":"2025-02-14T18:56:39","slug":"calzado-deportivo-unisex-adidas-ultraboost-20-explorer","status":"publish","type":"product","link":"https:\/\/brandss.com.py\/index\/producto\/calzado-deportivo-unisex-adidas-ultraboost-20-explorer\/","title":{"rendered":"CALZADO DEPORTIVO UNISEX ADIDAS ULTRABOOST 20 EXPLORER"},"content":{"rendered":"<p><img loading=\"lazy\" decoding=\"async\" class=\"\" src=\"https:\/\/static.vecteezy.com\/system\/resources\/previews\/014\/414\/689\/non_2x\/adidas-new-logo-on-transparent-background-free-vector.jpg\" alt=\"nuevo logotipo de adidas sobre fondo transparente 14414689 Vector en  Vecteezy\" width=\"126\" height=\"126\" \/><\/p>\n<h1>ULTRABOOST 20 EXPLORER<\/h1>\n<h3 class=\"subtitle___9ljbp\"><span>Calzados para correr reactivas dise\u00f1adas para clima fr\u00edo y h\u00famedo.<\/span><\/h3>\n<p class=\"gl-vspace\"><span>\u00bfClima lluvioso y calles resbaladizas? No canceles tu carrera diaria. Sal a correr con comodidad y sequedad con estos calzados adidas Ultraboost con parte superior repelente al agua. La tecnolog\u00eda BOOST en la entresuela le da energ\u00eda a tu paso y la suela de caucho Continental\u2122 ofrece un agarre extraordinario.<\/span><\/p>\n<div class=\"accordion__header-text___2o9Im\">\n<h2 class=\"accordion-title___2sTgR\">Caracter\u00edsticas<\/h2>\n<\/div>\n<div class=\"accordion__header-icon___2FuRa\"><\/div>\n<div class=\"accordion__content___29x9h\">\n<div class=\"content-padding___2kVWQ\">\n<div class=\"features-section___1pumR\">\n<div class=\"item___1X-1_\"><img decoding=\"async\" class=\"img_with_fallback___2aHBu feature-icon___3S9eQ\" src=\"https:\/\/brand.assets.adidas.com\/image\/upload\/regular_a176d1f2d6.png\" alt=\"\" data-auto-id=\"image\" \/><\/p>\n<p class=\"feature-icon-text___3Owgv\">Unisex de ancho regular<\/p>\n<p class=\"feature-icon-summary-small___31Rc0\">Ancho regular<\/p>\n<\/div>\n<div class=\"special-item___2Ohsx\">\n<p class=\"feature-icon-title___v-KQG\">\n<h2 class=\"accordion-title___2sTgR\">Detalles<\/h2>\n<p class=\"feature-icon-summary-small___31Rc0\">\n<\/div>\n<\/div>\n<div class=\"bullets___3bsSs\" data-auto-id=\"specifications-section\" data-testid=\"specifications-section\">\n<ul class=\"gl-list\">\n<li class=\"gl-vspace-bpall-small\">Cierre de encaje.<\/li>\n<li class=\"gl-vspace-bpall-small\">Parte superior textil adidas PRIMEKNIT.<\/li>\n<li class=\"gl-vspace-bpall-small\">Recubrimiento repelente al agua duradero (DWR).<\/li>\n<li class=\"gl-vspace-bpall-small\">Entresuela BOOST.<\/li>\n<li class=\"gl-vspace-bpall-small\">Forro textil.<\/li>\n<li class=\"gl-vspace-bpall-small\">Peso: 309 g.<\/li>\n<li class=\"gl-vspace-bpall-small\">Drop de la entresuela: 10 mm (tal\u00f3n: 22 mm \/ antepi\u00e9: 12 mm).<\/li>\n<li class=\"gl-vspace-bpall-small\">Suela Stretchweb con caucho Continental\u2122.<\/li>\n<li class=\"gl-vspace-bpall-small\">Color: Negro b\u00e1sico \/ Rojo intenso \/ Blanco nube.<\/li>\n<li class=\"gl-vspace-bpall-small\">Modelo: GY6594.<\/li>\n<\/ul>\n<\/div>\n<\/div>\n<\/div>\n","protected":false},"excerpt":{"rendered":"<p>ULTRABOOST 20 EXPLORER Calzados para correr reactivas dise\u00f1adas para clima fr\u00edo y h\u00famedo. \u00bfClima lluvioso y calles resbaladizas? No canceles<\/p>\n","protected":false},"featured_media":71526,"comment_status":"open","ping_status":"closed","template":"","meta":{"nf_dc_page":""},"product_brand":[],"product_cat":[73,76],"product_tag":[],"class_list":{"0":"post-71525","1":"product","2":"type-product","3":"status-publish","4":"has-post-thumbnail","6":"product_cat-femenino","7":"product_cat-masculino","9":"first","10":"instock","11":"shipping-taxable","12":"purchasable","13":"product-type-simple"},"_links":{"self":[{"href":"https:\/\/brandss.com.py\/index\/wp-json\/wp\/v2\/product\/71525","targetHints":{"allow":["GET"]}}],"collection":[{"href":"https:\/\/brandss.com.py\/index\/wp-json\/wp\/v2\/product"}],"about":[{"href":"https:\/\/brandss.com.py\/index\/wp-json\/wp\/v2\/types\/product"}],"replies":[{"embeddable":true,"href":"https:\/\/brandss.com.py\/index\/wp-json\/wp\/v2\/comments?post=71525"}],"version-history":[{"count":1,"href":"https:\/\/brandss.com.py\/index\/wp-json\/wp\/v2\/product\/71525\/revisions"}],"predecessor-version":[{"id":71534,"href":"https:\/\/brandss.com.py\/index\/wp-json\/wp\/v2\/product\/71525\/revisions\/71534"}],"wp:featuredmedia":[{"embeddable":true,"href":"https:\/\/brandss.com.py\/index\/wp-json\/wp\/v2\/media\/71526"}],"wp:attachment":[{"href":"https:\/\/brandss.com.py\/index\/wp-json\/wp\/v2\/media?parent=71525"}],"wp:term":[{"taxonomy":"product_brand","embeddable":true,"href":"https:\/\/brandss.com.py\/index\/wp-json\/wp\/v2\/product_brand?post=71525"},{"taxonomy":"product_cat","embeddable":true,"href":"https:\/\/brandss.com.py\/index\/wp-json\/wp\/v2\/product_cat?post=71525"},{"taxonomy":"product_tag","embeddable":true,"href":"https:\/\/brandss.com.py\/index\/wp-json\/wp\/v2\/product_tag?post=71525"}],"curies":[{"name":"wp","href":"https:\/\/api.w.org\/{rel}","templated":true}]}}