{"id":71535,"date":"2025-02-14T19:12:00","date_gmt":"2025-02-14T19:12:00","guid":{"rendered":"https:\/\/brandss.com.py\/index\/?post_type=product&#038;p=71535"},"modified":"2025-02-14T19:14:10","modified_gmt":"2025-02-14T19:14:10","slug":"calzado-deportivo-unisex-adidas-x-crazyfast-3-terreno-firme","status":"publish","type":"product","link":"https:\/\/brandss.com.py\/index\/producto\/calzado-deportivo-unisex-adidas-x-crazyfast-3-terreno-firme\/","title":{"rendered":"CALZADO DEPORTIVO UNISEX ADIDAS X CRAZYFAST.3 TERRENO FIRME"},"content":{"rendered":"<p><img loading=\"lazy\" decoding=\"async\" class=\"\" src=\"https:\/\/static.vecteezy.com\/system\/resources\/previews\/014\/414\/689\/non_2x\/adidas-new-logo-on-transparent-background-free-vector.jpg\" alt=\"nuevo logotipo de adidas sobre fondo transparente 14414689 Vector en  Vecteezy\" width=\"89\" height=\"89\" \/><\/p>\n<h1>X CRAZYFAST.3<\/h1>\n<div class=\"value content product-sub-headline\">\n<h3 class=\"subtitle___9ljbp\">Calzado liviano que favorece el movimiento natural, hecho parcialmente con materiales reciclados.<\/h3>\n<p class=\"gl-vspace\">\u00bfEl f\u00fatbol ha terminado? Por supuesto que no. Solo est\u00e1 esperando a que t\u00fa lo cambies. Como siempre. Una y otra vez. \u00bfTe gusta superar a tus rivales? Libera tu potencial con adidas X Crazyfast. Este calzado brindan estabilidad total sobre terreno firme y presentan una suela para lograr una gran velocidad. La parte superior textil revestida y ligera con capas adicionales en lugares estrat\u00e9gicos se combina con un panel de punto plano que envuelve el tobillo y te ofrece un ajuste perfecto. El exterior contiene al menos un 50% de materiales reciclados. Este producto representa solo una de nuestras soluciones para ayudar a poner fin a los residuos pl\u00e1sticos.<\/p>\n<\/div>\n<div>\n<div class=\"highlight___3fa4r\">\n<div class=\"highlight-text___lgoJI\">\n<h3 class=\"highlight-text__headline___25B2G\">JUEGA R\u00c1PIDO<\/h3>\n<p>Acabado texturizado para controlar mejor el bal\u00f3n en tus jugadas m\u00e1s r\u00e1pidas.<\/p>\n<\/div>\n<\/div>\n<div class=\"highlight___3fa4r\">\n<div class=\"highlight-text___lgoJI\">\n<h3 class=\"highlight-text__headline___25B2G\">SUELA DE ALTA VELOCIDAD<\/h3>\n<p>El dise\u00f1o de los tacos optimiza la tracci\u00f3n durante la aceleraci\u00f3n r\u00e1pida.<\/p>\n<\/div>\n<\/div>\n<div class=\"highlight___3fa4r\">\n<div class=\"highlight-text___lgoJI\">\n<h3 class=\"highlight-text__headline___25B2G\">SIN AGUJETAS<\/h3>\n<p>El cuello tejido sin cordones ofrece sujeci\u00f3n y un ajuste perfecto<\/p>\n<div class=\"accordion__header-text___2o9Im\">\n<h2 class=\"accordion-title___2sTgR\">Detalles<\/h2>\n<\/div>\n<div class=\"accordion__content___29x9h\">\n<div class=\"content-padding___2kVWQ\">\n<div class=\"bullets___3bsSs\" data-auto-id=\"specifications-section\" data-testid=\"specifications-section\">\n<div class=\"accordion__header-icon___2FuRa\"><\/div>\n<div class=\"accordion__content___29x9h\">\n<div class=\"content-padding___2kVWQ\">\n<div class=\"bullets___3bsSs\" data-auto-id=\"specifications-section\" data-testid=\"specifications-section\">\n<ul class=\"gl-list\">\n<li class=\"gl-vspace-bpall-small\">Ajuste cl\u00e1sico.<\/li>\n<li class=\"gl-vspace-bpall-small\">Sistema de amarre de cordones.<\/li>\n<li class=\"gl-vspace-bpall-small\">Exterior textil multicapa.<\/li>\n<li class=\"gl-vspace-bpall-small\">Textura 3D para un toque suave.<\/li>\n<li class=\"gl-vspace-bpall-small\">Forro interno textil.<\/li>\n<li class=\"gl-vspace-bpall-small\">Suela para terreno firme.<\/li>\n<li class=\"gl-vspace-bpall-small\">El exterior contiene al menos un 50% de material reciclado.<\/li>\n<li class=\"gl-vspace-bpall-small\">Color: Cloud White \/ Cloud White \/ Cloud White.<\/li>\n<li class=\"gl-vspace-bpall-small\">Modelo: GY7430.<\/li>\n<\/ul>\n<\/div>\n<\/div>\n<\/div>\n<\/div>\n<\/div>\n<\/div>\n<\/div>\n<\/div>\n<\/div>\n","protected":false},"excerpt":{"rendered":"<p>X CRAZYFAST.3 Calzado liviano que favorece el movimiento natural, hecho parcialmente con materiales reciclados. \u00bfEl f\u00fatbol ha terminado? Por supuesto<\/p>\n","protected":false},"featured_media":71536,"comment_status":"open","ping_status":"closed","template":"","meta":{"nf_dc_page":""},"product_brand":[],"product_cat":[73,76],"product_tag":[],"class_list":{"0":"post-71535","1":"product","2":"type-product","3":"status-publish","4":"has-post-thumbnail","6":"product_cat-femenino","7":"product_cat-masculino","9":"first","10":"instock","11":"shipping-taxable","12":"purchasable","13":"product-type-simple"},"_links":{"self":[{"href":"https:\/\/brandss.com.py\/index\/wp-json\/wp\/v2\/product\/71535","targetHints":{"allow":["GET"]}}],"collection":[{"href":"https:\/\/brandss.com.py\/index\/wp-json\/wp\/v2\/product"}],"about":[{"href":"https:\/\/brandss.com.py\/index\/wp-json\/wp\/v2\/types\/product"}],"replies":[{"embeddable":true,"href":"https:\/\/brandss.com.py\/index\/wp-json\/wp\/v2\/comments?post=71535"}],"version-history":[{"count":1,"href":"https:\/\/brandss.com.py\/index\/wp-json\/wp\/v2\/product\/71535\/revisions"}],"predecessor-version":[{"id":71546,"href":"https:\/\/brandss.com.py\/index\/wp-json\/wp\/v2\/product\/71535\/revisions\/71546"}],"wp:featuredmedia":[{"embeddable":true,"href":"https:\/\/brandss.com.py\/index\/wp-json\/wp\/v2\/media\/71536"}],"wp:attachment":[{"href":"https:\/\/brandss.com.py\/index\/wp-json\/wp\/v2\/media?parent=71535"}],"wp:term":[{"taxonomy":"product_brand","embeddable":true,"href":"https:\/\/brandss.com.py\/index\/wp-json\/wp\/v2\/product_brand?post=71535"},{"taxonomy":"product_cat","embeddable":true,"href":"https:\/\/brandss.com.py\/index\/wp-json\/wp\/v2\/product_cat?post=71535"},{"taxonomy":"product_tag","embeddable":true,"href":"https:\/\/brandss.com.py\/index\/wp-json\/wp\/v2\/product_tag?post=71535"}],"curies":[{"name":"wp","href":"https:\/\/api.w.org\/{rel}","templated":true}]}}