{"id":71593,"date":"2025-02-15T12:09:00","date_gmt":"2025-02-15T12:09:00","guid":{"rendered":"https:\/\/brandss.com.py\/index\/?post_type=product&#038;p=71593"},"modified":"2025-02-15T12:50:25","modified_gmt":"2025-02-15T12:50:25","slug":"calzado-casual-femenino-adidas-superstar","status":"publish","type":"product","link":"https:\/\/brandss.com.py\/index\/producto\/calzado-casual-femenino-adidas-superstar\/","title":{"rendered":"CALZADO CASUAL FEMENINO ADIDAS SUPERSTAR"},"content":{"rendered":"<p>&nbsp;<\/p>\n<p><img loading=\"lazy\" decoding=\"async\" class=\"\" src=\"https:\/\/upload.wikimedia.org\/wikipedia\/commons\/2\/20\/Adidas_Logo.svg\" alt=\"Archivo:Adidas Logo.svg - Wikipedia, la enciclopedia libre\" width=\"245\" height=\"169\" \/><\/p>\n<h1>GZ0864<\/h1>\n<div class=\"flex max-w-full flex-col flex-grow\">\n<div class=\"min-h-8 text-message flex w-full flex-col items-end gap-2 whitespace-normal break-words text-start [.text-message+&amp;]:mt-5\" dir=\"auto\" data-message-author-role=\"assistant\" data-message-id=\"ff368ec4-5446-41ad-821e-84690db44b09\" data-message-model-slug=\"gpt-4o\">\n<div class=\"flex w-full flex-col gap-1 empty:hidden first:pt-[3px]\">\n<div class=\"markdown prose w-full break-words dark:prose-invert light\">\n<p data-start=\"57\" data-end=\"324\">Las <strong data-start=\"61\" data-end=\"81\">Adidas Superstar<\/strong> han trascendido generaciones desde su debut como las primeras zapatillas de baloncesto de ca\u00f1a baja. Con un legado que abarca tanto las canchas como la cultura hip-hop, este modelo ic\u00f3nico sigue reinvent\u00e1ndose sin perder su esencia cl\u00e1sica.<\/p>\n<h4 data-start=\"326\" data-end=\"365\"><strong data-start=\"331\" data-end=\"363\">Caracter\u00edsticas\u00a0<\/strong><\/h4>\n<p data-start=\"366\" data-end=\"1075\">\u2714 <strong data-start=\"368\" data-end=\"407\">Dise\u00f1o cl\u00e1sico con toques modernos:<\/strong> Mantiene las 3 rayas dentadas y detalles perforados, con acentos de color que elevan su estilo.<br data-start=\"503\" data-end=\"506\" \/>\u2714 <strong data-start=\"508\" data-end=\"548\">Ajuste regular con cierre de encaje:<\/strong> Para un ajuste c\u00f3modo y seguro.<br data-start=\"580\" data-end=\"583\" \/>\u2714 <strong data-start=\"585\" data-end=\"614\">Parte superior sint\u00e9tica:<\/strong> Duradera y f\u00e1cil de limpiar, ideal para el uso diario.<br data-start=\"669\" data-end=\"672\" \/>\u2714 <strong data-start=\"674\" data-end=\"694\">Forro sint\u00e9tico:<\/strong> Ofrece comodidad y un ajuste suave al pie.<br data-start=\"737\" data-end=\"740\" \/>\u2714 <strong data-start=\"742\" data-end=\"760\">Suela de goma:<\/strong> Brinda tracci\u00f3n y resistencia, asegurando una pisada estable.<br data-start=\"822\" data-end=\"825\" \/>\u2714 <strong data-start=\"827\" data-end=\"864\">Compromiso con la sostenibilidad:<\/strong> El 25% de los componentes utilizados en la parte superior contienen al menos un 50% de material reciclado.<br data-start=\"971\" data-end=\"974\" \/>\u2714 <strong data-start=\"976\" data-end=\"988\">Colores:<\/strong> <strong data-start=\"989\" data-end=\"1035\">Blanco nube \/ Naranja flash \/ Negro n\u00facleo<\/strong>, una combinaci\u00f3n moderna y llamativa.<\/p>\n<p data-start=\"1077\" data-end=\"1209\" data-is-last-node=\"\">Unas zapatillas que combinan historia, innovaci\u00f3n y estilo, perfectas para quienes buscan autenticidad y un dise\u00f1o atemporal.<\/p>\n<\/div>\n<\/div>\n<\/div>\n<\/div>\n","protected":false},"excerpt":{"rendered":"<p>&nbsp; GZ0864 Las Adidas Superstar han trascendido generaciones desde su debut como las primeras zapatillas de baloncesto de ca\u00f1a baja.<\/p>\n","protected":false},"featured_media":71650,"comment_status":"open","ping_status":"closed","template":"","meta":{"nf_dc_page":""},"product_brand":[],"product_cat":[73],"product_tag":[],"class_list":{"0":"post-71593","1":"product","2":"type-product","3":"status-publish","4":"has-post-thumbnail","6":"product_cat-femenino","8":"first","9":"instock","10":"shipping-taxable","11":"purchasable","12":"product-type-simple"},"_links":{"self":[{"href":"https:\/\/brandss.com.py\/index\/wp-json\/wp\/v2\/product\/71593","targetHints":{"allow":["GET"]}}],"collection":[{"href":"https:\/\/brandss.com.py\/index\/wp-json\/wp\/v2\/product"}],"about":[{"href":"https:\/\/brandss.com.py\/index\/wp-json\/wp\/v2\/types\/product"}],"replies":[{"embeddable":true,"href":"https:\/\/brandss.com.py\/index\/wp-json\/wp\/v2\/comments?post=71593"}],"version-history":[{"count":1,"href":"https:\/\/brandss.com.py\/index\/wp-json\/wp\/v2\/product\/71593\/revisions"}],"predecessor-version":[{"id":71604,"href":"https:\/\/brandss.com.py\/index\/wp-json\/wp\/v2\/product\/71593\/revisions\/71604"}],"wp:featuredmedia":[{"embeddable":true,"href":"https:\/\/brandss.com.py\/index\/wp-json\/wp\/v2\/media\/71650"}],"wp:attachment":[{"href":"https:\/\/brandss.com.py\/index\/wp-json\/wp\/v2\/media?parent=71593"}],"wp:term":[{"taxonomy":"product_brand","embeddable":true,"href":"https:\/\/brandss.com.py\/index\/wp-json\/wp\/v2\/product_brand?post=71593"},{"taxonomy":"product_cat","embeddable":true,"href":"https:\/\/brandss.com.py\/index\/wp-json\/wp\/v2\/product_cat?post=71593"},{"taxonomy":"product_tag","embeddable":true,"href":"https:\/\/brandss.com.py\/index\/wp-json\/wp\/v2\/product_tag?post=71593"}],"curies":[{"name":"wp","href":"https:\/\/api.w.org\/{rel}","templated":true}]}}