{"id":71652,"date":"2025-02-15T13:12:51","date_gmt":"2025-02-15T13:12:51","guid":{"rendered":"https:\/\/brandss.com.py\/index\/?post_type=product&#038;p=71652"},"modified":"2025-02-15T13:13:52","modified_gmt":"2025-02-15T13:13:52","slug":"calzado-deportivo-femenino-adidas-supernova-3","status":"publish","type":"product","link":"https:\/\/brandss.com.py\/index\/producto\/calzado-deportivo-femenino-adidas-supernova-3\/","title":{"rendered":"CALZADO DEPORTIVO FEMENINO ADIDAS SUPERNOVA+"},"content":{"rendered":"<p><img loading=\"lazy\" decoding=\"async\" class=\"\" src=\"https:\/\/encrypted-tbn0.gstatic.com\/images?q=tbn:ANd9GcQIO9HvRepmQOPQJtDj-jBhpxzG3DGQDZuYWA&amp;s\" alt=\"Logotipo de Adidas PNG transparente - StickPNG\" width=\"102\" height=\"64\" \/><\/p>\n<h1>SUPERNOVA+<\/h1>\n<h3 class=\"subtitle___9ljbp\"><span>CORRE C\u00d3MODAMENTE CON SUPERNOVA+.<\/span><\/h3>\n<p class=\"gl-vspace\"><span>La energ\u00eda se combina con la comodidad con adidas Supernova+. No importa cu\u00e1n lejos o r\u00e1pido entrenes, las Supernova+ te permiten seguir avanzando hacia tus objetivos. Al igual que las Supernova, estas zapatillas adidas se basan en una combinaci\u00f3n de Boost y Bounce. El plus en el nombre se refiere al Boost adicional en el antepi\u00e9 en comparaci\u00f3n con las Supernova, lo que brinda un mayor retorno de energ\u00eda y comodidad en cada zancada. Experimenta la energ\u00eda de una carrera c\u00f3moda.<\/span><\/p>\n<div class=\"highlight___3fa4r\">\n<div class=\"highlight-text___lgoJI\">\n<h3 class=\"highlight-text__headline___25B2G\"><span>Entresuela h\u00edbrida<\/span><\/h3>\n<p><span>La combinaci\u00f3n equilibrada con precisi\u00f3n de Bounce y Boost brinda comodidad y retorno de energ\u00eda con cada paso.<\/span><\/p>\n<\/div>\n<\/div>\n<div class=\"highlight___3fa4r\">\n<div class=\"highlight-text___lgoJI\">\n<h3 class=\"highlight-text__headline___25B2G\"><span>Parte superior de malla dise\u00f1ada<\/span><\/h3>\n<p><span>La parte superior de malla mono y la construcci\u00f3n de leng\u00fceta acolchada crean comodidad.<\/span><\/p>\n<\/div>\n<\/div>\n<div class=\"highlight___3fa4r\">\n<div class=\"highlight-text___lgoJI\">\n<h3 class=\"highlight-text__headline___25B2G\">Impulso mejorado<\/h3>\n<p>El refuerzo adicional en el antepi\u00e9 en comparaci\u00f3n con Supernova proporciona un mayor retorno de energ\u00eda y comodidad.<\/p>\n<div class=\"accordion__header-text___2o9Im\">\n<h2 class=\"accordion-title___2sTgR\">Caracter\u00edsticas<\/h2>\n<\/div>\n<div class=\"accordion__header-icon___2FuRa\"><\/div>\n<div class=\"accordion__content___29x9h\">\n<div class=\"content-padding___2kVWQ\">\n<div class=\"features-section___1pumR\">\n<div class=\"item___1X-1_\"><img decoding=\"async\" class=\"img_with_fallback___2aHBu feature-icon___3S9eQ\" src=\"https:\/\/brand.assets.adidas.com\/image\/upload\/short_fb6f1e5aee.png\" alt=\"\" data-auto-id=\"image\" \/><\/p>\n<p class=\"feature-icon-text___3Owgv\">Distancia corta (0 &#8211; 10 Km)<\/p>\n<p class=\"feature-icon-summary-small___31Rc0\">Distancia corta (0 &#8211; 10 Km)<\/p>\n<\/div>\n<div class=\"item___1X-1_\"><img decoding=\"async\" class=\"img_with_fallback___2aHBu feature-icon___3S9eQ\" src=\"https:\/\/brand.assets.adidas.com\/image\/upload\/neutral_16b16d1637.png\" alt=\"\" data-auto-id=\"image\" \/><\/p>\n<p class=\"feature-icon-text___3Owgv\">Neutral<\/p>\n<p class=\"feature-icon-summary-small___31Rc0\">Neutral<\/p>\n<\/div>\n<div class=\"item___1X-1_\"><img decoding=\"async\" class=\"img_with_fallback___2aHBu feature-icon___3S9eQ\" src=\"https:\/\/brand.assets.adidas.com\/image\/upload\/regular_a176d1f2d6.png\" alt=\"\" data-auto-id=\"image\" \/><\/p>\n<p class=\"feature-icon-text___3Owgv\">Mujeres de ancho regular<\/p>\n<p class=\"feature-icon-summary-small___31Rc0\">Ancho regular<\/p>\n<\/div>\n<div class=\"special-item___2Ohsx\">\n<h2 class=\"accordion-title___2sTgR\">Detalles<\/h2>\n<\/div>\n<div class=\"special-item___2Ohsx\">\n<p class=\"feature-icon-summary-small___31Rc0\">\n<\/div>\n<\/div>\n<div class=\"bullets___3bsSs\" data-auto-id=\"specifications-section\" data-testid=\"specifications-section\">\n<ul class=\"gl-list\">\n<li class=\"gl-vspace-bpall-small\">Cierre de encaje.<\/li>\n<li class=\"gl-vspace-bpall-small\">Parte superior de malla dise\u00f1ada con parche reflectante en el tal\u00f3n.<\/li>\n<li class=\"gl-vspace-bpall-small\">Tal\u00f3n y antepi\u00e9 BOOST.<\/li>\n<li class=\"gl-vspace-bpall-small\">Amortiguaci\u00f3n de rebote.<\/li>\n<li class=\"gl-vspace-bpall-small\">Drop de la entresuela: 10 mm (tal\u00f3n: 32 mm \/ antepi\u00e9: 22 mm).<\/li>\n<li class=\"gl-vspace-bpall-small\">Suela de goma.<\/li>\n<li class=\"gl-vspace-bpall-small\">Color: Blanco nube \/ Plata metalizado \/ Gris tres.<\/li>\n<li class=\"gl-vspace-bpall-small\">Modelo: GZ0130.<\/li>\n<\/ul>\n<\/div>\n<\/div>\n<\/div>\n<\/div>\n<\/div>\n","protected":false},"excerpt":{"rendered":"<p>SUPERNOVA+ CORRE C\u00d3MODAMENTE CON SUPERNOVA+. La energ\u00eda se combina con la comodidad con adidas Supernova+. No importa cu\u00e1n lejos o<\/p>\n","protected":false},"featured_media":71653,"comment_status":"open","ping_status":"closed","template":"","meta":{"nf_dc_page":""},"product_brand":[],"product_cat":[73],"product_tag":[],"class_list":{"0":"post-71652","1":"product","2":"type-product","3":"status-publish","4":"has-post-thumbnail","6":"product_cat-femenino","8":"first","9":"instock","10":"shipping-taxable","11":"purchasable","12":"product-type-simple"},"_links":{"self":[{"href":"https:\/\/brandss.com.py\/index\/wp-json\/wp\/v2\/product\/71652","targetHints":{"allow":["GET"]}}],"collection":[{"href":"https:\/\/brandss.com.py\/index\/wp-json\/wp\/v2\/product"}],"about":[{"href":"https:\/\/brandss.com.py\/index\/wp-json\/wp\/v2\/types\/product"}],"replies":[{"embeddable":true,"href":"https:\/\/brandss.com.py\/index\/wp-json\/wp\/v2\/comments?post=71652"}],"version-history":[{"count":1,"href":"https:\/\/brandss.com.py\/index\/wp-json\/wp\/v2\/product\/71652\/revisions"}],"predecessor-version":[{"id":71664,"href":"https:\/\/brandss.com.py\/index\/wp-json\/wp\/v2\/product\/71652\/revisions\/71664"}],"wp:featuredmedia":[{"embeddable":true,"href":"https:\/\/brandss.com.py\/index\/wp-json\/wp\/v2\/media\/71653"}],"wp:attachment":[{"href":"https:\/\/brandss.com.py\/index\/wp-json\/wp\/v2\/media?parent=71652"}],"wp:term":[{"taxonomy":"product_brand","embeddable":true,"href":"https:\/\/brandss.com.py\/index\/wp-json\/wp\/v2\/product_brand?post=71652"},{"taxonomy":"product_cat","embeddable":true,"href":"https:\/\/brandss.com.py\/index\/wp-json\/wp\/v2\/product_cat?post=71652"},{"taxonomy":"product_tag","embeddable":true,"href":"https:\/\/brandss.com.py\/index\/wp-json\/wp\/v2\/product_tag?post=71652"}],"curies":[{"name":"wp","href":"https:\/\/api.w.org\/{rel}","templated":true}]}}