{"id":71665,"date":"2025-02-15T13:25:21","date_gmt":"2025-02-15T13:25:21","guid":{"rendered":"https:\/\/brandss.com.py\/index\/?post_type=product&#038;p=71665"},"modified":"2025-02-15T13:25:57","modified_gmt":"2025-02-15T13:25:57","slug":"calzado-deportvio-femenino-adidas-futirepool-2-0w","status":"publish","type":"product","link":"https:\/\/brandss.com.py\/index\/producto\/calzado-deportvio-femenino-adidas-futirepool-2-0w\/","title":{"rendered":"CALZADO DEPORTVIO FEMENINO ADIDAS FUTIREPOOL 2.0W"},"content":{"rendered":"<p><img loading=\"lazy\" decoding=\"async\" class=\"\" src=\"https:\/\/upload.wikimedia.org\/wikipedia\/commons\/2\/20\/Adidas_Logo.svg\" alt=\"Archivo:Adidas Logo.svg - Wikipedia, la enciclopedia libre\" width=\"244\" height=\"168\" \/><\/p>\n<h1>GZ0972<\/h1>\n<div class=\"flex-1 overflow-hidden @container\/thread translate-y-[2rem] -mt-[2rem] pb-[1.5rem]\">\n<div class=\"flex h-full flex-col overflow-y-auto\">\n<div class=\"flex flex-col text-sm md:pb-9\">\n<article class=\"w-full text-token-text-primary focus-visible:outline-2 focus-visible:outline-offset-[-4px]\" dir=\"auto\" data-testid=\"conversation-turn-19\" data-scroll-anchor=\"true\">\n<div class=\"m-auto text-base py-[18px] px-6\">\n<div class=\"mx-auto flex flex-1 text-base gap-4 md:gap-5 lg:gap-6 md:max-w-3xl lg:max-w-[40rem] xl:max-w-[48rem]\">\n<div class=\"group\/conversation-turn relative flex w-full min-w-0 flex-col agent-turn @xs\/thread:px-0 @sm\/thread:px-1.5 @md\/thread:px-4\">\n<div class=\"flex-col gap-1 md:gap-3\">\n<div class=\"flex max-w-full flex-col flex-grow\">\n<div class=\"min-h-8 text-message flex w-full flex-col items-end gap-2 whitespace-normal break-words text-start [.text-message+&amp;]:mt-5\" dir=\"auto\" data-message-author-role=\"assistant\" data-message-id=\"78294e6e-20ac-4efe-bff6-5bddcc46cef5\" data-message-model-slug=\"gpt-4o\">\n<div class=\"flex w-full flex-col gap-1 empty:hidden first:pt-[3px]\">\n<div class=\"markdown prose w-full break-words dark:prose-invert light\">\n<p data-start=\"56\" data-end=\"352\">Sum\u00e9rgete en la m\u00e1xima comodidad con los <strong data-start=\"97\" data-end=\"110\">Adidas 4D<\/strong>, unos tenis inspirados en el running que combinan tecnolog\u00eda de vanguardia con un dise\u00f1o audaz. Su <strong data-start=\"210\" data-end=\"235\">mediasuela 4D robusta<\/strong> proporciona amortiguaci\u00f3n duradera, mientras que el <strong data-start=\"288\" data-end=\"309\">exterior en capas<\/strong> aporta un look contempor\u00e1neo y din\u00e1mico.<\/p>\n<h4 data-start=\"354\" data-end=\"393\"><strong data-start=\"359\" data-end=\"391\">Caracter\u00edsticas principales:<\/strong><\/h4>\n<p data-start=\"394\" data-end=\"1058\">\u2714 <strong data-start=\"396\" data-end=\"447\">Ajuste seguro con sistema de amarre de cordones<\/strong> para mayor estabilidad.<br data-start=\"471\" data-end=\"474\" \/>\u2714 <strong data-start=\"476\" data-end=\"496\">Exterior en piel<\/strong>, que a\u00f1ade resistencia y un acabado premium.<br data-start=\"541\" data-end=\"544\" \/>\u2714 <strong data-start=\"546\" data-end=\"570\">Forro interno textil<\/strong>, brindando suavidad y confort durante todo el d\u00eda.<br data-start=\"621\" data-end=\"624\" \/>\u2714 <strong data-start=\"626\" data-end=\"656\">Mediasuela inspirada en 4D<\/strong>, dise\u00f1ada para una amortiguaci\u00f3n de alto rendimiento y un estilo vanguardista.<br data-start=\"735\" data-end=\"738\" \/>\u2714 <strong data-start=\"740\" data-end=\"774\">Suela de caucho de gran agarre<\/strong>, ideal para recorrer terrenos desconocidos con total confianza.<br data-start=\"838\" data-end=\"841\" \/>\u2714 <strong data-start=\"843\" data-end=\"863\">Sello sostenible<\/strong>, con al menos un <strong data-start=\"881\" data-end=\"913\">50% de materiales reciclados<\/strong> en el exterior, reduciendo el impacto ambiental.<br data-start=\"962\" data-end=\"965\" \/>\u2714 <strong data-start=\"967\" data-end=\"1014\">Dise\u00f1o deportivo con las ic\u00f3nicas 3 Franjas<\/strong>, fusionando innovaci\u00f3n y herencia adidas.<\/p>\n<p data-start=\"1060\" data-end=\"1159\" data-is-last-node=\"\">Un calzado ideal para quienes buscan rendimiento, comodidad y un dise\u00f1o futurista en cada paso. \ud83c\udf0d\u2728<\/p>\n<\/div>\n<\/div>\n<\/div>\n<\/div>\n<\/div>\n<\/div>\n<\/div>\n<\/div>\n<\/article>\n<\/div>\n<\/div>\n<\/div>\n","protected":false},"excerpt":{"rendered":"<p>GZ0972 Sum\u00e9rgete en la m\u00e1xima comodidad con los Adidas 4D, unos tenis inspirados en el running que combinan tecnolog\u00eda de<\/p>\n","protected":false},"featured_media":71666,"comment_status":"open","ping_status":"closed","template":"","meta":{"nf_dc_page":""},"product_brand":[],"product_cat":[73],"product_tag":[],"class_list":{"0":"post-71665","1":"product","2":"type-product","3":"status-publish","4":"has-post-thumbnail","6":"product_cat-femenino","8":"first","9":"instock","10":"shipping-taxable","11":"purchasable","12":"product-type-simple"},"_links":{"self":[{"href":"https:\/\/brandss.com.py\/index\/wp-json\/wp\/v2\/product\/71665","targetHints":{"allow":["GET"]}}],"collection":[{"href":"https:\/\/brandss.com.py\/index\/wp-json\/wp\/v2\/product"}],"about":[{"href":"https:\/\/brandss.com.py\/index\/wp-json\/wp\/v2\/types\/product"}],"replies":[{"embeddable":true,"href":"https:\/\/brandss.com.py\/index\/wp-json\/wp\/v2\/comments?post=71665"}],"version-history":[{"count":1,"href":"https:\/\/brandss.com.py\/index\/wp-json\/wp\/v2\/product\/71665\/revisions"}],"predecessor-version":[{"id":71682,"href":"https:\/\/brandss.com.py\/index\/wp-json\/wp\/v2\/product\/71665\/revisions\/71682"}],"wp:featuredmedia":[{"embeddable":true,"href":"https:\/\/brandss.com.py\/index\/wp-json\/wp\/v2\/media\/71666"}],"wp:attachment":[{"href":"https:\/\/brandss.com.py\/index\/wp-json\/wp\/v2\/media?parent=71665"}],"wp:term":[{"taxonomy":"product_brand","embeddable":true,"href":"https:\/\/brandss.com.py\/index\/wp-json\/wp\/v2\/product_brand?post=71665"},{"taxonomy":"product_cat","embeddable":true,"href":"https:\/\/brandss.com.py\/index\/wp-json\/wp\/v2\/product_cat?post=71665"},{"taxonomy":"product_tag","embeddable":true,"href":"https:\/\/brandss.com.py\/index\/wp-json\/wp\/v2\/product_tag?post=71665"}],"curies":[{"name":"wp","href":"https:\/\/api.w.org\/{rel}","templated":true}]}}