{"id":71683,"date":"2025-02-15T13:36:56","date_gmt":"2025-02-15T13:36:56","guid":{"rendered":"https:\/\/brandss.com.py\/index\/?post_type=product&#038;p=71683"},"modified":"2025-02-15T13:37:20","modified_gmt":"2025-02-15T13:37:20","slug":"calzado-deportivo-femenino-adidas-solar-glide-4-st","status":"publish","type":"product","link":"https:\/\/brandss.com.py\/index\/producto\/calzado-deportivo-femenino-adidas-solar-glide-4-st\/","title":{"rendered":"CALZADO DEPORTIVO FEMENINO ADIDAS SOLAR GLIDE 4 ST"},"content":{"rendered":"<p><img loading=\"lazy\" decoding=\"async\" class=\"\" src=\"https:\/\/encrypted-tbn0.gstatic.com\/images?q=tbn:ANd9GcQIO9HvRepmQOPQJtDj-jBhpxzG3DGQDZuYWA&amp;s\" alt=\"Logotipo de Adidas PNG transparente - StickPNG\" width=\"128\" height=\"80\" \/><\/p>\n<h1>SOLAR GLIDE 4 ST<\/h1>\n<p><strong><span>Un aliado c\u00f3modo<\/span><\/strong><\/p>\n<p>El calzado adidas SolarGlide ST 4 un refugio de\u00a0comodidad\u00a0para\u00a0corredores\u00a0con una\u00a0pisada\u00a0universal a\u00a0sobrepronadora\u00a0. Ideal en\u00a0caminos\u00a0y\u00a0senderos marcados\u00a0, soporta tus desaf\u00edos\u00a0de larga\u00a0distancia.\u00a0El innovador dise\u00f1o\u00a0de la entresuela Boost\u00a0te brinda\u00a0un retorno de energ\u00eda\u00a0explosivo sin perder\u00a0flexibilidad\u00a0. Su\u00a0amortiguaci\u00f3n absorbe los impactos\u00a0durante tus esfuerzos mientras que su\u00a0capacidad de respuesta\u00a0te brinda mayor\u00a0dinamismo.\u00a0Tu\u00a0estabilidad\u00a0est\u00e1 asegurada gracias al proceso\u00a0Stable Frame\u00a0que se adapta a tus zancadas y corrige suavemente el fen\u00f3meno de\u00a0la pronaci\u00f3n. La\u00a0parte superior\u00a0envuelve tu pie c\u00f3modamente y garantiza\u00a0un soporte infalible. La suela\u00a0de caucho\u00a0Continental\u00a0proporciona agarre\u00a0en\u00a0el asfalto. El\u00a0tal\u00f3n dividido\u00a0contribuye a tu\u00a0bienestar\u00a0reduciendo la irritaci\u00f3n.<\/p>\n<p><strong><em><span>A trav\u00e9s de la alianza End Plastic Waste, adidas est\u00e1 ayudando a desarrollar soluciones de fabricaci\u00f3n que reducen la contaminaci\u00f3n por residuos pl\u00e1sticos en la tierra y el mar.<\/span><\/em><\/strong><\/p>\n<h3><span class=\"m-accordion__header\"><span class=\"m-accordion__header__title\"><span>Tecnolog\u00edas<\/span><\/span><\/span><\/h3>\n<div class=\"m-accordion__content js-readMore\">\n<div class=\"m-readMore__content js-readMore-container\">\n<div class=\"prdDtl__contentSection__content\">\n<dl>\n<dt><strong>Sistema de torsi\u00f3n<\/strong><\/dt>\n<dt><\/dt>\n<dd>Un sistema ligero y duradero para aumentar la estabilidad del pie, respetando su flexibilidad natural.<\/dd>\n<dd><\/dd>\n<dt><strong>Continental<\/strong><\/dt>\n<dt><\/dt>\n<dd>Proceso de compuesto de caucho para un mejor agarre, tracci\u00f3n y rendimiento en todo clima. El agarre se mejora en un 30%.<\/dd>\n<dt><\/dt>\n<dt><strong>Aumentar<\/strong><\/dt>\n<dt><\/dt>\n<dd>Miles de c\u00e1psulas de energ\u00eda especiales se inyectan juntas en una entresuela para revolucionar tu forma de correr. La tecnolog\u00eda Boost fue dise\u00f1ada para resaltar el retorno de energ\u00eda superior y la flexibilidad de amortiguaci\u00f3n extrema. Este material es tres veces m\u00e1s resistente que el Eva est\u00e1ndar y sigue siendo eficaz para temperaturas que oscilan entre -20 \u00b0C y +40 \u00b0C.<\/dd>\n<dt><\/dt>\n<dt><strong>Malla de ingenier\u00eda<\/strong><\/dt>\n<dd>Una malla transpirable y contorneada que hace que cada movimiento sea completamente natural y brinda soporte preciso cuando y donde lo necesitas.<\/p>\n<p>Esta malla fue especialmente dise\u00f1ada manteniendo la idea del movimiento como l\u00ednea gu\u00eda. Es la combinaci\u00f3n perfecta de comodidad, soporte y transpirabilidad.<\/dd>\n<dt><strong>Marco estable<\/strong><\/dt>\n<dd>Una construcci\u00f3n que proporciona un gran soporte exactamente cuando y donde el corredor pronador lo necesita. Cada paso es natural, c\u00f3modo y estable.<\/p>\n<p>Un enfoque m\u00e1s natural hacia la estabilidad. Con sus estudios de concepto ForMotion, adidas ha garantizado que la estabilidad ya no se produzca a expensas de la comodidad.<\/p>\n<p>&#8211; El marco estable se adapta a cada paso, proporcionando una sensaci\u00f3n de carrera personalizada.<\/p>\n<p>&#8211; No se han a\u00f1adido elementos adicionales, como el ProModerator, a la entresuela, para una mayor tolerancia y comodidad en carrera.<\/p>\n<p>&#8211; Las pruebas han revelado que la estabilidad proporcionada es la mejor en t\u00e9rminos de estabilidad en su categor\u00eda, manteni\u00e9ndose m\u00e1s ligero y din\u00e1mico.<\/dd>\n<dt><strong>Poner fin a los residuos pl\u00e1sticos<\/strong><\/dt>\n<dd>Producto creado a partir de residuos de producci\u00f3n, como restos de tela y residuos dom\u00e9sticos tratados para reducir el impacto ambiental de la producci\u00f3n de material virgen.<\/dd>\n<\/dl>\n<h3>Detalles<\/h3>\n<ul>\n<li>Marco estable : correcci\u00f3n de pronaci\u00f3n y control de la postura.<\/li>\n<li>Parte superior de malla dise\u00f1ada: transpirabilidad.<\/li>\n<li>Boost: retorno de energ\u00eda y absorci\u00f3n de impactos.<\/li>\n<li>Suela Continental Stretchweb: agarre, tracci\u00f3n y agarre.<\/li>\n<li>Leng\u00fceta acolchada: ajuste y comodidad.<\/li>\n<li>Talonera: estabilidad y comodidad.<\/li>\n<li>Sistema de torsi\u00f3n: estabilidad.<\/li>\n<li>Tal\u00f3n acolchado: comodidad.<\/li>\n<li>Tal\u00f3n partido: reduce la irritaci\u00f3n.<\/li>\n<li>Poner fin a los residuos pl\u00e1sticos: eco-responsabilidad.<\/li>\n<li>Plantilla extra\u00edble.<\/li>\n<li>Ca\u00edda: 10 mm.<\/li>\n<li>Color<span>: negro\/ blanco\/ gris oscuro.<\/span><\/li>\n<li>Modelo: GZ0197.<\/li>\n<\/ul>\n<\/div>\n<\/div>\n<\/div>\n","protected":false},"excerpt":{"rendered":"<p>SOLAR GLIDE 4 ST Un aliado c\u00f3modo El calzado adidas SolarGlide ST 4 un refugio de\u00a0comodidad\u00a0para\u00a0corredores\u00a0con una\u00a0pisada\u00a0universal a\u00a0sobrepronadora\u00a0. Ideal en\u00a0caminos\u00a0y\u00a0senderos<\/p>\n","protected":false},"featured_media":71693,"comment_status":"open","ping_status":"closed","template":"","meta":{"nf_dc_page":""},"product_brand":[],"product_cat":[73],"product_tag":[],"class_list":{"0":"post-71683","1":"product","2":"type-product","3":"status-publish","4":"has-post-thumbnail","6":"product_cat-femenino","8":"first","9":"instock","10":"shipping-taxable","11":"purchasable","12":"product-type-simple"},"_links":{"self":[{"href":"https:\/\/brandss.com.py\/index\/wp-json\/wp\/v2\/product\/71683","targetHints":{"allow":["GET"]}}],"collection":[{"href":"https:\/\/brandss.com.py\/index\/wp-json\/wp\/v2\/product"}],"about":[{"href":"https:\/\/brandss.com.py\/index\/wp-json\/wp\/v2\/types\/product"}],"replies":[{"embeddable":true,"href":"https:\/\/brandss.com.py\/index\/wp-json\/wp\/v2\/comments?post=71683"}],"version-history":[{"count":1,"href":"https:\/\/brandss.com.py\/index\/wp-json\/wp\/v2\/product\/71683\/revisions"}],"predecessor-version":[{"id":71704,"href":"https:\/\/brandss.com.py\/index\/wp-json\/wp\/v2\/product\/71683\/revisions\/71704"}],"wp:featuredmedia":[{"embeddable":true,"href":"https:\/\/brandss.com.py\/index\/wp-json\/wp\/v2\/media\/71693"}],"wp:attachment":[{"href":"https:\/\/brandss.com.py\/index\/wp-json\/wp\/v2\/media?parent=71683"}],"wp:term":[{"taxonomy":"product_brand","embeddable":true,"href":"https:\/\/brandss.com.py\/index\/wp-json\/wp\/v2\/product_brand?post=71683"},{"taxonomy":"product_cat","embeddable":true,"href":"https:\/\/brandss.com.py\/index\/wp-json\/wp\/v2\/product_cat?post=71683"},{"taxonomy":"product_tag","embeddable":true,"href":"https:\/\/brandss.com.py\/index\/wp-json\/wp\/v2\/product_tag?post=71683"}],"curies":[{"name":"wp","href":"https:\/\/api.w.org\/{rel}","templated":true}]}}