{"id":71684,"date":"2025-02-15T13:34:15","date_gmt":"2025-02-15T13:34:15","guid":{"rendered":"https:\/\/brandss.com.py\/index\/?post_type=product&#038;p=71684"},"modified":"2025-02-15T13:37:59","modified_gmt":"2025-02-15T13:37:59","slug":"calzado-casual-femenino-adidas-court-platform-cln","status":"publish","type":"product","link":"https:\/\/brandss.com.py\/index\/producto\/calzado-casual-femenino-adidas-court-platform-cln\/","title":{"rendered":"CALZADO CASUAL FEMENINO ADIDAS COURT PLATFORM CLN"},"content":{"rendered":"<p><img loading=\"lazy\" decoding=\"async\" class=\"\" src=\"https:\/\/upload.wikimedia.org\/wikipedia\/commons\/2\/20\/Adidas_Logo.svg\" alt=\"Archivo:Adidas Logo.svg - Wikipedia, la enciclopedia libre\" width=\"276\" height=\"190\" \/><\/p>\n<h1>GZ1689<\/h1>\n<p data-start=\"62\" data-end=\"448\">Dise\u00f1adas para quienes buscan destacar con un look \u00fanico y audaz. Inspiradas en el estilo del skate, estas zapatillas combinan una est\u00e9tica urbana con una moderna entresuela gruesa tipo plataforma que te eleva por encima de los dem\u00e1s. Su dise\u00f1o de ca\u00f1a alta y su confecci\u00f3n en lona aportan un toque sutil y elegante, ideal para un estilo casual y femenino.<\/p>\n<h4 data-start=\"450\" data-end=\"489\"><strong data-start=\"455\" data-end=\"487\">Caracter\u00edsticas principales:<\/strong><\/h4>\n<p data-start=\"490\" data-end=\"1142\">\u2714 <strong data-start=\"492\" data-end=\"534\">Ajuste est\u00e1ndar con dise\u00f1o de cordones<\/strong>, permitiendo un ajuste seguro y personalizado.<br data-start=\"581\" data-end=\"584\" \/>\u2714 <strong data-start=\"586\" data-end=\"612\">Parte superior de lona<\/strong>, ligera y transpirable, ideal para el uso diario.<br data-start=\"662\" data-end=\"665\" \/>\u2714 <strong data-start=\"667\" data-end=\"683\">Forro textil<\/strong>, que brinda suavidad y comodidad en cada pisada.<br data-start=\"732\" data-end=\"735\" \/>\u2714 <strong data-start=\"737\" data-end=\"773\">Entresuela de plataforma elevada<\/strong>, proporcionando altura adicional sin sacrificar comodidad.<br data-start=\"832\" data-end=\"835\" \/>\u2714 <strong data-start=\"837\" data-end=\"864\">Inspiraci\u00f3n en el skate<\/strong>, fusionando un look urbano con la esencia del deporte.<br data-start=\"919\" data-end=\"922\" \/>\u2714 <strong data-start=\"924\" data-end=\"954\">Dise\u00f1o especial y femenino<\/strong>, pensado para destacar con un estilo sofisticado y vers\u00e1til.<br data-start=\"1015\" data-end=\"1018\" \/>\u2714 <strong data-start=\"1020\" data-end=\"1056\">Compromiso con la sostenibilidad<\/strong>, ya que el algod\u00f3n utilizado en su confecci\u00f3n proviene de fuentes m\u00e1s responsables.<\/p>\n<p data-start=\"1144\" data-end=\"1363\" data-is-last-node=\"\">Estas zapatillas no solo elevan tu estilo, sino que tambi\u00e9n te ofrecen la comodidad y calidad que caracterizan a <strong data-start=\"1257\" data-end=\"1267\">adidas<\/strong>. Perfectas para combinar con distintos outfits y hacer que cada paso marque la diferencia. \ud83d\udca5\ud83c\udf1f<\/p>\n","protected":false},"excerpt":{"rendered":"<p>GZ1689 Dise\u00f1adas para quienes buscan destacar con un look \u00fanico y audaz. Inspiradas en el estilo del skate, estas zapatillas<\/p>\n","protected":false},"featured_media":71685,"comment_status":"open","ping_status":"closed","template":"","meta":{"nf_dc_page":""},"product_brand":[],"product_cat":[73],"product_tag":[],"class_list":{"0":"post-71684","1":"product","2":"type-product","3":"status-publish","4":"has-post-thumbnail","6":"product_cat-femenino","8":"first","9":"instock","10":"shipping-taxable","11":"purchasable","12":"product-type-simple"},"_links":{"self":[{"href":"https:\/\/brandss.com.py\/index\/wp-json\/wp\/v2\/product\/71684","targetHints":{"allow":["GET"]}}],"collection":[{"href":"https:\/\/brandss.com.py\/index\/wp-json\/wp\/v2\/product"}],"about":[{"href":"https:\/\/brandss.com.py\/index\/wp-json\/wp\/v2\/types\/product"}],"replies":[{"embeddable":true,"href":"https:\/\/brandss.com.py\/index\/wp-json\/wp\/v2\/comments?post=71684"}],"version-history":[{"count":3,"href":"https:\/\/brandss.com.py\/index\/wp-json\/wp\/v2\/product\/71684\/revisions"}],"predecessor-version":[{"id":71705,"href":"https:\/\/brandss.com.py\/index\/wp-json\/wp\/v2\/product\/71684\/revisions\/71705"}],"wp:featuredmedia":[{"embeddable":true,"href":"https:\/\/brandss.com.py\/index\/wp-json\/wp\/v2\/media\/71685"}],"wp:attachment":[{"href":"https:\/\/brandss.com.py\/index\/wp-json\/wp\/v2\/media?parent=71684"}],"wp:term":[{"taxonomy":"product_brand","embeddable":true,"href":"https:\/\/brandss.com.py\/index\/wp-json\/wp\/v2\/product_brand?post=71684"},{"taxonomy":"product_cat","embeddable":true,"href":"https:\/\/brandss.com.py\/index\/wp-json\/wp\/v2\/product_cat?post=71684"},{"taxonomy":"product_tag","embeddable":true,"href":"https:\/\/brandss.com.py\/index\/wp-json\/wp\/v2\/product_tag?post=71684"}],"curies":[{"name":"wp","href":"https:\/\/api.w.org\/{rel}","templated":true}]}}