{"id":71732,"date":"2025-02-15T14:30:29","date_gmt":"2025-02-15T14:30:29","guid":{"rendered":"https:\/\/brandss.com.py\/index\/?post_type=product&#038;p=71732"},"modified":"2025-02-15T14:31:04","modified_gmt":"2025-02-15T14:31:04","slug":"calzado-deportivo-infantil-adidas-vulcraid3r-2","status":"publish","type":"product","link":"https:\/\/brandss.com.py\/index\/producto\/calzado-deportivo-infantil-adidas-vulcraid3r-2\/","title":{"rendered":"CALZADO DEPORTIVO INFANTIL ADIDAS VULCRAID3R"},"content":{"rendered":"<p><img loading=\"lazy\" decoding=\"async\" class=\"\" src=\"https:\/\/encrypted-tbn0.gstatic.com\/images?q=tbn:ANd9GcQIO9HvRepmQOPQJtDj-jBhpxzG3DGQDZuYWA&amp;s\" alt=\"Logotipo de Adidas PNG transparente - StickPNG\" width=\"134\" height=\"84\" \/><\/p>\n<h1>VULCRAID3R<\/h1>\n<section class=\"content-item___3yeDy content-visibility-auto full-width-never___3eH3H overflow___16dqW visible accordion-item-wrapper___1R1aO mid-accordion___ZK-nN\">\n<div id=\"navigation-target-description\">\n<div class=\"gl-accordion gl-accordion--open\">\n<div class=\"gl-accordion__content\">\n<div class=\"description___29WFI\">\n<div class=\"text-content___13aRm\">\n<p class=\"subtitle___9ljbp\"><strong><em>ZAPATOS FABRICADOS EN LONA LIGERA Y TRANSPIRABLE.<\/em><\/strong><\/p>\n<p class=\"gl-vspace\"><span>Reviva los d\u00edas de los kickflips y los ollies. Estos zapatos adidas inspiradas en el skate se inspiran en lo mejor de la cultura del skate para mantener la calma, sin importar lo que est\u00e9 haciendo. Use un \u00edcono adecuado para todas las ocasiones. Nuestros productos de algod\u00f3n respaldan un cultivo de algod\u00f3n m\u00e1s sustentable.<\/span><\/p>\n<\/div>\n<\/div>\n<\/div>\n<\/div>\n<\/div>\n<\/section>\n<section class=\"content-item___3yeDy content-visibility-auto full-width-never___3eH3H overflow___16dqW visible accordion-item-wrapper___1R1aO\">\n<div id=\"navigation-target-specifications\">\n<div class=\"gl-accordion gl-accordion--open\">\n<div class=\"gl-accordion__header-text\">\n<h2 class=\"accordion-title___2hLlD\"><span>Detalles<\/span><\/h2>\n<\/div>\n<div class=\"gl-accordion__content\">\n<div class=\"bullets___3bsSs\" data-auto-id=\"specifications-section\">\n<ul class=\"gl-list\">\n<li class=\"gl-vspace-bpall-small\"><span>Ajuste regular.<\/span><\/li>\n<li class=\"gl-vspace-bpall-small\"><span>Cierre de encaje.<\/span><\/li>\n<li class=\"gl-vspace-bpall-small\"><span>Parte superior de lona ecol\u00f3gica.<\/span><\/li>\n<li class=\"gl-vspace-bpall-small\"><span>Sensaci\u00f3n ligera y transpirable.<\/span><\/li>\n<li class=\"gl-vspace-bpall-small\"><span>Forro textil.<\/span><\/li>\n<li class=\"gl-vspace-bpall-small\"><span>3 rayas cosidas.<\/span><\/li>\n<li class=\"gl-vspace-bpall-small\"><span>Suela de caucho vulcanizado.<\/span><\/li>\n<li class=\"gl-vspace-bpall-small\"><span>Apoya la iniciativa Better Cotton.<\/span><\/li>\n<li class=\"gl-vspace-bpall-small\"><span>Importado.<\/span><\/li>\n<li class=\"gl-vspace-bpall-small\"><span>Color: Casi rosa \/ Casi rosa \/ Blanco nube.<\/span><\/li>\n<li>Modelo: GZ3335.<\/li>\n<\/ul>\n<\/div>\n<\/div>\n<\/div>\n<\/div>\n<\/section>\n","protected":false},"excerpt":{"rendered":"<p>VULCRAID3R ZAPATOS FABRICADOS EN LONA LIGERA Y TRANSPIRABLE. Reviva los d\u00edas de los kickflips y los ollies. Estos zapatos adidas<\/p>\n","protected":false},"featured_media":71735,"comment_status":"open","ping_status":"closed","template":"","meta":{"nf_dc_page":""},"product_brand":[],"product_cat":[75],"product_tag":[],"class_list":{"0":"post-71732","1":"product","2":"type-product","3":"status-publish","4":"has-post-thumbnail","6":"product_cat-infantil","8":"first","9":"instock","10":"shipping-taxable","11":"purchasable","12":"product-type-simple"},"_links":{"self":[{"href":"https:\/\/brandss.com.py\/index\/wp-json\/wp\/v2\/product\/71732","targetHints":{"allow":["GET"]}}],"collection":[{"href":"https:\/\/brandss.com.py\/index\/wp-json\/wp\/v2\/product"}],"about":[{"href":"https:\/\/brandss.com.py\/index\/wp-json\/wp\/v2\/types\/product"}],"replies":[{"embeddable":true,"href":"https:\/\/brandss.com.py\/index\/wp-json\/wp\/v2\/comments?post=71732"}],"version-history":[{"count":1,"href":"https:\/\/brandss.com.py\/index\/wp-json\/wp\/v2\/product\/71732\/revisions"}],"predecessor-version":[{"id":71744,"href":"https:\/\/brandss.com.py\/index\/wp-json\/wp\/v2\/product\/71732\/revisions\/71744"}],"wp:featuredmedia":[{"embeddable":true,"href":"https:\/\/brandss.com.py\/index\/wp-json\/wp\/v2\/media\/71735"}],"wp:attachment":[{"href":"https:\/\/brandss.com.py\/index\/wp-json\/wp\/v2\/media?parent=71732"}],"wp:term":[{"taxonomy":"product_brand","embeddable":true,"href":"https:\/\/brandss.com.py\/index\/wp-json\/wp\/v2\/product_brand?post=71732"},{"taxonomy":"product_cat","embeddable":true,"href":"https:\/\/brandss.com.py\/index\/wp-json\/wp\/v2\/product_cat?post=71732"},{"taxonomy":"product_tag","embeddable":true,"href":"https:\/\/brandss.com.py\/index\/wp-json\/wp\/v2\/product_tag?post=71732"}],"curies":[{"name":"wp","href":"https:\/\/api.w.org\/{rel}","templated":true}]}}