{"id":71733,"date":"2025-02-15T14:34:21","date_gmt":"2025-02-15T14:34:21","guid":{"rendered":"https:\/\/brandss.com.py\/index\/?post_type=product&#038;p=71733"},"modified":"2025-02-15T14:34:39","modified_gmt":"2025-02-15T14:34:39","slug":"calzado-deportivo-femenino-adidas-x9000l4","status":"publish","type":"product","link":"https:\/\/brandss.com.py\/index\/producto\/calzado-deportivo-femenino-adidas-x9000l4\/","title":{"rendered":"CALZADO DEPORTIVO FEMENINO ADIDAS X9000L4"},"content":{"rendered":"<p><img loading=\"lazy\" decoding=\"async\" class=\"\" src=\"https:\/\/upload.wikimedia.org\/wikipedia\/commons\/2\/20\/Adidas_Logo.svg\" alt=\"Archivo:Adidas Logo.svg - Wikipedia, la enciclopedia libre\" width=\"326\" height=\"225\" \/><\/p>\n<h1>GZ3247<\/h1>\n<div class=\"flex max-w-full flex-col flex-grow\">\n<div class=\"min-h-8 text-message flex w-full flex-col items-end gap-2 whitespace-normal break-words text-start [.text-message+&amp;]:mt-5\" dir=\"auto\" data-message-author-role=\"assistant\" data-message-id=\"47a1e923-f8e9-4536-ab49-9efb92328061\" data-message-model-slug=\"gpt-4o-mini\">\n<div class=\"flex w-full flex-col gap-1 empty:hidden first:pt-[3px]\">\n<div class=\"markdown prose w-full break-words dark:prose-invert light\">\n<p data-start=\"0\" data-end=\"165\">Las zapatillas adidas HEAT.RDY est\u00e1n dise\u00f1adas para ofrecer un rendimiento excepcional y comodidad durante todo el d\u00eda.<\/p>\n<ul data-start=\"167\" data-end=\"1470\">\n<li data-start=\"167\" data-end=\"312\"><strong data-start=\"169\" data-end=\"192\">Tecnolog\u00eda HEAT.RDY<\/strong>: Mantiene los pies frescos en d\u00edas calurosos, permitiendo mayor transpirabilidad y confort durante la actividad f\u00edsica.<\/li>\n<li data-start=\"313\" data-end=\"468\"><strong data-start=\"315\" data-end=\"335\">Entresuela BOOST<\/strong>: Ofrece un retorno de energ\u00eda infinito, proporcionando una excelente amortiguaci\u00f3n en cada paso y ayudando a mejorar tu rendimiento.<\/li>\n<li data-start=\"469\" data-end=\"634\"><strong data-start=\"471\" data-end=\"513\">Parte superior textil adidas PRIMEKNIT<\/strong>: Su dise\u00f1o de punto proporciona un ajuste flexible y c\u00f3modo que se adapta al pie, adem\u00e1s de mejorar la transpirabilidad.<\/li>\n<li data-start=\"635\" data-end=\"807\"><strong data-start=\"637\" data-end=\"662\">Materiales Reciclados<\/strong>: Al menos el 50% de la parte superior est\u00e1 hecha con contenido reciclado, contribuyendo a la sostenibilidad y reduciendo los desechos pl\u00e1sticos.<\/li>\n<li data-start=\"808\" data-end=\"927\"><strong data-start=\"810\" data-end=\"830\">Cierre de encaje<\/strong>: Asegura un ajuste personalizado y seguro, manteniendo el pie en su lugar durante el movimiento.<\/li>\n<li data-start=\"928\" data-end=\"1012\"><strong data-start=\"930\" data-end=\"946\">Forro textil<\/strong>: Proporciona una sensaci\u00f3n suave y c\u00f3moda dentro de la zapatilla.<\/li>\n<li data-start=\"1013\" data-end=\"1115\"><strong data-start=\"1015\" data-end=\"1023\">Peso<\/strong>: 367 g, lo que las hace ligeras y adecuadas para un uso prolongado sin generar incomodidad.<\/li>\n<li data-start=\"1116\" data-end=\"1258\"><strong data-start=\"1118\" data-end=\"1143\">Drop de la entresuela<\/strong>: 10 mm (24 mm en el tal\u00f3n y 14 mm en el antepi\u00e9), lo que proporciona un balance entre amortiguaci\u00f3n y estabilidad.<\/li>\n<li data-start=\"1259\" data-end=\"1367\"><strong data-start=\"1261\" data-end=\"1278\">Suela de goma<\/strong>: Ofrece una excelente tracci\u00f3n y durabilidad, ideal para distintos tipos de superficies.<\/li>\n<li data-start=\"1368\" data-end=\"1470\"><strong data-start=\"1370\" data-end=\"1379\">Color<\/strong>: Core Black \/ Core Black \/ Casi rosa, una combinaci\u00f3n atractiva que garantiza visibilidad.<\/li>\n<\/ul>\n<p data-start=\"1472\" data-end=\"1626\" data-is-last-node=\"\">Estas zapatillas no solo brindan un rendimiento superior, sino que tambi\u00e9n tienen un impacto positivo en el medio ambiente con su construcci\u00f3n sostenible.<\/p>\n<\/div>\n<\/div>\n<\/div>\n<\/div>\n","protected":false},"excerpt":{"rendered":"<p>GZ3247 Las zapatillas adidas HEAT.RDY est\u00e1n dise\u00f1adas para ofrecer un rendimiento excepcional y comodidad durante todo el d\u00eda. Tecnolog\u00eda HEAT.RDY:<\/p>\n","protected":false},"featured_media":71734,"comment_status":"open","ping_status":"closed","template":"","meta":{"nf_dc_page":""},"product_brand":[],"product_cat":[73],"product_tag":[],"class_list":{"0":"post-71733","1":"product","2":"type-product","3":"status-publish","4":"has-post-thumbnail","6":"product_cat-femenino","8":"first","9":"instock","10":"shipping-taxable","11":"purchasable","12":"product-type-simple"},"_links":{"self":[{"href":"https:\/\/brandss.com.py\/index\/wp-json\/wp\/v2\/product\/71733","targetHints":{"allow":["GET"]}}],"collection":[{"href":"https:\/\/brandss.com.py\/index\/wp-json\/wp\/v2\/product"}],"about":[{"href":"https:\/\/brandss.com.py\/index\/wp-json\/wp\/v2\/types\/product"}],"replies":[{"embeddable":true,"href":"https:\/\/brandss.com.py\/index\/wp-json\/wp\/v2\/comments?post=71733"}],"version-history":[{"count":1,"href":"https:\/\/brandss.com.py\/index\/wp-json\/wp\/v2\/product\/71733\/revisions"}],"predecessor-version":[{"id":71754,"href":"https:\/\/brandss.com.py\/index\/wp-json\/wp\/v2\/product\/71733\/revisions\/71754"}],"wp:featuredmedia":[{"embeddable":true,"href":"https:\/\/brandss.com.py\/index\/wp-json\/wp\/v2\/media\/71734"}],"wp:attachment":[{"href":"https:\/\/brandss.com.py\/index\/wp-json\/wp\/v2\/media?parent=71733"}],"wp:term":[{"taxonomy":"product_brand","embeddable":true,"href":"https:\/\/brandss.com.py\/index\/wp-json\/wp\/v2\/product_brand?post=71733"},{"taxonomy":"product_cat","embeddable":true,"href":"https:\/\/brandss.com.py\/index\/wp-json\/wp\/v2\/product_cat?post=71733"},{"taxonomy":"product_tag","embeddable":true,"href":"https:\/\/brandss.com.py\/index\/wp-json\/wp\/v2\/product_tag?post=71733"}],"curies":[{"name":"wp","href":"https:\/\/api.w.org\/{rel}","templated":true}]}}