{"id":71792,"date":"2025-02-15T16:44:11","date_gmt":"2025-02-15T16:44:11","guid":{"rendered":"https:\/\/brandss.com.py\/index\/?post_type=product&#038;p=71792"},"modified":"2026-01-26T11:22:55","modified_gmt":"2026-01-26T11:22:55","slug":"calzado-deportivo-masculino-adidas-ultraboost-20-lab","status":"publish","type":"product","link":"https:\/\/brandss.com.py\/index\/producto\/calzado-deportivo-masculino-adidas-ultraboost-20-lab\/","title":{"rendered":"CALZADO DEPORTIVO MASCULINO ADIDAS ULTRABOOST 20 LAB"},"content":{"rendered":"<p><img loading=\"lazy\" decoding=\"async\" class=\"\" src=\"https:\/\/upload.wikimedia.org\/wikipedia\/commons\/2\/20\/Adidas_Logo.svg\" alt=\"Archivo:Adidas Logo.svg - Wikipedia, la enciclopedia libre\" width=\"312\" height=\"215\" \/><\/p>\n<h1>GZ5008<\/h1>\n<p data-start=\"0\" data-end=\"275\">Estan dise\u00f1adas para quienes buscan rendimiento, comodidad y protecci\u00f3n en cualquier clima. Ideales para entrenamientos diarios, ofrecen un ajuste seguro y una pisada suave, gracias a la combinaci\u00f3n de tecnolog\u00eda BOOST y adidas PRIMEKNIT.<\/p>\n<h3 data-start=\"277\" data-end=\"315\"><strong data-start=\"281\" data-end=\"313\">Caracter\u00edsticas principales:<\/strong><\/h3>\n<ul data-start=\"317\" data-end=\"2010\">\n<li data-start=\"317\" data-end=\"481\"><strong data-start=\"319\" data-end=\"346\">Ajuste ce\u00f1ido y c\u00f3modo:<\/strong> Su dise\u00f1o similar al de un calcet\u00edn envuelve el pie perfectamente, proporcionando una sensaci\u00f3n de seguridad y soporte en cada paso.<\/li>\n<li data-start=\"482\" data-end=\"598\"><strong data-start=\"484\" data-end=\"505\">Cierre de encaje:<\/strong> Permite un ajuste personalizado, evitando movimientos innecesarios dentro de la zapatilla.<\/li>\n<li data-start=\"599\" data-end=\"806\"><strong data-start=\"601\" data-end=\"637\">Parte superior adidas PRIMEKNIT:<\/strong> Tejido el\u00e1stico y transpirable que se adapta a la forma del pie, ofreciendo flexibilidad, soporte y un ajuste ergon\u00f3mico para mejorar el movimiento natural al correr.<\/li>\n<li data-start=\"807\" data-end=\"1005\"><strong data-start=\"809\" data-end=\"853\">Material resistente y repelente al agua:<\/strong> La parte superior cuenta con un recubrimiento especial que protege los pies en condiciones de lluvia ligera, permiti\u00e9ndote correr sin preocupaciones.<\/li>\n<li data-start=\"1006\" data-end=\"1215\"><strong data-start=\"1008\" data-end=\"1029\">Entresuela BOOST:<\/strong> Tecnolog\u00eda de amortiguaci\u00f3n que proporciona un retorno de energ\u00eda excepcional, absorbiendo el impacto en cada zancada y devolviendo impulso para una sensaci\u00f3n de ligereza y dinamismo.<\/li>\n<li data-start=\"1216\" data-end=\"1336\"><strong data-start=\"1218\" data-end=\"1235\">Forro textil:<\/strong> Interior suave y transpirable que reduce la fricci\u00f3n y brinda comodidad durante recorridos largos.<\/li>\n<li data-start=\"1337\" data-end=\"1484\"><strong data-start=\"1339\" data-end=\"1374\">Contrafuerte de tal\u00f3n moldeado:<\/strong> Aporta estabilidad y sujeci\u00f3n al tal\u00f3n, mejorando la alineaci\u00f3n del pie y reduciendo el riesgo de lesiones.<\/li>\n<li data-start=\"1485\" data-end=\"1671\"><strong data-start=\"1487\" data-end=\"1520\">Suela de caucho Continental\u2122:<\/strong> Proporciona un agarre superior en distintas superficies, desde asfalto seco hasta caminos h\u00famedos, garantizando tracci\u00f3n y seguridad en cada pisada.<\/li>\n<li data-start=\"1672\" data-end=\"1805\"><strong data-start=\"1674\" data-end=\"1709\">Dise\u00f1o unisex de ancho regular:<\/strong> Adecuado para diferentes tipos de corredores, combinando funcionalidad con un estilo moderno.<\/li>\n<li data-start=\"1806\" data-end=\"1974\"><strong data-start=\"1808\" data-end=\"1829\">Colores y estilo:<\/strong> La combinaci\u00f3n <em data-start=\"1845\" data-end=\"1879\">Core Black \/ Carbon \/ Pulse Lime<\/em> ofrece un dise\u00f1o vers\u00e1til y llamativo, ideal para quienes buscan un look deportivo y urbano.<\/li>\n<li data-start=\"1975\" data-end=\"2010\"><strong data-start=\"1977\" data-end=\"2001\">C\u00f3digo del producto:<\/strong> GZ5008<\/li>\n<\/ul>\n","protected":false},"excerpt":{"rendered":"<p>GZ5008 Estan dise\u00f1adas para quienes buscan rendimiento, comodidad y protecci\u00f3n en cualquier clima. Ideales para entrenamientos diarios, ofrecen un ajuste<\/p>\n","protected":false},"featured_media":71793,"comment_status":"open","ping_status":"closed","template":"","meta":{"nf_dc_page":""},"product_brand":[],"product_cat":[76],"product_tag":[],"class_list":{"0":"post-71792","1":"product","2":"type-product","3":"status-publish","4":"has-post-thumbnail","6":"product_cat-masculino","8":"first","9":"outofstock","10":"shipping-taxable","11":"purchasable","12":"product-type-simple"},"_links":{"self":[{"href":"https:\/\/brandss.com.py\/index\/wp-json\/wp\/v2\/product\/71792","targetHints":{"allow":["GET"]}}],"collection":[{"href":"https:\/\/brandss.com.py\/index\/wp-json\/wp\/v2\/product"}],"about":[{"href":"https:\/\/brandss.com.py\/index\/wp-json\/wp\/v2\/types\/product"}],"replies":[{"embeddable":true,"href":"https:\/\/brandss.com.py\/index\/wp-json\/wp\/v2\/comments?post=71792"}],"version-history":[{"count":1,"href":"https:\/\/brandss.com.py\/index\/wp-json\/wp\/v2\/product\/71792\/revisions"}],"predecessor-version":[{"id":71802,"href":"https:\/\/brandss.com.py\/index\/wp-json\/wp\/v2\/product\/71792\/revisions\/71802"}],"wp:featuredmedia":[{"embeddable":true,"href":"https:\/\/brandss.com.py\/index\/wp-json\/wp\/v2\/media\/71793"}],"wp:attachment":[{"href":"https:\/\/brandss.com.py\/index\/wp-json\/wp\/v2\/media?parent=71792"}],"wp:term":[{"taxonomy":"product_brand","embeddable":true,"href":"https:\/\/brandss.com.py\/index\/wp-json\/wp\/v2\/product_brand?post=71792"},{"taxonomy":"product_cat","embeddable":true,"href":"https:\/\/brandss.com.py\/index\/wp-json\/wp\/v2\/product_cat?post=71792"},{"taxonomy":"product_tag","embeddable":true,"href":"https:\/\/brandss.com.py\/index\/wp-json\/wp\/v2\/product_tag?post=71792"}],"curies":[{"name":"wp","href":"https:\/\/api.w.org\/{rel}","templated":true}]}}