{"id":71804,"date":"2025-02-15T16:53:13","date_gmt":"2025-02-15T16:53:13","guid":{"rendered":"https:\/\/brandss.com.py\/index\/?post_type=product&#038;p=71804"},"modified":"2026-01-26T11:22:10","modified_gmt":"2026-01-26T11:22:10","slug":"calzado-deportivo-masculino-adidas-eq21","status":"publish","type":"product","link":"https:\/\/brandss.com.py\/index\/producto\/calzado-deportivo-masculino-adidas-eq21\/","title":{"rendered":"CALZADO DEPORTIVO MASCULINO ADIDAS EQ21"},"content":{"rendered":"<p><img loading=\"lazy\" decoding=\"async\" class=\"\" src=\"https:\/\/upload.wikimedia.org\/wikipedia\/commons\/2\/20\/Adidas_Logo.svg\" alt=\"Archivo:Adidas Logo.svg - Wikipedia, la enciclopedia libre\" width=\"190\" height=\"131\" \/><\/p>\n<h1>GZ6868<\/h1>\n<p data-start=\"0\" data-end=\"255\">Estos tenis de running adidas est\u00e1n dise\u00f1ados para ofrecer comodidad, amortiguaci\u00f3n y estabilidad en cada paso. Con un dise\u00f1o ligero y transpirable, son ideales para correr en asfalto y para el uso diario, brindando soporte y energ\u00eda a lo largo del d\u00eda.<\/p>\n<h3 data-start=\"257\" data-end=\"295\"><strong data-start=\"261\" data-end=\"293\">Caracter\u00edsticas principales:<\/strong><\/h3>\n<ul data-start=\"297\" data-end=\"1616\">\n<li data-start=\"297\" data-end=\"390\"><strong data-start=\"299\" data-end=\"317\">Horma cl\u00e1sica:<\/strong> Ajuste c\u00f3modo y vers\u00e1til que se adapta a la mayor\u00eda de los corredores.<\/li>\n<li data-start=\"391\" data-end=\"513\"><strong data-start=\"393\" data-end=\"427\">Sistema de amarre de cordones:<\/strong> Permite un ajuste seguro y personalizado para mayor estabilidad durante la carrera.<\/li>\n<li data-start=\"514\" data-end=\"670\"><strong data-start=\"516\" data-end=\"546\">Exterior en malla t\u00e9cnica:<\/strong> Material transpirable que favorece la ventilaci\u00f3n, manteniendo los pies frescos y secos incluso en entrenamientos largos.<\/li>\n<li data-start=\"671\" data-end=\"804\"><strong data-start=\"673\" data-end=\"701\">Cuello Geofit acolchado:<\/strong> Proporciona comodidad adicional alrededor del tobillo, mejorando el ajuste y reduciendo la fricci\u00f3n.<\/li>\n<li data-start=\"805\" data-end=\"957\"><strong data-start=\"807\" data-end=\"862\">Estabilizadores de TPU en la zona media y el tal\u00f3n:<\/strong> Aumentan el soporte y la estabilidad, ayudando a mantener una pisada m\u00e1s firme y controlada.<\/li>\n<li data-start=\"958\" data-end=\"1115\"><strong data-start=\"960\" data-end=\"982\">Mediasuela Bounce:<\/strong> Tecnolog\u00eda de amortiguaci\u00f3n que absorbe impactos y proporciona un excelente retorno de energ\u00eda, ideal para recorridos prolongados.<\/li>\n<li data-start=\"1116\" data-end=\"1234\"><strong data-start=\"1118\" data-end=\"1138\">Suela de caucho:<\/strong> Ofrece tracci\u00f3n y durabilidad en superficies de asfalto, brindando seguridad en cada zancada.<\/li>\n<li data-start=\"1235\" data-end=\"1410\"><strong data-start=\"1237\" data-end=\"1263\">Materiales reciclados:<\/strong> El exterior est\u00e1 compuesto por al menos un 50% de contenido reciclado, contribuyendo a la reducci\u00f3n de desechos y promoviendo la sostenibilidad.<\/li>\n<li data-start=\"1411\" data-end=\"1559\"><strong data-start=\"1413\" data-end=\"1432\">Dise\u00f1o y color:<\/strong> Combinaci\u00f3n de <em data-start=\"1448\" data-end=\"1485\">Cloud White \/ Core Black \/ Grey Two<\/em>, un estilo moderno y vers\u00e1til que se adapta a cualquier look deportivo.<\/li>\n<\/ul>\n","protected":false},"excerpt":{"rendered":"<p>GZ6868 Estos tenis de running adidas est\u00e1n dise\u00f1ados para ofrecer comodidad, amortiguaci\u00f3n y estabilidad en cada paso. Con un dise\u00f1o<\/p>\n","protected":false},"featured_media":71808,"comment_status":"open","ping_status":"closed","template":"","meta":{"nf_dc_page":""},"product_brand":[],"product_cat":[76],"product_tag":[],"class_list":{"0":"post-71804","1":"product","2":"type-product","3":"status-publish","4":"has-post-thumbnail","6":"product_cat-masculino","8":"first","9":"outofstock","10":"shipping-taxable","11":"purchasable","12":"product-type-simple"},"_links":{"self":[{"href":"https:\/\/brandss.com.py\/index\/wp-json\/wp\/v2\/product\/71804","targetHints":{"allow":["GET"]}}],"collection":[{"href":"https:\/\/brandss.com.py\/index\/wp-json\/wp\/v2\/product"}],"about":[{"href":"https:\/\/brandss.com.py\/index\/wp-json\/wp\/v2\/types\/product"}],"replies":[{"embeddable":true,"href":"https:\/\/brandss.com.py\/index\/wp-json\/wp\/v2\/comments?post=71804"}],"version-history":[{"count":1,"href":"https:\/\/brandss.com.py\/index\/wp-json\/wp\/v2\/product\/71804\/revisions"}],"predecessor-version":[{"id":71823,"href":"https:\/\/brandss.com.py\/index\/wp-json\/wp\/v2\/product\/71804\/revisions\/71823"}],"wp:featuredmedia":[{"embeddable":true,"href":"https:\/\/brandss.com.py\/index\/wp-json\/wp\/v2\/media\/71808"}],"wp:attachment":[{"href":"https:\/\/brandss.com.py\/index\/wp-json\/wp\/v2\/media?parent=71804"}],"wp:term":[{"taxonomy":"product_brand","embeddable":true,"href":"https:\/\/brandss.com.py\/index\/wp-json\/wp\/v2\/product_brand?post=71804"},{"taxonomy":"product_cat","embeddable":true,"href":"https:\/\/brandss.com.py\/index\/wp-json\/wp\/v2\/product_cat?post=71804"},{"taxonomy":"product_tag","embeddable":true,"href":"https:\/\/brandss.com.py\/index\/wp-json\/wp\/v2\/product_tag?post=71804"}],"curies":[{"name":"wp","href":"https:\/\/api.w.org\/{rel}","templated":true}]}}