{"id":71824,"date":"2025-02-15T17:01:40","date_gmt":"2025-02-15T17:01:40","guid":{"rendered":"https:\/\/brandss.com.py\/index\/?post_type=product&#038;p=71824"},"modified":"2025-02-15T17:02:00","modified_gmt":"2025-02-15T17:02:00","slug":"calzado-casual-unisex-adidas-stan-smith","status":"publish","type":"product","link":"https:\/\/brandss.com.py\/index\/producto\/calzado-casual-unisex-adidas-stan-smith\/","title":{"rendered":"CALZADO CASUAL UNISEX ADIDAS STAN SMITH"},"content":{"rendered":"<p>&nbsp;<\/p>\n<p><img loading=\"lazy\" decoding=\"async\" class=\"\" src=\"https:\/\/upload.wikimedia.org\/wikipedia\/commons\/2\/20\/Adidas_Logo.svg\" alt=\"Archivo:Adidas Logo.svg - Wikipedia, la enciclopedia libre\" width=\"229\" height=\"158\" \/><\/p>\n<h1>GZ7387<\/h1>\n<p data-start=\"0\" data-end=\"263\">Son un cl\u00e1sico atemporal que combina estilo, comodidad y sostenibilidad. Desde su lanzamiento en los a\u00f1os 70, estos tenis han sido un \u00edcono de la moda urbana, manteniendo su dise\u00f1o minimalista con detalles que los hacen inconfundibles.<\/p>\n<h3 data-start=\"265\" data-end=\"303\"><strong data-start=\"269\" data-end=\"301\">Caracter\u00edsticas<\/strong><\/h3>\n<ul data-start=\"305\" data-end=\"1391\">\n<li data-start=\"305\" data-end=\"412\"><strong data-start=\"307\" data-end=\"326\">Dise\u00f1o ic\u00f3nico:<\/strong> Silueta elegante y minimalista con l\u00edneas limpias, perfecta para cualquier ocasi\u00f3n.<\/li>\n<li data-start=\"413\" data-end=\"558\"><strong data-start=\"415\" data-end=\"442\">Materiales sostenibles:<\/strong> Fabricados con Primegreen, una serie de materiales reciclados de alto rendimiento, sin utilizar poli\u00e9ster virgen.<\/li>\n<li data-start=\"559\" data-end=\"687\"><strong data-start=\"561\" data-end=\"592\">Exterior de piel sint\u00e9tica:<\/strong> Suave y duradero, con un acabado premium que mantiene el estilo cl\u00e1sico del modelo original.<\/li>\n<li data-start=\"688\" data-end=\"750\"><strong data-start=\"690\" data-end=\"713\">Cierre de cordones:<\/strong> Permite un ajuste c\u00f3modo y seguro.<\/li>\n<li data-start=\"751\" data-end=\"847\"><strong data-start=\"753\" data-end=\"779\">Forro interior textil:<\/strong> Brinda una sensaci\u00f3n suave y mayor comodidad durante todo el d\u00eda.<\/li>\n<li data-start=\"848\" data-end=\"922\"><strong data-start=\"850\" data-end=\"870\">Suela de caucho:<\/strong> Ofrece tracci\u00f3n y resistencia para el uso diario.<\/li>\n<li data-start=\"923\" data-end=\"1097\"><strong data-start=\"925\" data-end=\"947\">Detalles ic\u00f3nicos:<\/strong> Logo de adidas Stan Smith en la leng\u00fceta y tal\u00f3n, junto con las cl\u00e1sicas perforaciones en los laterales en lugar de las tres franjas tradicionales.<\/li>\n<li data-start=\"1098\" data-end=\"1227\"><strong data-start=\"1100\" data-end=\"1117\">Versatilidad:<\/strong> Perfectos para looks casuales, deportivos o incluso m\u00e1s elegantes gracias a su dise\u00f1o limpio y sofisticado.<\/li>\n<li data-start=\"1228\" data-end=\"1391\"><strong data-start=\"1230\" data-end=\"1254\">Colores y versiones:<\/strong> Disponibles en su caracter\u00edstico blanco con detalles en verde, as\u00ed como en diferentes combinaciones de colores y ediciones especiales.<\/li>\n<\/ul>\n","protected":false},"excerpt":{"rendered":"<p>&nbsp; GZ7387 Son un cl\u00e1sico atemporal que combina estilo, comodidad y sostenibilidad. Desde su lanzamiento en los a\u00f1os 70, estos<\/p>\n","protected":false},"featured_media":71825,"comment_status":"open","ping_status":"closed","template":"","meta":{"nf_dc_page":""},"product_brand":[],"product_cat":[73,76],"product_tag":[],"class_list":{"0":"post-71824","1":"product","2":"type-product","3":"status-publish","4":"has-post-thumbnail","6":"product_cat-femenino","7":"product_cat-masculino","9":"first","10":"instock","11":"shipping-taxable","12":"purchasable","13":"product-type-simple"},"_links":{"self":[{"href":"https:\/\/brandss.com.py\/index\/wp-json\/wp\/v2\/product\/71824","targetHints":{"allow":["GET"]}}],"collection":[{"href":"https:\/\/brandss.com.py\/index\/wp-json\/wp\/v2\/product"}],"about":[{"href":"https:\/\/brandss.com.py\/index\/wp-json\/wp\/v2\/types\/product"}],"replies":[{"embeddable":true,"href":"https:\/\/brandss.com.py\/index\/wp-json\/wp\/v2\/comments?post=71824"}],"version-history":[{"count":1,"href":"https:\/\/brandss.com.py\/index\/wp-json\/wp\/v2\/product\/71824\/revisions"}],"predecessor-version":[{"id":71830,"href":"https:\/\/brandss.com.py\/index\/wp-json\/wp\/v2\/product\/71824\/revisions\/71830"}],"wp:featuredmedia":[{"embeddable":true,"href":"https:\/\/brandss.com.py\/index\/wp-json\/wp\/v2\/media\/71825"}],"wp:attachment":[{"href":"https:\/\/brandss.com.py\/index\/wp-json\/wp\/v2\/media?parent=71824"}],"wp:term":[{"taxonomy":"product_brand","embeddable":true,"href":"https:\/\/brandss.com.py\/index\/wp-json\/wp\/v2\/product_brand?post=71824"},{"taxonomy":"product_cat","embeddable":true,"href":"https:\/\/brandss.com.py\/index\/wp-json\/wp\/v2\/product_cat?post=71824"},{"taxonomy":"product_tag","embeddable":true,"href":"https:\/\/brandss.com.py\/index\/wp-json\/wp\/v2\/product_tag?post=71824"}],"curies":[{"name":"wp","href":"https:\/\/api.w.org\/{rel}","templated":true}]}}