{"id":71831,"date":"2025-02-15T17:09:52","date_gmt":"2025-02-15T17:09:52","guid":{"rendered":"https:\/\/brandss.com.py\/index\/?post_type=product&#038;p=71831"},"modified":"2025-02-15T18:31:08","modified_gmt":"2025-02-15T18:31:08","slug":"calzado-deportivo-masculino-adidas-swift-run-22","status":"publish","type":"product","link":"https:\/\/brandss.com.py\/index\/producto\/calzado-deportivo-masculino-adidas-swift-run-22\/","title":{"rendered":"CALZADO DEPORTIVO MASCULINO ADIDAS SWIFT RUN 22"},"content":{"rendered":"<p><img loading=\"lazy\" decoding=\"async\" class=\"\" src=\"https:\/\/encrypted-tbn0.gstatic.com\/images?q=tbn:ANd9GcQIO9HvRepmQOPQJtDj-jBhpxzG3DGQDZuYWA&amp;s\" alt=\"Logotipo de Adidas PNG transparente - StickPNG\" width=\"134\" height=\"84\" \/><\/p>\n<h1>SWIFT RUN 22<\/h1>\n<div class=\"value content product-sub-headline\"><em><strong>Calzados de running c\u00f3modas y elegantes fabricadas en parte con materiales reciclados.<\/strong><\/em><\/div>\n<div class=\"value content product-desc-short\"><span>\u00bfRecuerdas el primer par de calzados del que te enamoraste? Revive el recuerdo todos los d\u00edas con estos calzados adidas Swift Run 22. Estos calzados, que tienen sus ra\u00edces en el running pero est\u00e1n dise\u00f1adas para el d\u00eda a d\u00eda, te mantienen c\u00f3modo con una parte superior de malla tejida que brinda soporte y una entresuela de EVA acolchada. Ah, y tambi\u00e9n tienen un buen aspecto. Una apuesta ganadora. Fabricada con una serie de materiales reciclados, esta parte superior presenta al menos un 50 % de contenido reciclado. Este producto representa solo una de nuestras soluciones para ayudar a acabar con los residuos pl\u00e1sticos.<\/span><\/div>\n<div>\n<div class=\"col-12\">\n<h2 class=\"title accordionParent\"><a data-tracking-link=\"PDP-main-content-_-product details\"><span>Detalles<\/span><\/a><\/h2>\n<\/div>\n<div class=\"col-12 value content accordionChild\">\n<ul class=\"product-bullets list-unstyled\">\n<li class=\"product-bullet\"><span>Ajuste perfecto.<\/span><\/li>\n<li class=\"product-bullet\"><span>Cierre de encaje.<\/span><\/li>\n<li class=\"product-bullet\"><span>Parte superior de malla tejida.<\/span><\/li>\n<li class=\"product-bullet\"><span>Abraza el pie.<\/span><\/li>\n<li class=\"product-bullet\"><span>Entresuela de EVA.<\/span><\/li>\n<li class=\"product-bullet\"><span>Suela de goma.<\/span><\/li>\n<li class=\"product-bullet\"><span>La parte superior contiene un m\u00ednimo de 50% de contenido reciclado.<\/span><\/li>\n<li>Color: Negro b\u00e1sico \/ Negro b\u00e1sico \/ Gris cinco.<\/li>\n<li>Modelo: GZ3500.<\/li>\n<\/ul>\n<\/div>\n<\/div>\n","protected":false},"excerpt":{"rendered":"<p>SWIFT RUN 22 Calzados de running c\u00f3modas y elegantes fabricadas en parte con materiales reciclados. \u00bfRecuerdas el primer par de<\/p>\n","protected":false},"featured_media":71832,"comment_status":"open","ping_status":"closed","template":"","meta":{"nf_dc_page":""},"product_brand":[],"product_cat":[76],"product_tag":[],"class_list":{"0":"post-71831","1":"product","2":"type-product","3":"status-publish","4":"has-post-thumbnail","6":"product_cat-masculino","8":"first","9":"instock","10":"shipping-taxable","11":"purchasable","12":"product-type-simple"},"_links":{"self":[{"href":"https:\/\/brandss.com.py\/index\/wp-json\/wp\/v2\/product\/71831","targetHints":{"allow":["GET"]}}],"collection":[{"href":"https:\/\/brandss.com.py\/index\/wp-json\/wp\/v2\/product"}],"about":[{"href":"https:\/\/brandss.com.py\/index\/wp-json\/wp\/v2\/types\/product"}],"replies":[{"embeddable":true,"href":"https:\/\/brandss.com.py\/index\/wp-json\/wp\/v2\/comments?post=71831"}],"version-history":[{"count":1,"href":"https:\/\/brandss.com.py\/index\/wp-json\/wp\/v2\/product\/71831\/revisions"}],"predecessor-version":[{"id":71841,"href":"https:\/\/brandss.com.py\/index\/wp-json\/wp\/v2\/product\/71831\/revisions\/71841"}],"wp:featuredmedia":[{"embeddable":true,"href":"https:\/\/brandss.com.py\/index\/wp-json\/wp\/v2\/media\/71832"}],"wp:attachment":[{"href":"https:\/\/brandss.com.py\/index\/wp-json\/wp\/v2\/media?parent=71831"}],"wp:term":[{"taxonomy":"product_brand","embeddable":true,"href":"https:\/\/brandss.com.py\/index\/wp-json\/wp\/v2\/product_brand?post=71831"},{"taxonomy":"product_cat","embeddable":true,"href":"https:\/\/brandss.com.py\/index\/wp-json\/wp\/v2\/product_cat?post=71831"},{"taxonomy":"product_tag","embeddable":true,"href":"https:\/\/brandss.com.py\/index\/wp-json\/wp\/v2\/product_tag?post=71831"}],"curies":[{"name":"wp","href":"https:\/\/api.w.org\/{rel}","templated":true}]}}