{"id":71869,"date":"2025-02-15T19:02:39","date_gmt":"2025-02-15T19:02:39","guid":{"rendered":"https:\/\/brandss.com.py\/index\/?post_type=product&#038;p=71869"},"modified":"2025-02-15T19:10:42","modified_gmt":"2025-02-15T19:10:42","slug":"calzado-femenino-adidas-zx-02kl-boost","status":"publish","type":"product","link":"https:\/\/brandss.com.py\/index\/producto\/calzado-femenino-adidas-zx-02kl-boost\/","title":{"rendered":"CALZADO DEPORTIVO FEMENINO ADIDAS ZX 02K BOOST"},"content":{"rendered":"<h1 data-start=\"73\" data-end=\"412\"><img decoding=\"async\" src=\"https:\/\/encrypted-tbn0.gstatic.com\/images?q=tbn:ANd9GcQIO9HvRepmQOPQJtDj-jBhpxzG3DGQDZuYWA&amp;s\" \/><\/h1>\n<h1 data-start=\"73\" data-end=\"412\">GZ7842<\/h1>\n<p data-start=\"73\" data-end=\"412\">Los Adidas ZX 02KL Boost GZ7842 combinan innovaci\u00f3n y dise\u00f1o para ofrecer un calzado deportivo con el m\u00e1ximo confort y estilo. Su entresuela con tecnolog\u00eda Boost proporciona una amortiguaci\u00f3n excepcional, mientras que su dise\u00f1o moderno y aerodin\u00e1mico los convierte en una opci\u00f3n ideal para el uso diario o actividades deportivas ligeras.<\/p>\n<h3 data-start=\"414\" data-end=\"440\"><strong data-start=\"418\" data-end=\"438\">Caracter\u00edsticas:<\/strong><\/h3>\n<ul data-start=\"441\" data-end=\"844\">\n<li data-start=\"441\" data-end=\"462\"><strong data-start=\"443\" data-end=\"453\">Marca:<\/strong> Adidas<\/li>\n<li data-start=\"463\" data-end=\"499\"><strong data-start=\"465\" data-end=\"476\">Modelo:<\/strong> ZX 02KL Boost GZ7842<\/li>\n<li data-start=\"500\" data-end=\"570\"><strong data-start=\"502\" data-end=\"524\">Material superior:<\/strong> Malla transpirable con refuerzos sint\u00e9ticos<\/li>\n<li data-start=\"571\" data-end=\"653\"><strong data-start=\"573\" data-end=\"588\">Entresuela:<\/strong> Tecnolog\u00eda Boost para mayor amortiguaci\u00f3n y retorno de energ\u00eda<\/li>\n<li data-start=\"654\" data-end=\"702\"><strong data-start=\"656\" data-end=\"666\">Suela:<\/strong> Goma resistente con agarre \u00f3ptimo<\/li>\n<li data-start=\"703\" data-end=\"774\"><strong data-start=\"705\" data-end=\"716\">Dise\u00f1o:<\/strong> Deportivo y moderno, ideal para un look casual y activo<\/li>\n<li data-start=\"775\" data-end=\"844\"><strong data-start=\"777\" data-end=\"788\">Ajuste:<\/strong> Sistema de cordones para una sujeci\u00f3n segura y c\u00f3moda<\/li>\n<\/ul>\n<h3 data-start=\"846\" data-end=\"875\"><strong data-start=\"850\" data-end=\"873\">El paquete incluye:<\/strong><\/h3>\n<ul data-start=\"876\" data-end=\"953\">\n<li data-start=\"876\" data-end=\"924\">1 x Par de tenis Adidas ZX 02KL Boost GZ7842<\/li>\n<li data-start=\"925\" data-end=\"953\">1 x Caja original Adidas<\/li>\n<\/ul>\n<p data-start=\"955\" data-end=\"1004\" data-is-last-node=\"\"><strong data-start=\"955\" data-end=\"976\">Tipo de producto:<\/strong> Tenis deportivos para mujer<\/p>\n","protected":false},"excerpt":{"rendered":"<p>GZ7842 Los Adidas ZX 02KL Boost GZ7842 combinan innovaci\u00f3n y dise\u00f1o para ofrecer un calzado deportivo con el m\u00e1ximo confort<\/p>\n","protected":false},"featured_media":71881,"comment_status":"open","ping_status":"closed","template":"","meta":{"nf_dc_page":""},"product_brand":[],"product_cat":[73],"product_tag":[],"class_list":{"0":"post-71869","1":"product","2":"type-product","3":"status-publish","4":"has-post-thumbnail","6":"product_cat-femenino","8":"first","9":"instock","10":"shipping-taxable","11":"purchasable","12":"product-type-simple"},"_links":{"self":[{"href":"https:\/\/brandss.com.py\/index\/wp-json\/wp\/v2\/product\/71869","targetHints":{"allow":["GET"]}}],"collection":[{"href":"https:\/\/brandss.com.py\/index\/wp-json\/wp\/v2\/product"}],"about":[{"href":"https:\/\/brandss.com.py\/index\/wp-json\/wp\/v2\/types\/product"}],"replies":[{"embeddable":true,"href":"https:\/\/brandss.com.py\/index\/wp-json\/wp\/v2\/comments?post=71869"}],"version-history":[{"count":2,"href":"https:\/\/brandss.com.py\/index\/wp-json\/wp\/v2\/product\/71869\/revisions"}],"predecessor-version":[{"id":71917,"href":"https:\/\/brandss.com.py\/index\/wp-json\/wp\/v2\/product\/71869\/revisions\/71917"}],"wp:featuredmedia":[{"embeddable":true,"href":"https:\/\/brandss.com.py\/index\/wp-json\/wp\/v2\/media\/71881"}],"wp:attachment":[{"href":"https:\/\/brandss.com.py\/index\/wp-json\/wp\/v2\/media?parent=71869"}],"wp:term":[{"taxonomy":"product_brand","embeddable":true,"href":"https:\/\/brandss.com.py\/index\/wp-json\/wp\/v2\/product_brand?post=71869"},{"taxonomy":"product_cat","embeddable":true,"href":"https:\/\/brandss.com.py\/index\/wp-json\/wp\/v2\/product_cat?post=71869"},{"taxonomy":"product_tag","embeddable":true,"href":"https:\/\/brandss.com.py\/index\/wp-json\/wp\/v2\/product_tag?post=71869"}],"curies":[{"name":"wp","href":"https:\/\/api.w.org\/{rel}","templated":true}]}}