{"id":71890,"date":"2025-02-15T19:09:54","date_gmt":"2025-02-15T19:09:54","guid":{"rendered":"https:\/\/brandss.com.py\/index\/?post_type=product&#038;p=71890"},"modified":"2025-09-24T14:29:04","modified_gmt":"2025-09-24T14:29:04","slug":"calzado-deportivo-femenino-adidas-zk-boost","status":"publish","type":"product","link":"https:\/\/brandss.com.py\/index\/producto\/calzado-deportivo-femenino-adidas-zk-boost\/","title":{"rendered":"CALZADO DEPORTIVO FEMENINO ADIDAS ZK BOOST"},"content":{"rendered":"<h1 data-start=\"70\" data-end=\"448\"><img decoding=\"async\" src=\"https:\/\/encrypted-tbn0.gstatic.com\/images?q=tbn:ANd9GcQIO9HvRepmQOPQJtDj-jBhpxzG3DGQDZuYWA&amp;s\" \/><\/h1>\n<h1 data-start=\"70\" data-end=\"448\">GZ7825<\/h1>\n<p data-start=\"70\" data-end=\"448\">Los Adidas ZK Boost GZ7825 est\u00e1n dise\u00f1ados para brindar comodidad y soporte en cada paso. Su tecnolog\u00eda Boost en la entresuela garantiza una amortiguaci\u00f3n reactiva, mientras que su dise\u00f1o ligero y transpirable ofrece un ajuste perfecto para el uso diario o actividades deportivas. Con un estilo moderno y vers\u00e1til, estos tenis son la combinaci\u00f3n ideal de moda y funcionalidad.<\/p>\n<h3 data-start=\"450\" data-end=\"476\"><strong data-start=\"454\" data-end=\"474\">Caracter\u00edsticas:<\/strong><\/h3>\n<ul data-start=\"477\" data-end=\"905\">\n<li data-start=\"477\" data-end=\"498\"><strong data-start=\"479\" data-end=\"489\">Marca:<\/strong> Adidas<\/li>\n<li data-start=\"499\" data-end=\"530\"><strong data-start=\"501\" data-end=\"512\">Modelo:<\/strong> ZK Boost GZ7825<\/li>\n<li data-start=\"531\" data-end=\"623\"><strong data-start=\"533\" data-end=\"555\">Material superior:<\/strong> Malla transpirable con detalles sint\u00e9ticos para mayor durabilidad<\/li>\n<li data-start=\"624\" data-end=\"718\"><strong data-start=\"626\" data-end=\"641\">Entresuela:<\/strong> Tecnolog\u00eda Boost que proporciona m\u00e1xima amortiguaci\u00f3n y retorno de energ\u00eda<\/li>\n<li data-start=\"719\" data-end=\"773\"><strong data-start=\"721\" data-end=\"731\">Suela:<\/strong> Goma resistente con tracci\u00f3n optimizada<\/li>\n<li data-start=\"774\" data-end=\"839\"><strong data-start=\"776\" data-end=\"787\">Dise\u00f1o:<\/strong> Deportivo y moderno, ideal para cualquier ocasi\u00f3n<\/li>\n<li data-start=\"840\" data-end=\"905\"><strong data-start=\"842\" data-end=\"853\">Ajuste:<\/strong> Sistema de cordones para mayor sujeci\u00f3n y confort<\/li>\n<\/ul>\n<h3 data-start=\"907\" data-end=\"936\"><strong data-start=\"911\" data-end=\"934\">El paquete incluye:<\/strong><\/h3>\n<ul data-start=\"937\" data-end=\"1009\">\n<li data-start=\"937\" data-end=\"980\">1 x Par de tenis Adidas ZK Boost GZ7825<\/li>\n<li data-start=\"981\" data-end=\"1009\">1 x Caja original Adidas<\/li>\n<\/ul>\n","protected":false},"excerpt":{"rendered":"<p>GZ7825 Los Adidas ZK Boost GZ7825 est\u00e1n dise\u00f1ados para brindar comodidad y soporte en cada paso. Su tecnolog\u00eda Boost en<\/p>\n","protected":false},"featured_media":71911,"comment_status":"open","ping_status":"closed","template":"","meta":{"nf_dc_page":""},"product_brand":[],"product_cat":[73],"product_tag":[],"class_list":{"0":"post-71890","1":"product","2":"type-product","3":"status-publish","4":"has-post-thumbnail","6":"product_cat-femenino","8":"first","9":"instock","10":"shipping-taxable","11":"purchasable","12":"product-type-simple"},"_links":{"self":[{"href":"https:\/\/brandss.com.py\/index\/wp-json\/wp\/v2\/product\/71890","targetHints":{"allow":["GET"]}}],"collection":[{"href":"https:\/\/brandss.com.py\/index\/wp-json\/wp\/v2\/product"}],"about":[{"href":"https:\/\/brandss.com.py\/index\/wp-json\/wp\/v2\/types\/product"}],"replies":[{"embeddable":true,"href":"https:\/\/brandss.com.py\/index\/wp-json\/wp\/v2\/comments?post=71890"}],"version-history":[{"count":1,"href":"https:\/\/brandss.com.py\/index\/wp-json\/wp\/v2\/product\/71890\/revisions"}],"predecessor-version":[{"id":71916,"href":"https:\/\/brandss.com.py\/index\/wp-json\/wp\/v2\/product\/71890\/revisions\/71916"}],"wp:featuredmedia":[{"embeddable":true,"href":"https:\/\/brandss.com.py\/index\/wp-json\/wp\/v2\/media\/71911"}],"wp:attachment":[{"href":"https:\/\/brandss.com.py\/index\/wp-json\/wp\/v2\/media?parent=71890"}],"wp:term":[{"taxonomy":"product_brand","embeddable":true,"href":"https:\/\/brandss.com.py\/index\/wp-json\/wp\/v2\/product_brand?post=71890"},{"taxonomy":"product_cat","embeddable":true,"href":"https:\/\/brandss.com.py\/index\/wp-json\/wp\/v2\/product_cat?post=71890"},{"taxonomy":"product_tag","embeddable":true,"href":"https:\/\/brandss.com.py\/index\/wp-json\/wp\/v2\/product_tag?post=71890"}],"curies":[{"name":"wp","href":"https:\/\/api.w.org\/{rel}","templated":true}]}}