{"id":71922,"date":"2025-02-15T19:17:07","date_gmt":"2025-02-15T19:17:07","guid":{"rendered":"https:\/\/brandss.com.py\/index\/?post_type=product&#038;p=71922"},"modified":"2025-09-24T14:28:43","modified_gmt":"2025-09-24T14:28:43","slug":"tenis-deportivo-femenino-adidas-zx-02k-boost-2-0","status":"publish","type":"product","link":"https:\/\/brandss.com.py\/index\/producto\/tenis-deportivo-femenino-adidas-zx-02k-boost-2-0\/","title":{"rendered":"TENIS DEPORTIVO FEMENINO ADIDAS ZX 02K BOOST 2.0"},"content":{"rendered":"<article class=\"w-full text-token-text-primary focus-visible:outline-2 focus-visible:outline-offset-[-4px]\" dir=\"auto\" data-testid=\"conversation-turn-140\" data-scroll-anchor=\"false\">\n<div class=\"m-auto text-base py-[18px] px-6\">\n<div class=\"mx-auto flex flex-1 text-base gap-4 md:gap-5 lg:gap-6 md:max-w-3xl lg:max-w-[40rem] xl:max-w-[48rem]\">\n<div class=\"group\/conversation-turn relative flex w-full min-w-0 flex-col @xs\/thread:px-0 @sm\/thread:px-1.5 @md\/thread:px-4\">\n<div class=\"flex-col gap-1 md:gap-3\">\n<div class=\"flex max-w-full flex-col flex-grow\">\n<div class=\"min-h-8 text-message flex w-full flex-col items-end gap-2 whitespace-normal break-words text-start [.text-message+&amp;]:mt-5\" dir=\"auto\" data-message-author-role=\"user\" data-message-id=\"df29440a-aa73-42cc-a9ef-51323d3702f0\">\n<div class=\"flex w-full flex-col gap-1 empty:hidden items-end rtl:items-start\">\n<div class=\"relative max-w-[var(--user-chat-width,70%)] rounded-3xl bg-token-message-surface px-5 py-2.5\"><\/div>\n<\/div>\n<\/div>\n<\/div>\n<\/div>\n<\/div>\n<\/div>\n<\/div>\n<\/article>\n<article class=\"w-full text-token-text-primary focus-visible:outline-2 focus-visible:outline-offset-[-4px]\" dir=\"auto\" data-testid=\"conversation-turn-141\" data-scroll-anchor=\"true\">\n<div class=\"m-auto text-base py-[18px] px-6\">\n<div class=\"mx-auto flex flex-1 text-base gap-4 md:gap-5 lg:gap-6 md:max-w-3xl lg:max-w-[40rem] xl:max-w-[48rem]\">\n<div class=\"group\/conversation-turn relative flex w-full min-w-0 flex-col agent-turn @xs\/thread:px-0 @sm\/thread:px-1.5 @md\/thread:px-4\">\n<div class=\"flex-col gap-1 md:gap-3\">\n<div class=\"flex max-w-full flex-col flex-grow\">\n<div class=\"min-h-8 text-message flex w-full flex-col items-end gap-2 whitespace-normal break-words text-start [.text-message+&amp;]:mt-5\" dir=\"auto\" data-message-author-role=\"assistant\" data-message-id=\"e173f8a4-4047-41e8-a0fb-1b794c0fc232\" data-message-model-slug=\"gpt-4o\">\n<div class=\"flex w-full flex-col gap-1 empty:hidden first:pt-[3px]\">\n<div class=\"markdown prose w-full break-words dark:prose-invert light\">\n<h1 data-start=\"0\" data-end=\"80\"><\/h1>\n<h1 data-start=\"0\" data-end=\"80\"><img decoding=\"async\" src=\"https:\/\/encrypted-tbn0.gstatic.com\/images?q=tbn:ANd9GcQIO9HvRepmQOPQJtDj-jBhpxzG3DGQDZuYWA&amp;s\" \/><\/h1>\n<h1 data-start=\"0\" data-end=\"80\">GZ7826<\/h1>\n<p data-start=\"82\" data-end=\"471\">Los Adidas ZX 02K Boost GZ7826 combinan innovaci\u00f3n y dise\u00f1o para ofrecer la mejor experiencia de uso. Su tecnolog\u00eda Boost en la entresuela proporciona una amortiguaci\u00f3n superior y un excelente retorno de energ\u00eda, ideal para caminar, entrenar o para un look urbano moderno. Confeccionados con materiales transpirables y una suela resistente, garantizan confort y durabilidad en cada paso.<\/p>\n<h3 data-start=\"473\" data-end=\"499\"><strong data-start=\"477\" data-end=\"497\">Caracter\u00edsticas:<\/strong><\/h3>\n<ul data-start=\"500\" data-end=\"950\">\n<li data-start=\"500\" data-end=\"521\"><strong data-start=\"502\" data-end=\"512\">Marca:<\/strong> Adidas<\/li>\n<li data-start=\"522\" data-end=\"557\"><strong data-start=\"524\" data-end=\"535\">Modelo:<\/strong> ZX 02K Boost GZ7826<\/li>\n<li data-start=\"558\" data-end=\"651\"><strong data-start=\"560\" data-end=\"582\">Material superior:<\/strong> Malla transpirable con refuerzos sint\u00e9ticos para mayor resistencia<\/li>\n<li data-start=\"652\" data-end=\"738\"><strong data-start=\"654\" data-end=\"669\">Entresuela:<\/strong> Tecnolog\u00eda Boost para una amortiguaci\u00f3n reactiva y mayor comodidad<\/li>\n<li data-start=\"739\" data-end=\"808\"><strong data-start=\"741\" data-end=\"751\">Suela:<\/strong> Goma de alta tracci\u00f3n para estabilidad y agarre \u00f3ptimo<\/li>\n<li data-start=\"809\" data-end=\"873\"><strong data-start=\"811\" data-end=\"822\">Dise\u00f1o:<\/strong> Deportivo y vers\u00e1til, perfecto para el d\u00eda a d\u00eda<\/li>\n<li data-start=\"874\" data-end=\"950\"><strong data-start=\"876\" data-end=\"887\">Ajuste:<\/strong> Sistema de cordones para una sujeci\u00f3n segura y personalizada<\/li>\n<\/ul>\n<h3 data-start=\"952\" data-end=\"981\"><strong data-start=\"956\" data-end=\"979\">El paquete incluye:<\/strong><\/h3>\n<ul data-start=\"982\" data-end=\"1058\">\n<li data-start=\"982\" data-end=\"1029\">1 x Par de tenis Adidas ZX 02K Boost GZ7826<\/li>\n<li data-start=\"1030\" data-end=\"1058\">1 x Caja original Adidas<\/li>\n<\/ul>\n<p data-start=\"1060\" data-end=\"1108\" data-is-last-node=\"\">\n<\/div>\n<\/div>\n<\/div>\n<\/div>\n<\/div>\n<\/div>\n<\/div>\n<\/div>\n<\/article>\n","protected":false},"excerpt":{"rendered":"<p>GZ7826 Los Adidas ZX 02K Boost GZ7826 combinan innovaci\u00f3n y dise\u00f1o para ofrecer la mejor experiencia de uso. Su tecnolog\u00eda<\/p>\n","protected":false},"featured_media":71923,"comment_status":"open","ping_status":"closed","template":"","meta":{"nf_dc_page":""},"product_brand":[],"product_cat":[73],"product_tag":[],"class_list":{"0":"post-71922","1":"product","2":"type-product","3":"status-publish","4":"has-post-thumbnail","6":"product_cat-femenino","8":"first","9":"instock","10":"shipping-taxable","11":"purchasable","12":"product-type-simple"},"_links":{"self":[{"href":"https:\/\/brandss.com.py\/index\/wp-json\/wp\/v2\/product\/71922","targetHints":{"allow":["GET"]}}],"collection":[{"href":"https:\/\/brandss.com.py\/index\/wp-json\/wp\/v2\/product"}],"about":[{"href":"https:\/\/brandss.com.py\/index\/wp-json\/wp\/v2\/types\/product"}],"replies":[{"embeddable":true,"href":"https:\/\/brandss.com.py\/index\/wp-json\/wp\/v2\/comments?post=71922"}],"version-history":[{"count":1,"href":"https:\/\/brandss.com.py\/index\/wp-json\/wp\/v2\/product\/71922\/revisions"}],"predecessor-version":[{"id":71928,"href":"https:\/\/brandss.com.py\/index\/wp-json\/wp\/v2\/product\/71922\/revisions\/71928"}],"wp:featuredmedia":[{"embeddable":true,"href":"https:\/\/brandss.com.py\/index\/wp-json\/wp\/v2\/media\/71923"}],"wp:attachment":[{"href":"https:\/\/brandss.com.py\/index\/wp-json\/wp\/v2\/media?parent=71922"}],"wp:term":[{"taxonomy":"product_brand","embeddable":true,"href":"https:\/\/brandss.com.py\/index\/wp-json\/wp\/v2\/product_brand?post=71922"},{"taxonomy":"product_cat","embeddable":true,"href":"https:\/\/brandss.com.py\/index\/wp-json\/wp\/v2\/product_cat?post=71922"},{"taxonomy":"product_tag","embeddable":true,"href":"https:\/\/brandss.com.py\/index\/wp-json\/wp\/v2\/product_tag?post=71922"}],"curies":[{"name":"wp","href":"https:\/\/api.w.org\/{rel}","templated":true}]}}