{"id":71929,"date":"2025-02-17T11:22:23","date_gmt":"2025-02-17T11:22:23","guid":{"rendered":"https:\/\/brandss.com.py\/index\/?post_type=product&#038;p=71929"},"modified":"2025-02-17T11:23:53","modified_gmt":"2025-02-17T11:23:53","slug":"calzado-deportivo-femenino-adidas-pureboost-21","status":"publish","type":"product","link":"https:\/\/brandss.com.py\/index\/producto\/calzado-deportivo-femenino-adidas-pureboost-21\/","title":{"rendered":"CALZADO DEPORTIVO FEMENINO ADIDAS PUREBOOST 21"},"content":{"rendered":"<p><img loading=\"lazy\" decoding=\"async\" class=\"\" src=\"https:\/\/encrypted-tbn0.gstatic.com\/images?q=tbn:ANd9GcQIO9HvRepmQOPQJtDj-jBhpxzG3DGQDZuYWA&amp;s\" alt=\"Logotipo de Adidas PNG transparente - StickPNG\" width=\"149\" height=\"94\" \/><\/p>\n<h1>PUREBOOST 21<\/h1>\n<h3 class=\"subtitle___9ljbp\"><span>Capacidad de respuesta al correr, dise\u00f1ada para un movimiento natural.<\/span><\/h3>\n<p class=\"gl-vspace\"><span>Un plan de entrenamiento es tan bueno como el esfuerzo que pongas en ejecutarlo. Estas zapatillas para correr adidas respaldan tu dedicaci\u00f3n con el incre\u00edble retorno de energ\u00eda de Boost. La parte superior est\u00e1 hecha de materiales reciclados, por lo que tu carrera se sentir\u00e1 genial en m\u00e1s de un sentido. Este producto est\u00e1 elaborado con Primeblue, un material reciclado de alto rendimiento que contiene Parley Ocean Plastic. El 50% de la parte superior es textil y el 75% del tejido est\u00e1 fabricado con hilos Primeblue. Libre de poli\u00e9ster virgen.<\/span><\/p>\n<div class=\"accordion__header-text___2o9Im\">\n<h2 class=\"accordion-title___2sTgR\"><span>Tecnolog\u00eda<\/span><\/h2>\n<\/div>\n<div class=\"accordion__content___29x9h\">\n<div class=\"content-padding___2kVWQ\">\n<div class=\"technologies-section___3gZqW technologies-section--w-img___1dgiS\">\n<div class=\"technologies-asset-container___2eDiC\"><\/div>\n<div class=\"technologies-content-container--w-img___39J4G\">\n<div class=\"technologies-content-name___kkx_0\">AUMENTAR<\/div>\n<div class=\"technologies-content-title___moWj6\">Energ\u00eda infinita<\/div>\n<p class=\"technologies-content-subtitle___2bGCf\">adidas Boost ofrece un incre\u00edble retorno de energ\u00eda y comodidad instant\u00e1nea en cada paso para ayudarte a llegar m\u00e1s lejos.<\/p>\n<div class=\"accordion__header-text___2o9Im\">\n<h2 class=\"accordion-title___2sTgR\">Caracter\u00edsticas<\/h2>\n<\/div>\n<div class=\"accordion__header-icon___2FuRa\"><\/div>\n<div class=\"accordion__content___29x9h\">\n<div class=\"content-padding___2kVWQ\">\n<div class=\"features-section___1pumR\">\n<div class=\"item___1X-1_\"><img decoding=\"async\" class=\"img_with_fallback___2aHBu feature-icon___3S9eQ\" src=\"https:\/\/brand.assets.adidas.com\/image\/upload\/neutral_16b16d1637.png\" alt=\"\" data-auto-id=\"image\" \/><\/p>\n<p class=\"feature-icon-text___3Owgv\">Neutral<\/p>\n<\/div>\n<div class=\"item___1X-1_\"><img decoding=\"async\" class=\"img_with_fallback___2aHBu feature-icon___3S9eQ\" src=\"https:\/\/brand.assets.adidas.com\/image\/upload\/regular_a176d1f2d6.png\" alt=\"\" data-auto-id=\"image\" \/><\/p>\n<p class=\"feature-icon-text___3Owgv\">Mujer de ancho normal<\/p>\n<\/div>\n<div class=\"special-item___2Ohsx\">\n<h2 class=\"accordion-title___2sTgR\">Detalles<\/h2>\n<\/div>\n<\/div>\n<div class=\"bullets___3bsSs\" data-auto-id=\"specifications-section\" data-testid=\"specifications-section\">\n<ul class=\"gl-list\">\n<li class=\"gl-vspace-bpall-small\">Formulario est\u00e1ndar.<\/li>\n<li class=\"gl-vspace-bpall-small\">Cierre de encaje.<\/li>\n<li class=\"gl-vspace-bpall-small\">Parte superior textil.<\/li>\n<li class=\"gl-vspace-bpall-small\">Entresuela Boost.<\/li>\n<li class=\"gl-vspace-bpall-small\">Forro textil.<\/li>\n<li class=\"gl-vspace-bpall-small\">Suela de goma.<\/li>\n<li class=\"gl-vspace-bpall-small\">Azul primario.<\/li>\n<li class=\"gl-vspace-bpall-small\">Color: Malva Maravilla \/ Blanco Nube \/ Malva M\u00e1gico.<\/li>\n<li class=\"gl-vspace-bpall-small\">Modelo: GZ3960.<\/li>\n<\/ul>\n<\/div>\n<\/div>\n<\/div>\n<\/div>\n<\/div>\n<\/div>\n<\/div>\n","protected":false},"excerpt":{"rendered":"<p>PUREBOOST 21 Capacidad de respuesta al correr, dise\u00f1ada para un movimiento natural. Un plan de entrenamiento es tan bueno como<\/p>\n","protected":false},"featured_media":71930,"comment_status":"open","ping_status":"closed","template":"","meta":{"nf_dc_page":""},"product_brand":[],"product_cat":[73],"product_tag":[],"class_list":{"0":"post-71929","1":"product","2":"type-product","3":"status-publish","4":"has-post-thumbnail","6":"product_cat-femenino","8":"first","9":"instock","10":"shipping-taxable","11":"purchasable","12":"product-type-simple"},"_links":{"self":[{"href":"https:\/\/brandss.com.py\/index\/wp-json\/wp\/v2\/product\/71929","targetHints":{"allow":["GET"]}}],"collection":[{"href":"https:\/\/brandss.com.py\/index\/wp-json\/wp\/v2\/product"}],"about":[{"href":"https:\/\/brandss.com.py\/index\/wp-json\/wp\/v2\/types\/product"}],"replies":[{"embeddable":true,"href":"https:\/\/brandss.com.py\/index\/wp-json\/wp\/v2\/comments?post=71929"}],"version-history":[{"count":1,"href":"https:\/\/brandss.com.py\/index\/wp-json\/wp\/v2\/product\/71929\/revisions"}],"predecessor-version":[{"id":71940,"href":"https:\/\/brandss.com.py\/index\/wp-json\/wp\/v2\/product\/71929\/revisions\/71940"}],"wp:featuredmedia":[{"embeddable":true,"href":"https:\/\/brandss.com.py\/index\/wp-json\/wp\/v2\/media\/71930"}],"wp:attachment":[{"href":"https:\/\/brandss.com.py\/index\/wp-json\/wp\/v2\/media?parent=71929"}],"wp:term":[{"taxonomy":"product_brand","embeddable":true,"href":"https:\/\/brandss.com.py\/index\/wp-json\/wp\/v2\/product_brand?post=71929"},{"taxonomy":"product_cat","embeddable":true,"href":"https:\/\/brandss.com.py\/index\/wp-json\/wp\/v2\/product_cat?post=71929"},{"taxonomy":"product_tag","embeddable":true,"href":"https:\/\/brandss.com.py\/index\/wp-json\/wp\/v2\/product_tag?post=71929"}],"curies":[{"name":"wp","href":"https:\/\/api.w.org\/{rel}","templated":true}]}}