{"id":71951,"date":"2025-02-17T13:22:51","date_gmt":"2025-02-17T13:22:51","guid":{"rendered":"https:\/\/brandss.com.py\/index\/?post_type=product&#038;p=71951"},"modified":"2026-01-26T11:27:15","modified_gmt":"2026-01-26T11:27:15","slug":"calzado-deportivo-masculino-adidas-zx-2k-boost-2-0-2","status":"publish","type":"product","link":"https:\/\/brandss.com.py\/index\/producto\/calzado-deportivo-masculino-adidas-zx-2k-boost-2-0-2\/","title":{"rendered":"CALZADO DEPORTIVO MASCULINO ADIDAS ZX 2K BOOST 2.0"},"content":{"rendered":"<p><img loading=\"lazy\" decoding=\"async\" class=\"\" src=\"https:\/\/upload.wikimedia.org\/wikipedia\/commons\/2\/20\/Adidas_Logo.svg\" alt=\"Archivo:Adidas Logo.svg - Wikipedia, la enciclopedia libre\" width=\"318\" height=\"219\" \/><\/p>\n<h1>GZ7733<\/h1>\n<h3 data-start=\"84\" data-end=\"132\"><strong data-start=\"88\" data-end=\"130\">PURA INNOVACI\u00d3N, COMODIDAD SIN L\u00cdMITES<\/strong><\/h3>\n<p data-start=\"134\" data-end=\"398\">Inspiradas en la fusi\u00f3n perfecta entre tecnolog\u00eda y confort, estas zapatillas redefinen la experiencia al caminar. Su dise\u00f1o futurista, con detalles reflectantes y materiales premium, no solo captura miradas, sino que envuelve tus pies en una suavidad sin igual.<\/p>\n<h3 data-start=\"400\" data-end=\"430\"><strong data-start=\"404\" data-end=\"428\">SENSACI\u00d3N ENVOLVENTE<\/strong><\/h3>\n<p data-start=\"431\" data-end=\"625\">Cada paso se convierte en una experiencia gracias a la entresuela con amortiguaci\u00f3n Boost. Su estructura envolvente proporciona una pisada ultrasuave, asegurando comodidad durante todo el d\u00eda.<\/p>\n<h3 data-start=\"627\" data-end=\"661\"><strong data-start=\"631\" data-end=\"659\">ESTILO QUE ATRAE MIRADAS<\/strong><\/h3>\n<p data-start=\"662\" data-end=\"883\">Los detalles en TPU y el efecto degradado crean un look din\u00e1mico y moderno. Con una parte superior de malla y neopreno, la zapatilla se adapta perfectamente al pie, ofreciendo flexibilidad y sujeci\u00f3n en cada movimiento.<\/p>\n<h3 data-start=\"885\" data-end=\"918\"><strong data-start=\"889\" data-end=\"916\">LUCE, SIENTE Y DISFRUTA<\/strong><\/h3>\n<p data-start=\"919\" data-end=\"1111\">Desde la primera puesta, experimentar\u00e1s una comodidad inigualable. Su dise\u00f1o ergon\u00f3mico, combinado con un clip de tal\u00f3n mejorado, proporciona estabilidad y una sensaci\u00f3n de ajuste impecable.<\/p>\n<p data-start=\"1113\" data-end=\"1362\">\ud83d\udd39 <strong data-start=\"1116\" data-end=\"1127\">Cierre:<\/strong> Cordones<br data-start=\"1136\" data-end=\"1139\" \/>\ud83d\udd39 <strong data-start=\"1142\" data-end=\"1157\">Materiales:<\/strong> Malla, TPU y neopreno<br data-start=\"1179\" data-end=\"1182\" \/>\ud83d\udd39 <strong data-start=\"1185\" data-end=\"1200\">Entresuela:<\/strong> Boost envolvente para m\u00e1xima amortiguaci\u00f3n<br data-start=\"1243\" data-end=\"1246\" \/>\ud83d\udd39 <strong data-start=\"1249\" data-end=\"1259\">Suela:<\/strong> Goma resistente para mayor tracci\u00f3n<br data-start=\"1295\" data-end=\"1298\" \/>\ud83d\udd39 <strong data-start=\"1301\" data-end=\"1313\">Colores:<\/strong> Azul marino \/ Dorado semisolar \/ Negro central<\/p>\n<p data-start=\"1364\" data-end=\"1446\">\u00c1tatelas y prep\u00e1rate para conquistar el d\u00eda con estilo y comodidad sin esfuerzo.<\/p>\n","protected":false},"excerpt":{"rendered":"<p>GZ7733 PURA INNOVACI\u00d3N, COMODIDAD SIN L\u00cdMITES Inspiradas en la fusi\u00f3n perfecta entre tecnolog\u00eda y confort, estas zapatillas redefinen la experiencia<\/p>\n","protected":false},"featured_media":71952,"comment_status":"open","ping_status":"closed","template":"","meta":{"nf_dc_page":""},"product_brand":[],"product_cat":[76],"product_tag":[],"class_list":{"0":"post-71951","1":"product","2":"type-product","3":"status-publish","4":"has-post-thumbnail","6":"product_cat-masculino","8":"first","9":"outofstock","10":"shipping-taxable","11":"purchasable","12":"product-type-simple"},"_links":{"self":[{"href":"https:\/\/brandss.com.py\/index\/wp-json\/wp\/v2\/product\/71951","targetHints":{"allow":["GET"]}}],"collection":[{"href":"https:\/\/brandss.com.py\/index\/wp-json\/wp\/v2\/product"}],"about":[{"href":"https:\/\/brandss.com.py\/index\/wp-json\/wp\/v2\/types\/product"}],"replies":[{"embeddable":true,"href":"https:\/\/brandss.com.py\/index\/wp-json\/wp\/v2\/comments?post=71951"}],"version-history":[{"count":1,"href":"https:\/\/brandss.com.py\/index\/wp-json\/wp\/v2\/product\/71951\/revisions"}],"predecessor-version":[{"id":71964,"href":"https:\/\/brandss.com.py\/index\/wp-json\/wp\/v2\/product\/71951\/revisions\/71964"}],"wp:featuredmedia":[{"embeddable":true,"href":"https:\/\/brandss.com.py\/index\/wp-json\/wp\/v2\/media\/71952"}],"wp:attachment":[{"href":"https:\/\/brandss.com.py\/index\/wp-json\/wp\/v2\/media?parent=71951"}],"wp:term":[{"taxonomy":"product_brand","embeddable":true,"href":"https:\/\/brandss.com.py\/index\/wp-json\/wp\/v2\/product_brand?post=71951"},{"taxonomy":"product_cat","embeddable":true,"href":"https:\/\/brandss.com.py\/index\/wp-json\/wp\/v2\/product_cat?post=71951"},{"taxonomy":"product_tag","embeddable":true,"href":"https:\/\/brandss.com.py\/index\/wp-json\/wp\/v2\/product_tag?post=71951"}],"curies":[{"name":"wp","href":"https:\/\/api.w.org\/{rel}","templated":true}]}}