{"id":71967,"date":"2025-02-17T13:32:49","date_gmt":"2025-02-17T13:32:49","guid":{"rendered":"https:\/\/brandss.com.py\/index\/?post_type=product&#038;p=71967"},"modified":"2026-04-09T10:44:09","modified_gmt":"2026-04-09T10:44:09","slug":"calzado-deportivo-masculino-adidas-zx-2k-boost-2-0-3","status":"publish","type":"product","link":"https:\/\/brandss.com.py\/index\/producto\/calzado-deportivo-masculino-adidas-zx-2k-boost-2-0-3\/","title":{"rendered":"CALZADO DEPORTIVO MASCULINO ADIDAS ZX 2K BOOST 2.0"},"content":{"rendered":"<p><img loading=\"lazy\" decoding=\"async\" class=\"\" src=\"https:\/\/upload.wikimedia.org\/wikipedia\/commons\/2\/20\/Adidas_Logo.svg\" alt=\"Archivo:Adidas Logo.svg - Wikipedia, la enciclopedia libre\" width=\"361\" height=\"249\" \/><\/p>\n<h1>GZ7735<\/h1>\n<h3 data-start=\"0\" data-end=\"43\"><strong data-start=\"4\" data-end=\"41\">TECNOLOG\u00cdA Y CONFORT EN CADA PASO<\/strong><\/h3>\n<p data-start=\"45\" data-end=\"414\">Inspirado en la satisfacci\u00f3n digital y t\u00e1ctil que nos rodea, este modelo redefine la experiencia de caminar. Con detalles reflectantes que destacan su dise\u00f1o futurista, estas zapatillas combinan innovaci\u00f3n y estilo en cada cent\u00edmetro. \u00c1tatelas y deja que la suavidad envuelva tus pies. La amortiguaci\u00f3n Boost envuelto te brinda una sensaci\u00f3n inigualable en cada paso.<\/p>\n<h3 data-start=\"416\" data-end=\"456\"><strong data-start=\"420\" data-end=\"454\">ESTABILIDAD Y SOPORTE MEJORADO<\/strong><\/h3>\n<p data-start=\"457\" data-end=\"635\">El clip de tal\u00f3n actualizado, combinado con el tal\u00f3n Wrapped Boost, ofrece una pisada firme y estable. Sum\u00e9rgete en una comodidad excepcional que se siente tan bien como se ve.<\/p>\n<h3 data-start=\"637\" data-end=\"672\"><strong data-start=\"641\" data-end=\"670\">BRILLO QUE ATRAPA MIRADAS<\/strong><\/h3>\n<p data-start=\"673\" data-end=\"840\">Un impactante efecto degradado ilumina cada movimiento, mientras que los detalles reflectantes y de TPU en la parte superior a\u00f1aden un toque moderno e inconfundible.<\/p>\n<h3 data-start=\"842\" data-end=\"886\"><strong data-start=\"846\" data-end=\"884\">UNA EXPERIENCIA SENSORIAL COMPLETA<\/strong><\/h3>\n<p data-start=\"887\" data-end=\"1107\">Siente la suavidad de la parte superior, admira su dise\u00f1o resplandeciente y disfruta de la amortiguaci\u00f3n Boost de largo completo. Cada detalle ha sido pensado para que nada se interponga entre t\u00fa y la m\u00e1xima comodidad.<\/p>\n<p data-start=\"1109\" data-end=\"1355\">\ud83d\udd39 <strong data-start=\"1112\" data-end=\"1123\">Cierre:<\/strong> Cordones<br data-start=\"1132\" data-end=\"1135\" \/>\ud83d\udd39 <strong data-start=\"1138\" data-end=\"1153\">Materiales:<\/strong> Malla, TPU y neopreno<br data-start=\"1175\" data-end=\"1178\" \/>\ud83d\udd39 <strong data-start=\"1181\" data-end=\"1196\">Entresuela:<\/strong> Boost envuelto para una amortiguaci\u00f3n superior<br data-start=\"1243\" data-end=\"1246\" \/>\ud83d\udd39 <strong data-start=\"1249\" data-end=\"1259\">Suela:<\/strong> Goma resistente con excelente tracci\u00f3n<br data-start=\"1298\" data-end=\"1301\" \/>\ud83d\udd39 <strong data-start=\"1304\" data-end=\"1314\">Color:<\/strong> Negro b\u00e1sico \/ Rojo solar \/ Rojo solar<\/p>\n<p data-start=\"1357\" data-end=\"1480\"><strong data-start=\"1357\" data-end=\"1425\">Dise\u00f1adas para quienes buscan destacar sin sacrificar comodidad.<\/strong> Ponte en marcha y siente la innovaci\u00f3n en cada paso.<\/p>\n","protected":false},"excerpt":{"rendered":"<p>GZ7735 TECNOLOG\u00cdA Y CONFORT EN CADA PASO Inspirado en la satisfacci\u00f3n digital y t\u00e1ctil que nos rodea, este modelo redefine<\/p>\n","protected":false},"featured_media":71973,"comment_status":"open","ping_status":"closed","template":"","meta":{"nf_dc_page":""},"product_brand":[],"product_cat":[76],"product_tag":[],"class_list":{"0":"post-71967","1":"product","2":"type-product","3":"status-publish","4":"has-post-thumbnail","6":"product_cat-masculino","8":"first","9":"instock","10":"shipping-taxable","11":"purchasable","12":"product-type-simple"},"_links":{"self":[{"href":"https:\/\/brandss.com.py\/index\/wp-json\/wp\/v2\/product\/71967","targetHints":{"allow":["GET"]}}],"collection":[{"href":"https:\/\/brandss.com.py\/index\/wp-json\/wp\/v2\/product"}],"about":[{"href":"https:\/\/brandss.com.py\/index\/wp-json\/wp\/v2\/types\/product"}],"replies":[{"embeddable":true,"href":"https:\/\/brandss.com.py\/index\/wp-json\/wp\/v2\/comments?post=71967"}],"version-history":[{"count":1,"href":"https:\/\/brandss.com.py\/index\/wp-json\/wp\/v2\/product\/71967\/revisions"}],"predecessor-version":[{"id":71988,"href":"https:\/\/brandss.com.py\/index\/wp-json\/wp\/v2\/product\/71967\/revisions\/71988"}],"wp:featuredmedia":[{"embeddable":true,"href":"https:\/\/brandss.com.py\/index\/wp-json\/wp\/v2\/media\/71973"}],"wp:attachment":[{"href":"https:\/\/brandss.com.py\/index\/wp-json\/wp\/v2\/media?parent=71967"}],"wp:term":[{"taxonomy":"product_brand","embeddable":true,"href":"https:\/\/brandss.com.py\/index\/wp-json\/wp\/v2\/product_brand?post=71967"},{"taxonomy":"product_cat","embeddable":true,"href":"https:\/\/brandss.com.py\/index\/wp-json\/wp\/v2\/product_cat?post=71967"},{"taxonomy":"product_tag","embeddable":true,"href":"https:\/\/brandss.com.py\/index\/wp-json\/wp\/v2\/product_tag?post=71967"}],"curies":[{"name":"wp","href":"https:\/\/api.w.org\/{rel}","templated":true}]}}