{"id":71990,"date":"2025-02-17T14:21:09","date_gmt":"2025-02-17T14:21:09","guid":{"rendered":"https:\/\/brandss.com.py\/index\/?post_type=product&#038;p=71990"},"modified":"2026-01-26T11:21:32","modified_gmt":"2026-01-26T11:21:32","slug":"calzado-deportivo-masculino-adidas-zx-2k-b00st-2-0","status":"publish","type":"product","link":"https:\/\/brandss.com.py\/index\/producto\/calzado-deportivo-masculino-adidas-zx-2k-b00st-2-0\/","title":{"rendered":"CALZADO DEPORTIVO MASCULINO ADIDAS ZX 2K B00ST 2.0"},"content":{"rendered":"<p><img loading=\"lazy\" decoding=\"async\" class=\"\" src=\"https:\/\/upload.wikimedia.org\/wikipedia\/commons\/2\/20\/Adidas_Logo.svg\" alt=\"Archivo:Adidas Logo.svg - Wikipedia, la enciclopedia libre\" width=\"318\" height=\"219\" \/><\/p>\n<h1>GZ7741<\/h1>\n<h3 data-start=\"0\" data-end=\"52\"><strong data-start=\"4\" data-end=\"50\">INNOVACI\u00d3N Y ESTILO EN SU M\u00c1XIMA EXPRESI\u00d3N<\/strong><\/h3>\n<p data-start=\"54\" data-end=\"360\">Un dise\u00f1o futurista que combina tecnolog\u00eda y elegancia minimalista. Estas zapatillas en blanco total redefinen la comodidad con su estructura ligera y materiales de vanguardia. Cada detalle ha sido pensado para ofrecer una experiencia envolvente, desde su ajuste ergon\u00f3mico hasta su est\u00e9tica sofisticada.<\/p>\n<h3 data-start=\"362\" data-end=\"403\"><strong data-start=\"366\" data-end=\"401\">SUAVIDAD Y SOPORTE EN CADA PASO<\/strong><\/h3>\n<p data-start=\"404\" data-end=\"600\">La tecnolog\u00eda Boost encapsulada proporciona una amortiguaci\u00f3n reactiva y una pisada ultrasuave. Su dise\u00f1o envolvente abraza el pie para un ajuste seguro y flexible, ideal para cualquier ocasi\u00f3n.<\/p>\n<h3 data-start=\"602\" data-end=\"639\"><strong data-start=\"606\" data-end=\"637\">TRANSPIRABILIDAD Y LIGEREZA<\/strong><\/h3>\n<p data-start=\"640\" data-end=\"794\">La parte superior de malla transpirable con refuerzos en TPU permite una ventilaci\u00f3n \u00f3ptima, manteniendo tus pies frescos y c\u00f3modos durante todo el d\u00eda.<\/p>\n<h3 data-start=\"796\" data-end=\"827\"><strong data-start=\"800\" data-end=\"825\">ELEGANCIA TRANSL\u00daCIDA<\/strong><\/h3>\n<p data-start=\"828\" data-end=\"963\">Los detalles transl\u00facidos y las l\u00edneas din\u00e1micas aportan un toque de sofisticaci\u00f3n, fusionando estilo y tecnolog\u00eda en un solo dise\u00f1o.<\/p>\n<p data-start=\"965\" data-end=\"1238\">\ud83d\udd39 <strong data-start=\"968\" data-end=\"979\">Cierre:<\/strong> Cordones ajustables<br data-start=\"999\" data-end=\"1002\" \/>\ud83d\udd39 <strong data-start=\"1005\" data-end=\"1020\">Materiales:<\/strong> Malla transpirable, TPU y neopreno<br data-start=\"1055\" data-end=\"1058\" \/>\ud83d\udd39 <strong data-start=\"1061\" data-end=\"1076\">Entresuela:<\/strong> Tecnolog\u00eda Boost para una amortiguaci\u00f3n excepcional<br data-start=\"1128\" data-end=\"1131\" \/>\ud83d\udd39 <strong data-start=\"1134\" data-end=\"1144\">Suela:<\/strong> Goma duradera con excelente tracci\u00f3n<br data-start=\"1181\" data-end=\"1184\" \/>\ud83d\udd39 <strong data-start=\"1187\" data-end=\"1197\">Color:<\/strong> Blanco total con detalles transl\u00facidos<\/p>\n<p data-start=\"1240\" data-end=\"1370\"><strong data-start=\"1240\" data-end=\"1315\">Dise\u00f1adas para quienes buscan un look moderno sin sacrificar comodidad.<\/strong> Eleva tu estilo y siente la innovaci\u00f3n en cada paso.<\/p>\n","protected":false},"excerpt":{"rendered":"<p>GZ7741 INNOVACI\u00d3N Y ESTILO EN SU M\u00c1XIMA EXPRESI\u00d3N Un dise\u00f1o futurista que combina tecnolog\u00eda y elegancia minimalista. Estas zapatillas en<\/p>\n","protected":false},"featured_media":71991,"comment_status":"open","ping_status":"closed","template":"","meta":{"nf_dc_page":""},"product_brand":[],"product_cat":[76],"product_tag":[],"class_list":{"0":"post-71990","1":"product","2":"type-product","3":"status-publish","4":"has-post-thumbnail","6":"product_cat-masculino","8":"first","9":"outofstock","10":"shipping-taxable","11":"purchasable","12":"product-type-simple"},"_links":{"self":[{"href":"https:\/\/brandss.com.py\/index\/wp-json\/wp\/v2\/product\/71990","targetHints":{"allow":["GET"]}}],"collection":[{"href":"https:\/\/brandss.com.py\/index\/wp-json\/wp\/v2\/product"}],"about":[{"href":"https:\/\/brandss.com.py\/index\/wp-json\/wp\/v2\/types\/product"}],"replies":[{"embeddable":true,"href":"https:\/\/brandss.com.py\/index\/wp-json\/wp\/v2\/comments?post=71990"}],"version-history":[{"count":1,"href":"https:\/\/brandss.com.py\/index\/wp-json\/wp\/v2\/product\/71990\/revisions"}],"predecessor-version":[{"id":72008,"href":"https:\/\/brandss.com.py\/index\/wp-json\/wp\/v2\/product\/71990\/revisions\/72008"}],"wp:featuredmedia":[{"embeddable":true,"href":"https:\/\/brandss.com.py\/index\/wp-json\/wp\/v2\/media\/71991"}],"wp:attachment":[{"href":"https:\/\/brandss.com.py\/index\/wp-json\/wp\/v2\/media?parent=71990"}],"wp:term":[{"taxonomy":"product_brand","embeddable":true,"href":"https:\/\/brandss.com.py\/index\/wp-json\/wp\/v2\/product_brand?post=71990"},{"taxonomy":"product_cat","embeddable":true,"href":"https:\/\/brandss.com.py\/index\/wp-json\/wp\/v2\/product_cat?post=71990"},{"taxonomy":"product_tag","embeddable":true,"href":"https:\/\/brandss.com.py\/index\/wp-json\/wp\/v2\/product_tag?post=71990"}],"curies":[{"name":"wp","href":"https:\/\/api.w.org\/{rel}","templated":true}]}}