{"id":72011,"date":"2025-02-17T16:24:39","date_gmt":"2025-02-17T16:24:39","guid":{"rendered":"https:\/\/brandss.com.py\/index\/?post_type=product&#038;p=72011"},"modified":"2025-02-17T16:25:10","modified_gmt":"2025-02-17T16:25:10","slug":"calzado-deportivo-femenino-adidas-racer-tr21-2","status":"publish","type":"product","link":"https:\/\/brandss.com.py\/index\/producto\/calzado-deportivo-femenino-adidas-racer-tr21-2\/","title":{"rendered":"CALZADO DEPORTIVO FEMENINO ADIDAS RACER TR21"},"content":{"rendered":"<p><img loading=\"lazy\" decoding=\"async\" class=\"\" src=\"https:\/\/encrypted-tbn0.gstatic.com\/images?q=tbn:ANd9GcQIO9HvRepmQOPQJtDj-jBhpxzG3DGQDZuYWA&amp;s\" alt=\"Logotipo de Adidas PNG transparente - StickPNG\" width=\"116\" height=\"73\" \/><\/p>\n<h1>RACER TR21<\/h1>\n<h3 class=\"subtitle___9ljbp\"><span>Calzados inspiradas en el running para comodidad diaria.<\/span><\/h3>\n<p class=\"gl-vspace\"><span>Estos calzados adidas aportan el estilo deportivo del calzado para correr a tu look diario. Mu\u00e9vete con confianza durante todo el d\u00eda con un ajuste c\u00f3modo y una entresuela ligera que proporciona amortiguaci\u00f3n durante todo el d\u00eda bajo los pies. Este producto est\u00e1 fabricado con Primegreen, una serie de materiales reciclados de alto rendimiento. El 50 % de la parte superior es de contenido reciclado. Sin poli\u00e9ster virgen.<\/span><\/p>\n<div class=\"accordion__header-text___2o9Im\">\n<h2 class=\"accordion-title___2sTgR\"><span>Detalles<\/span><\/h2>\n<\/div>\n<div class=\"accordion__header-icon___2FuRa\"><\/div>\n<div class=\"accordion__content___29x9h\">\n<div class=\"content-padding___2kVWQ\">\n<div class=\"bullets___3bsSs\" data-auto-id=\"specifications-section\" data-testid=\"specifications-section\">\n<ul class=\"gl-list\">\n<li class=\"gl-vspace-bpall-small\"><span>Cierre de encaje.<\/span><\/li>\n<li class=\"gl-vspace-bpall-small\"><span>Parte superior de cuero y textil.<\/span><\/li>\n<li class=\"gl-vspace-bpall-small\"><span>Tacto suave.<\/span><\/li>\n<li class=\"gl-vspace-bpall-small\"><span>Entresuela de espuma de nube.<\/span><\/li>\n<li class=\"gl-vspace-bpall-small\"><span>Forro textil.<\/span><\/li>\n<li class=\"gl-vspace-bpall-small\"><span>Suela de goma.<\/span><\/li>\n<li class=\"gl-vspace-bpall-small\"><span>Primegreen.<\/span><\/li>\n<li class=\"gl-vspace-bpall-small\"><span>Color: Carbono \/ Negro b\u00e1sico \/ Rosa vapor.<\/span><\/li>\n<li class=\"gl-vspace-bpall-small\"><span>Modelo: H00654.<\/span><\/li>\n<\/ul>\n<\/div>\n<\/div>\n<\/div>\n","protected":false},"excerpt":{"rendered":"<p>RACER TR21 Calzados inspiradas en el running para comodidad diaria. Estos calzados adidas aportan el estilo deportivo del calzado para<\/p>\n","protected":false},"featured_media":72012,"comment_status":"open","ping_status":"closed","template":"","meta":{"nf_dc_page":""},"product_brand":[],"product_cat":[73],"product_tag":[],"class_list":{"0":"post-72011","1":"product","2":"type-product","3":"status-publish","4":"has-post-thumbnail","6":"product_cat-femenino","8":"first","9":"instock","10":"shipping-taxable","11":"purchasable","12":"product-type-simple"},"_links":{"self":[{"href":"https:\/\/brandss.com.py\/index\/wp-json\/wp\/v2\/product\/72011","targetHints":{"allow":["GET"]}}],"collection":[{"href":"https:\/\/brandss.com.py\/index\/wp-json\/wp\/v2\/product"}],"about":[{"href":"https:\/\/brandss.com.py\/index\/wp-json\/wp\/v2\/types\/product"}],"replies":[{"embeddable":true,"href":"https:\/\/brandss.com.py\/index\/wp-json\/wp\/v2\/comments?post=72011"}],"version-history":[{"count":1,"href":"https:\/\/brandss.com.py\/index\/wp-json\/wp\/v2\/product\/72011\/revisions"}],"predecessor-version":[{"id":72021,"href":"https:\/\/brandss.com.py\/index\/wp-json\/wp\/v2\/product\/72011\/revisions\/72021"}],"wp:featuredmedia":[{"embeddable":true,"href":"https:\/\/brandss.com.py\/index\/wp-json\/wp\/v2\/media\/72012"}],"wp:attachment":[{"href":"https:\/\/brandss.com.py\/index\/wp-json\/wp\/v2\/media?parent=72011"}],"wp:term":[{"taxonomy":"product_brand","embeddable":true,"href":"https:\/\/brandss.com.py\/index\/wp-json\/wp\/v2\/product_brand?post=72011"},{"taxonomy":"product_cat","embeddable":true,"href":"https:\/\/brandss.com.py\/index\/wp-json\/wp\/v2\/product_cat?post=72011"},{"taxonomy":"product_tag","embeddable":true,"href":"https:\/\/brandss.com.py\/index\/wp-json\/wp\/v2\/product_tag?post=72011"}],"curies":[{"name":"wp","href":"https:\/\/api.w.org\/{rel}","templated":true}]}}