{"id":72022,"date":"2025-02-17T16:42:38","date_gmt":"2025-02-17T16:42:38","guid":{"rendered":"https:\/\/brandss.com.py\/index\/?post_type=product&#038;p=72022"},"modified":"2025-02-17T16:43:26","modified_gmt":"2025-02-17T16:43:26","slug":"calzado-deportivo-femenino-adidas-nmd_r1-marimekko","status":"publish","type":"product","link":"https:\/\/brandss.com.py\/index\/producto\/calzado-deportivo-femenino-adidas-nmd_r1-marimekko\/","title":{"rendered":"CALZADO DEPORTIVO FEMENINO ADIDAS NMD_R1 MARIMEKKO"},"content":{"rendered":"<p><img loading=\"lazy\" decoding=\"async\" class=\"\" src=\"https:\/\/encrypted-tbn0.gstatic.com\/images?q=tbn:ANd9GcQIO9HvRepmQOPQJtDj-jBhpxzG3DGQDZuYWA&amp;s\" alt=\"Logotipo de Adidas PNG transparente - StickPNG\" width=\"171\" height=\"107\" \/><\/p>\n<h1>NMD_R1 MARIMEKKO<\/h1>\n<h3 class=\"subtitle___9ljbp\"><span>Los zapatos NMD_R1 reciben el tratamiento Marimekko con su ic\u00f3nico gr\u00e1fico de olas.<\/span><\/h3>\n<p class=\"gl-vspace\"><span>\u00bfQu\u00e9 significa para ti el empoderamiento? Sea lo que sea que te haya venido a la mente, Marimekko est\u00e1 aqu\u00ed para apoyarlo. Por eso tiene sentido que colaboremos con la c\u00e9lebre marca finlandesa. Estos calzados adidas NMD_R1 lucen el famoso gr\u00e1fico &#8220;Laine&#8221; de Marimekko en el tal\u00f3n, que sigue estando vigente desde su debut en 1965. Una entresuela Boost te mantiene con energ\u00eda todo el d\u00eda. Este producto est\u00e1 fabricado con Primegreen, una serie de materiales reciclados de alto rendimiento. El 50 % de la parte superior es de contenido reciclado. Sin poli\u00e9ster virgen.<\/span><\/p>\n<div class=\"accordion__header-text___2o9Im\">\n<h2 class=\"accordion-title___2sTgR\"><span>Detalles<\/span><\/h2>\n<\/div>\n<div class=\"accordion__header-icon___2FuRa\"><\/div>\n<div class=\"accordion__content___29x9h\">\n<div class=\"content-padding___2kVWQ\">\n<div class=\"bullets___3bsSs\" data-auto-id=\"specifications-section\" data-testid=\"specifications-section\">\n<ul class=\"gl-list\">\n<li class=\"gl-vspace-bpall-small\"><span>Cierre de encaje.<\/span><\/li>\n<li class=\"gl-vspace-bpall-small\"><span>Parte superior textil.<\/span><\/li>\n<li class=\"gl-vspace-bpall-small\"><span>Suela de goma.<\/span><\/li>\n<li class=\"gl-vspace-bpall-small\"><span>Entresuela Boost.<\/span><\/li>\n<li class=\"gl-vspace-bpall-small\"><span>Primegreen.<\/span><\/li>\n<li class=\"gl-vspace-bpall-small\"><span>Color: Core Black \/ Team Real Magenta \/ Cloud White.<\/span><\/li>\n<li class=\"gl-vspace-bpall-small\"><span>Modelo: H00655.<\/span><\/li>\n<\/ul>\n<\/div>\n<\/div>\n<\/div>\n","protected":false},"excerpt":{"rendered":"<p>NMD_R1 MARIMEKKO Los zapatos NMD_R1 reciben el tratamiento Marimekko con su ic\u00f3nico gr\u00e1fico de olas. \u00bfQu\u00e9 significa para ti el<\/p>\n","protected":false},"featured_media":72025,"comment_status":"open","ping_status":"closed","template":"","meta":{"nf_dc_page":""},"product_brand":[],"product_cat":[73],"product_tag":[],"class_list":{"0":"post-72022","1":"product","2":"type-product","3":"status-publish","4":"has-post-thumbnail","6":"product_cat-femenino","8":"first","9":"instock","10":"shipping-taxable","11":"purchasable","12":"product-type-simple"},"_links":{"self":[{"href":"https:\/\/brandss.com.py\/index\/wp-json\/wp\/v2\/product\/72022","targetHints":{"allow":["GET"]}}],"collection":[{"href":"https:\/\/brandss.com.py\/index\/wp-json\/wp\/v2\/product"}],"about":[{"href":"https:\/\/brandss.com.py\/index\/wp-json\/wp\/v2\/types\/product"}],"replies":[{"embeddable":true,"href":"https:\/\/brandss.com.py\/index\/wp-json\/wp\/v2\/comments?post=72022"}],"version-history":[{"count":1,"href":"https:\/\/brandss.com.py\/index\/wp-json\/wp\/v2\/product\/72022\/revisions"}],"predecessor-version":[{"id":72039,"href":"https:\/\/brandss.com.py\/index\/wp-json\/wp\/v2\/product\/72022\/revisions\/72039"}],"wp:featuredmedia":[{"embeddable":true,"href":"https:\/\/brandss.com.py\/index\/wp-json\/wp\/v2\/media\/72025"}],"wp:attachment":[{"href":"https:\/\/brandss.com.py\/index\/wp-json\/wp\/v2\/media?parent=72022"}],"wp:term":[{"taxonomy":"product_brand","embeddable":true,"href":"https:\/\/brandss.com.py\/index\/wp-json\/wp\/v2\/product_brand?post=72022"},{"taxonomy":"product_cat","embeddable":true,"href":"https:\/\/brandss.com.py\/index\/wp-json\/wp\/v2\/product_cat?post=72022"},{"taxonomy":"product_tag","embeddable":true,"href":"https:\/\/brandss.com.py\/index\/wp-json\/wp\/v2\/product_tag?post=72022"}],"curies":[{"name":"wp","href":"https:\/\/api.w.org\/{rel}","templated":true}]}}