{"id":72041,"date":"2025-02-17T17:00:55","date_gmt":"2025-02-17T17:00:55","guid":{"rendered":"https:\/\/brandss.com.py\/index\/?post_type=product&#038;p=72041"},"modified":"2026-01-26T11:20:52","modified_gmt":"2026-01-26T11:20:52","slug":"calzado-deportivo-masculino-adidas-lite-racer-rebold","status":"publish","type":"product","link":"https:\/\/brandss.com.py\/index\/producto\/calzado-deportivo-masculino-adidas-lite-racer-rebold\/","title":{"rendered":"CALZADO DEPORTIVO MASCULINO ADIDAS LITE RACER REBOLD"},"content":{"rendered":"<p><img loading=\"lazy\" decoding=\"async\" class=\"\" src=\"https:\/\/encrypted-tbn0.gstatic.com\/images?q=tbn:ANd9GcQIO9HvRepmQOPQJtDj-jBhpxzG3DGQDZuYWA&amp;s\" alt=\"Logotipo de Adidas PNG transparente - StickPNG\" width=\"172\" height=\"108\" \/><\/p>\n<h1>LITE RACER REBOLD<\/h1>\n<h3 class=\"subtitle___9ljbp\"><span>Zapatos deportivos dise\u00f1ados para brindar comodidad y estilo.<\/span><\/h3>\n<p class=\"gl-vspace\"><span>Luce como un corredor. Si\u00e9ntete como un corredor. Deja la carrera para otro momento. Estos calzados inspirados en el running de adidas est\u00e1n pensadas para ofrecer la m\u00e1xima comodidad en el d\u00eda a d\u00eda. \u00bfTienes una lista de cosas por hacer o una ciudad que explorar? La suave amortiguaci\u00f3n Cloudfoam y la parte superior sin costuras crean la combinaci\u00f3n perfecta de comodidad. Este producto est\u00e1 fabricado con Primegreen, una serie de materiales reciclados de alto rendimiento. El 50 % de la parte superior es de contenido reciclado. Sin poli\u00e9ster virgen.<\/span><\/p>\n<div class=\"accordion__header-text___2o9Im\">\n<h2 class=\"accordion-title___2sTgR\"><span>Detalles<\/span><\/h2>\n<\/div>\n<div class=\"accordion__header-icon___2FuRa\"><\/div>\n<div class=\"accordion__content___29x9h\">\n<div class=\"content-padding___2kVWQ\">\n<div class=\"bullets___3bsSs\" data-auto-id=\"specifications-section\" data-testid=\"specifications-section\">\n<ul class=\"gl-list\">\n<li class=\"gl-vspace-bpall-small\"><span>Cierre de encaje.<\/span><\/li>\n<li class=\"gl-vspace-bpall-small\"><span>Parte superior de malla con elementos sin costuras.<\/span><\/li>\n<li class=\"gl-vspace-bpall-small\"><span>Cuello acolchado.<\/span><\/li>\n<li class=\"gl-vspace-bpall-small\"><span>Entresuela Cloudfoam esculpida.<\/span><\/li>\n<li class=\"gl-vspace-bpall-small\"><span>Suela sint\u00e9tica.<\/span><\/li>\n<li class=\"gl-vspace-bpall-small\">Primegreen.<\/li>\n<li class=\"gl-vspace-bpall-small\"><span>Color: Negro b\u00e1sico \/ Negro b\u00e1sico \/ Hierro metalizado.<\/span><\/li>\n<li class=\"gl-vspace-bpall-small\"><span>Modelo: H00679.<\/span><\/li>\n<\/ul>\n<\/div>\n<\/div>\n<\/div>\n","protected":false},"excerpt":{"rendered":"<p>LITE RACER REBOLD Zapatos deportivos dise\u00f1ados para brindar comodidad y estilo. Luce como un corredor. Si\u00e9ntete como un corredor. Deja<\/p>\n","protected":false},"featured_media":72042,"comment_status":"open","ping_status":"closed","template":"","meta":{"nf_dc_page":""},"product_brand":[],"product_cat":[76],"product_tag":[],"class_list":{"0":"post-72041","1":"product","2":"type-product","3":"status-publish","4":"has-post-thumbnail","6":"product_cat-masculino","8":"first","9":"outofstock","10":"shipping-taxable","11":"purchasable","12":"product-type-simple"},"_links":{"self":[{"href":"https:\/\/brandss.com.py\/index\/wp-json\/wp\/v2\/product\/72041","targetHints":{"allow":["GET"]}}],"collection":[{"href":"https:\/\/brandss.com.py\/index\/wp-json\/wp\/v2\/product"}],"about":[{"href":"https:\/\/brandss.com.py\/index\/wp-json\/wp\/v2\/types\/product"}],"replies":[{"embeddable":true,"href":"https:\/\/brandss.com.py\/index\/wp-json\/wp\/v2\/comments?post=72041"}],"version-history":[{"count":1,"href":"https:\/\/brandss.com.py\/index\/wp-json\/wp\/v2\/product\/72041\/revisions"}],"predecessor-version":[{"id":72051,"href":"https:\/\/brandss.com.py\/index\/wp-json\/wp\/v2\/product\/72041\/revisions\/72051"}],"wp:featuredmedia":[{"embeddable":true,"href":"https:\/\/brandss.com.py\/index\/wp-json\/wp\/v2\/media\/72042"}],"wp:attachment":[{"href":"https:\/\/brandss.com.py\/index\/wp-json\/wp\/v2\/media?parent=72041"}],"wp:term":[{"taxonomy":"product_brand","embeddable":true,"href":"https:\/\/brandss.com.py\/index\/wp-json\/wp\/v2\/product_brand?post=72041"},{"taxonomy":"product_cat","embeddable":true,"href":"https:\/\/brandss.com.py\/index\/wp-json\/wp\/v2\/product_cat?post=72041"},{"taxonomy":"product_tag","embeddable":true,"href":"https:\/\/brandss.com.py\/index\/wp-json\/wp\/v2\/product_tag?post=72041"}],"curies":[{"name":"wp","href":"https:\/\/api.w.org\/{rel}","templated":true}]}}