{"id":72052,"date":"2025-02-17T17:43:19","date_gmt":"2025-02-17T17:43:19","guid":{"rendered":"https:\/\/brandss.com.py\/index\/?post_type=product&#038;p=72052"},"modified":"2026-01-26T11:24:38","modified_gmt":"2026-01-26T11:24:38","slug":"calzado-deportivo-masculino-adidas-solar-boost-4","status":"publish","type":"product","link":"https:\/\/brandss.com.py\/index\/producto\/calzado-deportivo-masculino-adidas-solar-boost-4\/","title":{"rendered":"CALZADO DEPORTIVO MASCULINO ADIDAS  SOLAR BOOST 4"},"content":{"rendered":"<p><img loading=\"lazy\" decoding=\"async\" class=\"\" src=\"https:\/\/encrypted-tbn0.gstatic.com\/images?q=tbn:ANd9GcQIO9HvRepmQOPQJtDj-jBhpxzG3DGQDZuYWA&amp;s\" alt=\"Logotipo de Adidas PNG transparente - StickPNG\" width=\"144\" height=\"90\" \/><\/p>\n<h1><span>SOLAR BOOST 4\u00a0<\/span><\/h1>\n<p>Desde tu primera carrera hasta la l\u00ednea de meta de 10 km, las zapatillas Solarboost 4 te brindan rebote, kil\u00f3metro tras kil\u00f3metro y d\u00eda tras d\u00eda. Estas zapatillas para correr adidas cuentan con espuma BOOST de longitud completa y un panel especial para sujetar tu pie en cada paso. El sistema Linear Energy Push te brindar\u00e1 una carrera suave y r\u00e1pida desde el inicio de tu entrenamiento hasta el d\u00eda de la carrera.\u00a0 El calzado adidas SolarBoost 4\u00a0para\u00a0hombre\u00a0te acompa\u00f1a serenamente durante tus\u00a0sesiones de running\u00a0. Su\u00a0versatilidad\u00a0y vivacidad lo convierten en un aliado de elecci\u00f3n en caminos\u00a0y\u00a0senderos se\u00f1alizados. La tecnolog\u00eda Boost en la entresuela proporciona una excelente amortiguaci\u00f3n y\u00a0un retorno de energ\u00eda din\u00e1mico. El Control Rail y el Linear Energy Push prometen\u00a0estabilidad\u00a0adicional y m\u00e1xima\u00a0seguridad a lo largo de los kil\u00f3metros. Fabricada con un 50% de materiales reciclados, la\u00a0parte superior de malla\u00a0te proporciona una fuente continua de\u00a0frescura\u00a0que se agradece cuando el esfuerzo se intensifica. La suela Continental te garantiza\u00a0un agarre\u00a0perfecto y una gran\u00a0durabilidad\u00a0.<\/p>\n<p>&nbsp;<\/p>\n<p><em>A trav\u00e9s de la alianza End Plastic Waste, adidas est\u00e1 ayudando a desarrollar soluciones de fabricaci\u00f3n que reducen la contaminaci\u00f3n por residuos pl\u00e1sticos en la tierra y el mar.<\/em><\/p>\n<h3><span class=\"m-accordion__header\"><span class=\"m-accordion__header__title\"><span>Tecnolog\u00edas<\/span><\/span><\/span><\/h3>\n<div class=\"m-accordion__content js-readMore\">\n<div class=\"m-readMore__content js-readMore-container\">\n<div class=\"prdDtl__contentSection__content\">\n<dl>\n<dt><strong>Aumentar<\/strong><\/dt>\n<dt><\/dt>\n<dd>Miles de c\u00e1psulas de energ\u00eda especiales se inyectan juntas en una entresuela para revolucionar tu forma de correr. La tecnolog\u00eda Boost fue dise\u00f1ada para resaltar el retorno de energ\u00eda superior y la flexibilidad de amortiguaci\u00f3n extrema. Este material es tres veces m\u00e1s resistente que el Eva est\u00e1ndar y sigue siendo eficaz para temperaturas que oscilan entre -20 \u00b0C y +40 \u00b0C.<\/dd>\n<dd><\/dd>\n<dt><strong>Impulso de energ\u00eda lineal<\/strong><\/dt>\n<dd>El sistema Linear Energy Plush es un componente en forma de horquilla que est\u00e1 encapsulado en la entresuela. Proporciona estabilidad en el mediopi\u00e9 y permite un movimiento suave del pie hacia adelante y hacia atr\u00e1s.<\/dd>\n<dt><strong>Riel de control<\/strong><\/dt>\n<dd>Esta capa de EVA se encuentra encima del Boost. Funciona en sinergia con la tecnolog\u00eda Boost y proporciona mayor estabilidad, control y gu\u00eda al pie durante cada zancada.<\/dd>\n<dt><strong>Poner fin a los residuos pl\u00e1sticos<\/strong><\/dt>\n<dd>Producto creado a partir de residuos de producci\u00f3n, como restos de tela y residuos dom\u00e9sticos tratados para reducir el impacto ambiental de la producci\u00f3n de material virgen.<\/dd>\n<\/dl>\n<ul>\n<li><span><span>Entresuela BOOST.<\/span><\/span><\/li>\n<li><span><span>Marco estabilizador de EVA.<\/span><\/span><\/li>\n<li><span><span>Parte superior textil.<\/span><\/span><\/li>\n<li><span><span>Con cordones.<\/span><\/span><\/li>\n<li><span><span>Diferencia de altura en la entresuela: 10 mm (tac\u00f3n: 32 mm \/ punta: 22 mm).<\/span><\/span><\/li>\n<li><span><span>Suela de caucho Continental\u2122.<\/span><\/span><\/li>\n<li><span><span>La parte superior de estas zapatillas est\u00e1 hecha con un 50% de fibras recicladas.<\/span><\/span><\/li>\n<li><span><span>Color: Turbo \/ Legacy Indigo \/ Carbono.<\/span><\/span><\/li>\n<li><span><span>Modelo: H01146.<\/span><\/span><\/li>\n<\/ul>\n<\/div>\n<\/div>\n<\/div>\n","protected":false},"excerpt":{"rendered":"<p>SOLAR BOOST 4\u00a0 Desde tu primera carrera hasta la l\u00ednea de meta de 10 km, las zapatillas Solarboost 4 te<\/p>\n","protected":false},"featured_media":72062,"comment_status":"open","ping_status":"closed","template":"","meta":{"nf_dc_page":""},"product_brand":[],"product_cat":[76],"product_tag":[],"class_list":{"0":"post-72052","1":"product","2":"type-product","3":"status-publish","4":"has-post-thumbnail","6":"product_cat-masculino","8":"first","9":"outofstock","10":"shipping-taxable","11":"purchasable","12":"product-type-simple"},"_links":{"self":[{"href":"https:\/\/brandss.com.py\/index\/wp-json\/wp\/v2\/product\/72052","targetHints":{"allow":["GET"]}}],"collection":[{"href":"https:\/\/brandss.com.py\/index\/wp-json\/wp\/v2\/product"}],"about":[{"href":"https:\/\/brandss.com.py\/index\/wp-json\/wp\/v2\/types\/product"}],"replies":[{"embeddable":true,"href":"https:\/\/brandss.com.py\/index\/wp-json\/wp\/v2\/comments?post=72052"}],"version-history":[{"count":1,"href":"https:\/\/brandss.com.py\/index\/wp-json\/wp\/v2\/product\/72052\/revisions"}],"predecessor-version":[{"id":72071,"href":"https:\/\/brandss.com.py\/index\/wp-json\/wp\/v2\/product\/72052\/revisions\/72071"}],"wp:featuredmedia":[{"embeddable":true,"href":"https:\/\/brandss.com.py\/index\/wp-json\/wp\/v2\/media\/72062"}],"wp:attachment":[{"href":"https:\/\/brandss.com.py\/index\/wp-json\/wp\/v2\/media?parent=72052"}],"wp:term":[{"taxonomy":"product_brand","embeddable":true,"href":"https:\/\/brandss.com.py\/index\/wp-json\/wp\/v2\/product_brand?post=72052"},{"taxonomy":"product_cat","embeddable":true,"href":"https:\/\/brandss.com.py\/index\/wp-json\/wp\/v2\/product_cat?post=72052"},{"taxonomy":"product_tag","embeddable":true,"href":"https:\/\/brandss.com.py\/index\/wp-json\/wp\/v2\/product_tag?post=72052"}],"curies":[{"name":"wp","href":"https:\/\/api.w.org\/{rel}","templated":true}]}}