{"id":72072,"date":"2025-02-17T18:09:59","date_gmt":"2025-02-17T18:09:59","guid":{"rendered":"https:\/\/brandss.com.py\/index\/?post_type=product&#038;p=72072"},"modified":"2025-02-17T18:10:25","modified_gmt":"2025-02-17T18:10:25","slug":"calzado-deportivo-femenino-adidas-solar-glide-5-2","status":"publish","type":"product","link":"https:\/\/brandss.com.py\/index\/producto\/calzado-deportivo-femenino-adidas-solar-glide-5-2\/","title":{"rendered":"CALZADO DEPORTIVO FEMENINO ADIDAS SOLAR GLIDE 5"},"content":{"rendered":"<p><img loading=\"lazy\" decoding=\"async\" class=\"\" src=\"https:\/\/encrypted-tbn0.gstatic.com\/images?q=tbn:ANd9GcQIO9HvRepmQOPQJtDj-jBhpxzG3DGQDZuYWA&amp;s\" alt=\"Logotipo de Adidas PNG transparente - StickPNG\" width=\"128\" height=\"80\" \/><\/p>\n<h1>SOLAR GLIDE 5<\/h1>\n<h3 class=\"subtitle___9ljbp\"><span>SOLARGLIDE 5, UN TODO TERRENO PARA EL D\u00cdA A D\u00cdA CON UN EXCELENTE RETORNO DE ENERG\u00cdA.<\/span><\/h3>\n<p class=\"gl-vspace\"><span>Ya sea que est\u00e9s mejorando tu constancia, aumentando tu distancia o entrenando para lograr tu mejor marca personal, Solarglide 5 es el calzado que dejas junto a la puerta para ayudarte a alcanzar tus objetivos todos los d\u00edas. Est\u00e1n repletas de tecnolog\u00eda de alto rendimiento, desde la entresuela BOOST hasta la parte superior tejida y el adidas LEP 2.0.<\/span><\/p>\n<div class=\"highlight___3fa4r\">\n<div class=\"highlight-text___lgoJI\">\n<h3 class=\"highlight-text__headline___25B2G\"><span>Entresuela Boost<\/span><\/h3>\n<p><span>Cientos de c\u00e1psulas de refuerzo fusionadas entre s\u00ed y listas para explotar con energ\u00eda en cada paso.<\/span><\/p>\n<\/div>\n<\/div>\n<div class=\"highlight___3fa4r\">\n<div class=\"highlight-text___lgoJI\">\n<h3 class=\"highlight-text__headline___25B2G\">adidas LEP 2.0<\/h3>\n<p>La evoluci\u00f3n de nuestro legendario sistema de torsi\u00f3n. Integrado en la suela exterior para una pisada con respuesta.<\/p>\n<div class=\"accordion__header-text___2o9Im\">\n<h2 class=\"accordion-title___2sTgR\">Caracter\u00edsticas<\/h2>\n<\/div>\n<div class=\"accordion__header-icon___2FuRa\"><\/div>\n<div class=\"accordion__content___29x9h\">\n<div class=\"content-padding___2kVWQ\">\n<div class=\"features-section___1pumR\">\n<div class=\"item___1X-1_\"><img decoding=\"async\" class=\"img_with_fallback___2aHBu feature-icon___3S9eQ\" src=\"https:\/\/brand.assets.adidas.com\/image\/upload\/long_882a03b686.png\" alt=\"\" data-auto-id=\"image\" \/><\/p>\n<p class=\"feature-icon-text___3Owgv\">Larga distancia (0 &#8211; 42+ Km)<\/p>\n<p class=\"feature-icon-summary-small___31Rc0\">Larga distancia (0 &#8211; 42+ Km)<\/p>\n<\/div>\n<div class=\"item___1X-1_\"><img decoding=\"async\" class=\"img_with_fallback___2aHBu feature-icon___3S9eQ\" src=\"https:\/\/brand.assets.adidas.com\/image\/upload\/neutral_16b16d1637.png\" alt=\"\" data-auto-id=\"image\" \/><\/p>\n<p class=\"feature-icon-text___3Owgv\">Neutral<\/p>\n<p class=\"feature-icon-summary-small___31Rc0\">Neutral<\/p>\n<\/div>\n<div class=\"item___1X-1_\"><img decoding=\"async\" class=\"img_with_fallback___2aHBu feature-icon___3S9eQ\" src=\"https:\/\/brand.assets.adidas.com\/image\/upload\/regular_a176d1f2d6.png\" alt=\"\" data-auto-id=\"image\" \/><\/p>\n<p class=\"feature-icon-text___3Owgv\">Mujeres de ancho regular<\/p>\n<p class=\"feature-icon-summary-small___31Rc0\">Ancho regular<\/p>\n<\/div>\n<div class=\"special-item___2Ohsx\">\n<h2 class=\"accordion-title___2sTgR\">Detalles<\/h2>\n<\/div>\n<div class=\"special-item___2Ohsx\">\n<p class=\"feature-icon-summary-small___31Rc0\">\n<\/div>\n<\/div>\n<div class=\"bullets___3bsSs\" data-auto-id=\"specifications-section\" data-testid=\"specifications-section\">\n<ul class=\"gl-list\">\n<li class=\"gl-vspace-bpall-small\">Ajuste regular.<\/li>\n<li class=\"gl-vspace-bpall-small\">Cierre de encaje.<\/li>\n<li class=\"gl-vspace-bpall-small\">Parte superior de tejido de punto circular.<\/li>\n<li class=\"gl-vspace-bpall-small\">Entresuela BOOST.<\/li>\n<li class=\"gl-vspace-bpall-small\">Suela de caucho Continental\u2122.<\/li>\n<li class=\"gl-vspace-bpall-small\">Peso: 280 g.<\/li>\n<li class=\"gl-vspace-bpall-small\">Drop de la entresuela: 10 mm (tal\u00f3n: 36 mm \/ antepi\u00e9: 26 mm).<\/li>\n<li class=\"gl-vspace-bpall-small\">adidas LEP 2.0.<\/li>\n<li class=\"gl-vspace-bpall-small\">Color: Carbono \/ Beige Arena Met \/ Turbo.<\/li>\n<li class=\"gl-vspace-bpall-small\">Modelo: H01163.<\/li>\n<\/ul>\n<\/div>\n<\/div>\n<\/div>\n<\/div>\n<\/div>\n","protected":false},"excerpt":{"rendered":"<p>SOLAR GLIDE 5 SOLARGLIDE 5, UN TODO TERRENO PARA EL D\u00cdA A D\u00cdA CON UN EXCELENTE RETORNO DE ENERG\u00cdA. Ya<\/p>\n","protected":false},"featured_media":72073,"comment_status":"open","ping_status":"closed","template":"","meta":{"nf_dc_page":""},"product_brand":[],"product_cat":[73],"product_tag":[],"class_list":{"0":"post-72072","1":"product","2":"type-product","3":"status-publish","4":"has-post-thumbnail","6":"product_cat-femenino","8":"first","9":"instock","10":"shipping-taxable","11":"purchasable","12":"product-type-simple"},"_links":{"self":[{"href":"https:\/\/brandss.com.py\/index\/wp-json\/wp\/v2\/product\/72072","targetHints":{"allow":["GET"]}}],"collection":[{"href":"https:\/\/brandss.com.py\/index\/wp-json\/wp\/v2\/product"}],"about":[{"href":"https:\/\/brandss.com.py\/index\/wp-json\/wp\/v2\/types\/product"}],"replies":[{"embeddable":true,"href":"https:\/\/brandss.com.py\/index\/wp-json\/wp\/v2\/comments?post=72072"}],"version-history":[{"count":1,"href":"https:\/\/brandss.com.py\/index\/wp-json\/wp\/v2\/product\/72072\/revisions"}],"predecessor-version":[{"id":72082,"href":"https:\/\/brandss.com.py\/index\/wp-json\/wp\/v2\/product\/72072\/revisions\/72082"}],"wp:featuredmedia":[{"embeddable":true,"href":"https:\/\/brandss.com.py\/index\/wp-json\/wp\/v2\/media\/72073"}],"wp:attachment":[{"href":"https:\/\/brandss.com.py\/index\/wp-json\/wp\/v2\/media?parent=72072"}],"wp:term":[{"taxonomy":"product_brand","embeddable":true,"href":"https:\/\/brandss.com.py\/index\/wp-json\/wp\/v2\/product_brand?post=72072"},{"taxonomy":"product_cat","embeddable":true,"href":"https:\/\/brandss.com.py\/index\/wp-json\/wp\/v2\/product_cat?post=72072"},{"taxonomy":"product_tag","embeddable":true,"href":"https:\/\/brandss.com.py\/index\/wp-json\/wp\/v2\/product_tag?post=72072"}],"curies":[{"name":"wp","href":"https:\/\/api.w.org\/{rel}","templated":true}]}}