{"id":72083,"date":"2025-02-17T18:46:06","date_gmt":"2025-02-17T18:46:06","guid":{"rendered":"https:\/\/brandss.com.py\/index\/?post_type=product&#038;p=72083"},"modified":"2026-01-26T11:19:06","modified_gmt":"2026-01-26T11:19:06","slug":"calzado-deportivo-masculino-adidas-adistar","status":"publish","type":"product","link":"https:\/\/brandss.com.py\/index\/producto\/calzado-deportivo-masculino-adidas-adistar\/","title":{"rendered":"CALZADO DEPORTIVO MASCULINO ADIDAS ADISTAR"},"content":{"rendered":"<p><img loading=\"lazy\" decoding=\"async\" class=\"\" src=\"https:\/\/encrypted-tbn0.gstatic.com\/images?q=tbn:ANd9GcQIO9HvRepmQOPQJtDj-jBhpxzG3DGQDZuYWA&amp;s\" alt=\"Logotipo de Adidas PNG transparente - StickPNG\" width=\"127\" height=\"80\" \/><\/p>\n<h1>ADISTAR<\/h1>\n<h3 class=\"subtitle___9ljbp\"><span>PARA LA CARRERA LARGA Y LENTA.<\/span><\/h3>\n<p class=\"gl-vspace\"><span>El calzado para correr largas distancias inspirada en la idea del movimiento perpetuo y probada a lo largo de 4500 km. Adistar combina una plataforma de espuma REPETITOR suave y ligera con REPETITOR +, una espuma m\u00e1s firme, para crear una entresuela de doble densidad. La EVA reciclada al 15 % m\u00e1s firme en el tal\u00f3n protege y ayuda a estabilizar cualquier impacto del tal\u00f3n. La propulsi\u00f3n hacia adelante se ve mejorada por la geometr\u00eda rocker, as\u00ed como por un desnivel general de 6 mm entre el tal\u00f3n y la punta. Pisa con suavidad y avanza con un calzado dise\u00f1ado para llegar lejos.<\/span><\/p>\n<div class=\"highlight___3fa4r\">\n<div style=\"width: 720px;\" class=\"wp-video\"><video class=\"wp-video-shortcode\" id=\"video-72083-1\" width=\"720\" height=\"720\" preload=\"metadata\" controls=\"controls\"><source type=\"video\/webm\" src=\"https:\/\/brandss.com.py\/index\/wp-content\/uploads\/2025\/02\/Adistar_Shoes_Grey_H01165_video.webm?_=1\" \/><a href=\"https:\/\/brandss.com.py\/index\/wp-content\/uploads\/2025\/02\/Adistar_Shoes_Grey_H01165_video.webm\">https:\/\/brandss.com.py\/index\/wp-content\/uploads\/2025\/02\/Adistar_Shoes_Grey_H01165_video.webm<\/a><\/video><\/div>\n<div class=\"highlight-text___lgoJI\">\n<h3 class=\"highlight-text__headline___25B2G\"><span>Repetidor +<\/span><\/h3>\n<p><span>Espuma firme, elaborada con un 15% de material reciclado, que acuna y protege tu tal\u00f3n.<\/span><\/p>\n<\/div>\n<\/div>\n<div class=\"highlight___3fa4r\">\n<div class=\"highlight-text___lgoJI\">\n<h3 class=\"highlight-text__headline___25B2G\"><span>Geometr\u00eda del balanc\u00edn del antepi\u00e9<\/span><\/h3>\n<p><span>El balanc\u00edn genera un impulso hacia adelante que te impulsa al siguiente paso.<\/span><\/p>\n<\/div>\n<\/div>\n<div class=\"highlight___3fa4r\">\n<div class=\"highlight-text___lgoJI\">\n<h3 class=\"highlight-text__headline___25B2G\">Jaula de soporte superior interna<\/h3>\n<p>El sistema de jaula integrado asegura el mediopi\u00e9 para brindar soporte adicional.<\/p>\n<div class=\"accordion__header-text___2o9Im\">\n<h2 class=\"accordion-title___2sTgR\">Caracter\u00edsticas<\/h2>\n<\/div>\n<div class=\"accordion__header-icon___2FuRa\"><\/div>\n<div class=\"accordion__content___29x9h\">\n<div class=\"content-padding___2kVWQ\">\n<div class=\"features-section___1pumR\">\n<div class=\"item___1X-1_\"><img decoding=\"async\" class=\"img_with_fallback___2aHBu feature-icon___3S9eQ\" src=\"https:\/\/brand.assets.adidas.com\/image\/upload\/long_882a03b686.png\" alt=\"\" data-auto-id=\"image\" \/><\/p>\n<p class=\"feature-icon-text___3Owgv\">Larga distancia (0 &#8211; 42+ Km)<\/p>\n<p class=\"feature-icon-summary-small___31Rc0\">Larga distancia (0 &#8211; 42+ Km)<\/p>\n<\/div>\n<div class=\"item___1X-1_\"><img decoding=\"async\" class=\"img_with_fallback___2aHBu feature-icon___3S9eQ\" src=\"https:\/\/brand.assets.adidas.com\/image\/upload\/neutral_16b16d1637.png\" alt=\"\" data-auto-id=\"image\" \/><\/p>\n<p class=\"feature-icon-text___3Owgv\">Neutral<\/p>\n<p class=\"feature-icon-summary-small___31Rc0\">Neutral<\/p>\n<\/div>\n<div class=\"item___1X-1_\"><img decoding=\"async\" class=\"img_with_fallback___2aHBu feature-icon___3S9eQ\" src=\"https:\/\/brand.assets.adidas.com\/image\/upload\/regular_a176d1f2d6.png\" alt=\"\" data-auto-id=\"image\" \/><\/p>\n<p class=\"feature-icon-text___3Owgv\">Hombres de ancho regular<\/p>\n<p class=\"feature-icon-summary-small___31Rc0\">Ancho regular<\/p>\n<\/div>\n<div class=\"special-item___2Ohsx\">\n<h2 class=\"accordion-title___2sTgR\">Detalles<\/h2>\n<\/div>\n<div class=\"special-item___2Ohsx\">\n<p class=\"feature-icon-summary-small___31Rc0\">\n<\/div>\n<\/div>\n<div class=\"bullets___3bsSs\" data-auto-id=\"specifications-section\" data-testid=\"specifications-section\">\n<ul class=\"gl-list\">\n<li class=\"gl-vspace-bpall-small\">Ajuste regular.<\/li>\n<li class=\"gl-vspace-bpall-small\">Cierre de encaje.<\/li>\n<li class=\"gl-vspace-bpall-small\">Parte superior de malla dise\u00f1ada con estructura de soporte interna.<\/li>\n<li class=\"gl-vspace-bpall-small\">Sensaci\u00f3n de encierro.<\/li>\n<li class=\"gl-vspace-bpall-small\">Geometr\u00eda del balanc\u00edn.<\/li>\n<li class=\"gl-vspace-bpall-small\">Entresuela REPETITOR+.<\/li>\n<li class=\"gl-vspace-bpall-small\">Peso: 320 g.<\/li>\n<li class=\"gl-vspace-bpall-small\">Drop de la entresuela: 6 mm (tal\u00f3n: 37,5 mm \/ antepi\u00e9: 31,5 mm).<\/li>\n<li class=\"gl-vspace-bpall-small\">Suela de caucho Continental\u2122.<\/li>\n<li class=\"gl-vspace-bpall-small\">Color: Gris seis \/ Plata metalizado \/ Turbo.<\/li>\n<li class=\"gl-vspace-bpall-small\">Modelo: H01165.<\/li>\n<\/ul>\n<\/div>\n<\/div>\n<\/div>\n<\/div>\n<\/div>\n","protected":false},"excerpt":{"rendered":"<p>ADISTAR PARA LA CARRERA LARGA Y LENTA. El calzado para correr largas distancias inspirada en la idea del movimiento perpetuo<\/p>\n","protected":false},"featured_media":72085,"comment_status":"open","ping_status":"closed","template":"","meta":{"nf_dc_page":""},"product_brand":[],"product_cat":[76],"product_tag":[],"class_list":{"0":"post-72083","1":"product","2":"type-product","3":"status-publish","4":"has-post-thumbnail","6":"product_cat-masculino","8":"first","9":"outofstock","10":"shipping-taxable","11":"purchasable","12":"product-type-simple"},"_links":{"self":[{"href":"https:\/\/brandss.com.py\/index\/wp-json\/wp\/v2\/product\/72083","targetHints":{"allow":["GET"]}}],"collection":[{"href":"https:\/\/brandss.com.py\/index\/wp-json\/wp\/v2\/product"}],"about":[{"href":"https:\/\/brandss.com.py\/index\/wp-json\/wp\/v2\/types\/product"}],"replies":[{"embeddable":true,"href":"https:\/\/brandss.com.py\/index\/wp-json\/wp\/v2\/comments?post=72083"}],"version-history":[{"count":1,"href":"https:\/\/brandss.com.py\/index\/wp-json\/wp\/v2\/product\/72083\/revisions"}],"predecessor-version":[{"id":72096,"href":"https:\/\/brandss.com.py\/index\/wp-json\/wp\/v2\/product\/72083\/revisions\/72096"}],"wp:featuredmedia":[{"embeddable":true,"href":"https:\/\/brandss.com.py\/index\/wp-json\/wp\/v2\/media\/72085"}],"wp:attachment":[{"href":"https:\/\/brandss.com.py\/index\/wp-json\/wp\/v2\/media?parent=72083"}],"wp:term":[{"taxonomy":"product_brand","embeddable":true,"href":"https:\/\/brandss.com.py\/index\/wp-json\/wp\/v2\/product_brand?post=72083"},{"taxonomy":"product_cat","embeddable":true,"href":"https:\/\/brandss.com.py\/index\/wp-json\/wp\/v2\/product_cat?post=72083"},{"taxonomy":"product_tag","embeddable":true,"href":"https:\/\/brandss.com.py\/index\/wp-json\/wp\/v2\/product_tag?post=72083"}],"curies":[{"name":"wp","href":"https:\/\/api.w.org\/{rel}","templated":true}]}}